{"id":1806,"date":"2020-03-24T01:33:57","date_gmt":"2020-03-24T01:33:57","guid":{"rendered":"http:\/\/misladrillos.com\/ml\/?post_type=product&#038;p=1806"},"modified":"2020-03-25T13:48:15","modified_gmt":"2020-03-25T13:48:15","slug":"descubriendo-el-minimundo-de-los-bichos","status":"publish","type":"product","link":"https:\/\/misladrillos.com\/ml\/producto\/descubriendo-el-minimundo-de-los-bichos\/","title":{"rendered":"STEAM en casa: Descubriendo el minimundo de los bichos"},"content":{"rendered":"","protected":false},"excerpt":{"rendered":"<p><b>\u00c1reas<\/b><span style=\"font-weight: 400;\">: Conocimiento del ambiente natural, Matem\u00e1ticas<\/span><\/p>\n<p>&nbsp;<\/p>\n<p><b>Nivel<\/b><span style=\"font-weight: 400;\">: Inicial<\/span><\/p>\n<p>&nbsp;<\/p>\n<p><b>Duraci\u00f3n<\/b><span style=\"font-weight: 400;\">: a voluntad de los ni\u00f1os y ni\u00f1as, para que la propuesta guarde un car\u00e1cter l\u00fadico.<\/span><\/p>\n<p>&nbsp;<\/p>\n<p><span style=\"font-weight: 400;\">Las actividades que se desarrollan en esta propuesta est\u00e1n pensadas para ser desarrolladas en casa, y en el contexto de aislamiento social sugerido al que nos obliga la actual situaci\u00f3n epidemiol\u00f3gica desatada por el COVID-19. Como consecuencia de ello, se proponen actividades prioritariamente individuales y que requieran la m\u00ednima intervenci\u00f3n adulta para su realizaci\u00f3n.\u00a0<\/span><\/p>\n<p><span style=\"font-weight: 400;\">Mis Ladrillos, empresa argentina comprometida como desde hace 15 a\u00f1os con la mejora de la educaci\u00f3n, busca colaborar con el Estado Nacional acercando propuestas que permitan continuar educando a todos los ni\u00f1os y ni\u00f1as, en familia y trabajando desde casa.\u00a0<\/span><\/p>\n<p><span style=\"font-weight: 400;\">\u00a1Al COVID19 lo derrotamos entre todos!<\/span><\/p>\n<p>&nbsp;<\/p>\n<p><b>Prop\u00f3sitos<\/b><span style=\"font-weight: 400;\">:<\/span><\/p>\n<ul>\n<li style=\"font-weight: 400;\"><span style=\"font-weight: 400;\">Ofrecer oportunidades para que los ni\u00f1os y las ni\u00f1as comparen <\/span><b>caracter\u00edsticas\u00a0 <\/b><span style=\"font-weight: 400;\">externas de dos grupos animales\u00a0 (ar\u00e1cnidos e insectos) en funci\u00f3n de sus partes, cobertura, cantidad de miembros.<\/span><\/li>\n<li style=\"font-weight: 400;\"><span style=\"font-weight: 400;\">Brindar propuestas que permitan que ni\u00f1as y ni\u00f1os establezcan relaciones sencillas entre las <\/span><b>caracter\u00edsticas morfol\u00f3gicas <\/b><span style=\"font-weight: 400;\">de los animales y las <\/span><b>funciones <\/b><span style=\"font-weight: 400;\">que las mismas cumplen\u00a0<\/span><\/li>\n<\/ul>\n<p>&nbsp;<\/p>\n<p><b>Contenidos por \u00e1reas<\/b><span style=\"font-weight: 400;\">\u00a0<\/span><\/p>\n<p>&nbsp;<\/p>\n<table>\n<tbody>\n<tr>\n<td><b>Conocimiento del ambiente natural y social<\/b><\/td>\n<td><b>Pr\u00e1cticas del Lenguaje\u00a0<\/b><\/td>\n<td><b>Matem\u00e1ticas<\/b><\/td>\n<\/tr>\n<tr>\n<td>\n<ul>\n<li style=\"font-weight: 400;\"><span style=\"font-weight: 400;\">Exploraci\u00f3n de las formas de locomoci\u00f3n de ar\u00e1cnidos e insectos\u00a0<\/span><\/li>\n<li style=\"font-weight: 400;\"><span style=\"font-weight: 400;\">Uso de diferentes formatos de representaci\u00f3n y herramientas para la indagaci\u00f3n y el registro: c\u00e1mara de fotos\u00a0<\/span><\/li>\n<\/ul>\n<\/td>\n<td>\n<ul>\n<li style=\"font-weight: 400;\"><span style=\"font-weight: 400;\">Pr\u00e1cticas de escritura: escribir por s\u00ed mismos<\/span><\/li>\n<\/ul>\n<\/td>\n<td>\n<ul>\n<li style=\"font-weight: 400;\"><span style=\"font-weight: 400;\">El n\u00famero como memoria de cantidad<\/span><\/li>\n<\/ul>\n<\/td>\n<\/tr>\n<\/tbody>\n<\/table>\n<p>&nbsp;<\/p>\n<ol>\n<li style=\"font-weight: 400;\"><span style=\"font-weight: 400;\">Para introducir al tema, podemos observar con los ni\u00f1os algunos fragmentos de algunas de estas dos pel\u00edculas :<\/span>\n<ol>\n<li style=\"font-weight: 400;\"><span style=\"font-weight: 400;\">Bichos: una aventura en miniatura (Disney)<\/span><\/li>\n<li style=\"font-weight: 400;\"><span style=\"font-weight: 400;\">Antz: hormiguitaZ (DreamWorlds Animation)<\/span><\/li>\n<\/ol>\n<\/li>\n<\/ol>\n<p>&nbsp;<\/p>\n<p><span style=\"font-weight: 400;\">O bien visualizar algunos de estos dos videos:<\/span><\/p>\n<p>&nbsp;<\/p>\n<table>\n<tbody>\n<tr>\n<td><span style=\"font-weight: 400;\">Ara\u00f1as<\/span><\/td>\n<td><span style=\"font-weight: 400;\">Hormigas<\/span><\/td>\n<\/tr>\n<tr>\n<td><img decoding=\"async\" loading=\"lazy\" class=\"aligncenter size-medium wp-image-1809\" src=\"http:\/\/misladrillos.com\/ml\/wp-content\/uploads\/2020\/03\/Wolf_Spider_In_White_Background_600-400x400-300x300.jpg\" alt=\"\" width=\"300\" height=\"300\" srcset=\"https:\/\/misladrillos.com\/ml\/wp-content\/uploads\/2020\/03\/Wolf_Spider_In_White_Background_600-400x400-300x300.jpg 300w, https:\/\/misladrillos.com\/ml\/wp-content\/uploads\/2020\/03\/Wolf_Spider_In_White_Background_600-400x400-150x150.jpg 150w, https:\/\/misladrillos.com\/ml\/wp-content\/uploads\/2020\/03\/Wolf_Spider_In_White_Background_600-400x400.jpg 400w, https:\/\/misladrillos.com\/ml\/wp-content\/uploads\/2020\/03\/Wolf_Spider_In_White_Background_600-400x400-100x100.jpg 100w\" sizes=\"(max-width: 300px) 100vw, 300px\" \/><\/td>\n<td><img decoding=\"async\" loading=\"lazy\" class=\"aligncenter size-medium wp-image-1808\" src=\"http:\/\/misladrillos.com\/ml\/wp-content\/uploads\/2020\/03\/OAV9CN0-400x400-300x300.jpg\" alt=\"\" width=\"300\" height=\"300\" srcset=\"https:\/\/misladrillos.com\/ml\/wp-content\/uploads\/2020\/03\/OAV9CN0-400x400-300x300.jpg 300w, https:\/\/misladrillos.com\/ml\/wp-content\/uploads\/2020\/03\/OAV9CN0-400x400-150x150.jpg 150w, https:\/\/misladrillos.com\/ml\/wp-content\/uploads\/2020\/03\/OAV9CN0-400x400.jpg 400w, https:\/\/misladrillos.com\/ml\/wp-content\/uploads\/2020\/03\/OAV9CN0-400x400-100x100.jpg 100w\" sizes=\"(max-width: 300px) 100vw, 300px\" \/><\/td>\n<\/tr>\n<tr>\n<td><a href=\"https:\/\/www.youtube.com\/watch?v=XsOYpR8imnc\"><span style=\"font-weight: 400;\">https:\/\/www.youtube.com\/watch?v=XsOYpR8imnc<\/span><\/a><\/td>\n<td><a href=\"https:\/\/www.youtube.com\/watch?v=hHrgeAN9FjM\"><span style=\"font-weight: 400;\">https:\/\/www.youtube.com\/watch?v=hHrgeAN9FjM<\/span><\/a><\/td>\n<\/tr>\n<\/tbody>\n<\/table>\n<p>&nbsp;<\/p>\n<ol>\n<li style=\"font-weight: 400;\"><span style=\"font-weight: 400;\">\u00bfJugamos con rompecabezas on line? Hagamos click abajo:<\/span><\/li>\n<\/ol>\n<p>&nbsp;<\/p>\n<table>\n<tbody>\n<tr>\n<td><img decoding=\"async\" loading=\"lazy\" class=\"aligncenter size-medium wp-image-1810\" src=\"http:\/\/misladrillos.com\/ml\/wp-content\/uploads\/2020\/03\/puzz-hormi-300x225.png\" alt=\"\" width=\"300\" height=\"225\" srcset=\"https:\/\/misladrillos.com\/ml\/wp-content\/uploads\/2020\/03\/puzz-hormi-300x225.png 300w, https:\/\/misladrillos.com\/ml\/wp-content\/uploads\/2020\/03\/puzz-hormi.png 400w\" sizes=\"(max-width: 300px) 100vw, 300px\" \/><\/td>\n<td><img decoding=\"async\" loading=\"lazy\" class=\"aligncenter size-medium wp-image-1811\" src=\"http:\/\/misladrillos.com\/ml\/wp-content\/uploads\/2020\/03\/puzz-ara\u00f1a-300x225.png\" alt=\"\" width=\"300\" height=\"225\" srcset=\"https:\/\/misladrillos.com\/ml\/wp-content\/uploads\/2020\/03\/puzz-ara\u00f1a-300x225.png 300w, https:\/\/misladrillos.com\/ml\/wp-content\/uploads\/2020\/03\/puzz-ara\u00f1a.png 400w\" sizes=\"(max-width: 300px) 100vw, 300px\" \/><\/td>\n<\/tr>\n<tr>\n<td><a href=\"http:\/\/www.primeraescuela.com\/rompecabezas-en-linea\/hormiga.htm\"><span style=\"font-weight: 400;\">http:\/\/www.primeraescuela.com\/rompecabezas-en-linea\/hormiga.htm<\/span><\/a><\/td>\n<td><a href=\"http:\/\/www.primeraescuela.com\/rompecabezas-en-linea\/arana.htm\"><span style=\"font-weight: 400;\">http:\/\/www.primeraescuela.com\/rompecabezas-en-linea\/arana.htm<\/span><\/a><\/td>\n<\/tr>\n<\/tbody>\n<\/table>\n<p>&nbsp;<\/p>\n<ol>\n<li style=\"font-weight: 400;\"><span style=\"font-weight: 400;\">Ahora observ\u00e1 estas im\u00e1genes, cont\u00e1 la cantidad de patas de la hormiga y de la ara\u00f1a y anotalos en un costado. Tambi\u00e9n pod\u00e9s escribir los nombres de cada \u201cbicho\u201d<\/span><\/li>\n<\/ol>\n<p>&nbsp;<\/p>\n<table>\n<tbody>\n<tr>\n<td><img decoding=\"async\" loading=\"lazy\" class=\"aligncenter wp-image-1813\" src=\"http:\/\/misladrillos.com\/ml\/wp-content\/uploads\/2020\/03\/hormiga-dibujo-300x300.jpg\" alt=\"\" width=\"400\" height=\"400\" \/><\/td>\n<\/tr>\n<tr>\n<td><img decoding=\"async\" loading=\"lazy\" class=\"aligncenter wp-image-1812\" src=\"http:\/\/misladrillos.com\/ml\/wp-content\/uploads\/2020\/03\/arania-dibujo-300x300.jpg\" alt=\"\" width=\"400\" height=\"400\" \/><\/td>\n<\/tr>\n<\/tbody>\n<\/table>\n<ol>\n<li style=\"font-weight: 400;\"><i><span style=\"font-weight: 400;\">\u00bfCu\u00e1les son las diferencias corporales entre las hormigas y las ara\u00f1as? \u00bfSe animan a construir una ara\u00f1a y una hormiga con los bloques Mis Ladrillos?<\/span><\/i><span style=\"font-weight: 400;\"> Una vez que las termines, vamos a producir unas fotos que permitan mostrar claramente sus diferentes pa<\/span><span style=\"font-weight: 400;\">rtes externas<\/span><\/li>\n<\/ol>\n<p><img decoding=\"async\" loading=\"lazy\" class=\"alignleft wp-image-1815 size-medium\" src=\"http:\/\/misladrillos.com\/ml\/wp-content\/uploads\/2020\/03\/hormiga-misla-169x300.jpg\" alt=\"\" width=\"169\" height=\"300\" srcset=\"https:\/\/misladrillos.com\/ml\/wp-content\/uploads\/2020\/03\/hormiga-misla-169x300.jpg 169w, https:\/\/misladrillos.com\/ml\/wp-content\/uploads\/2020\/03\/hormiga-misla.jpg 400w\" sizes=\"(max-width: 169px) 100vw, 169px\" \/><img decoding=\"async\" loading=\"lazy\" class=\"alignleft wp-image-1814 size-medium\" src=\"http:\/\/misladrillos.com\/ml\/wp-content\/uploads\/2020\/03\/arania-misla-169x300.jpg\" alt=\"\" width=\"169\" height=\"300\" srcset=\"https:\/\/misladrillos.com\/ml\/wp-content\/uploads\/2020\/03\/arania-misla-169x300.jpg 169w, https:\/\/misladrillos.com\/ml\/wp-content\/uploads\/2020\/03\/arania-misla.jpg 400w\" sizes=\"(max-width: 169px) 100vw, 169px\" \/><\/p>\n<p>&nbsp;<\/p>\n<p>&nbsp;<\/p>\n<p>&nbsp;<\/p>\n<p>&nbsp;<\/p>\n<p>&nbsp;<\/p>\n<p>&nbsp;<\/p>\n","protected":false},"featured_media":1807,"comment_status":"open","ping_status":"closed","template":"","meta":{"_et_pb_use_builder":"","_et_pb_old_content":"","_joinchat":[]},"_links":{"self":[{"href":"https:\/\/misladrillos.com\/ml\/wp-json\/wp\/v2\/product\/1806"}],"collection":[{"href":"https:\/\/misladrillos.com\/ml\/wp-json\/wp\/v2\/product"}],"about":[{"href":"https:\/\/misladrillos.com\/ml\/wp-json\/wp\/v2\/types\/product"}],"replies":[{"embeddable":true,"href":"https:\/\/misladrillos.com\/ml\/wp-json\/wp\/v2\/comments?post=1806"}],"wp:featuredmedia":[{"embeddable":true,"href":"https:\/\/misladrillos.com\/ml\/wp-json\/wp\/v2\/media\/1807"}],"wp:attachment":[{"href":"https:\/\/misladrillos.com\/ml\/wp-json\/wp\/v2\/media?parent=1806"}],"curies":[{"name":"wp","href":"https:\/\/api.w.org\/{rel}","templated":true}]}}