{"id":1753,"date":"2020-03-18T03:14:41","date_gmt":"2020-03-18T03:14:41","guid":{"rendered":"http:\/\/misladrillos.com\/ml\/producto\/import-placeholder-for-1522\/"},"modified":"2025-03-27T12:45:14","modified_gmt":"2025-03-27T15:45:14","slug":"kinderbot-animales-marinos","status":"publish","type":"product","link":"https:\/\/misladrillos.com\/ml\/producto\/kinderbot-animales-marinos\/","title":{"rendered":"KinderBot: Animales marinos"},"content":{"rendered":"","protected":false},"excerpt":{"rendered":"<h1 class=\"entry-title post-title responsive\"><span style=\"color: #000000;\"><b style=\"color: #000000;\">Un oasis en el desierto del oc\u00e9ano:\u00a0 la vida animal del arrecife marino<\/b><\/span><\/h1>\n<p>Durante su viaje en el <a href=\"https:\/\/es.wikipedia.org\/wiki\/HMS_Beagle\">Beagle<\/a>, Darwin describi\u00f3 los arrecifes de coral tropicales, como <a href=\"https:\/\/es.wikipedia.org\/wiki\/Oasis\"><em>oasis<\/em><\/a><em> en el<\/em> <a href=\"https:\/\/es.wikipedia.org\/wiki\/Desierto\"><em>desierto<\/em><\/a><em> del oc\u00e9ano<\/em>. Esta met\u00e1fora ilustra el curioso hecho de que los arrecifes de coral, que est\u00e1n entre los ecosistemas m\u00e1s ricos y <a href=\"https:\/\/es.wikipedia.org\/wiki\/Biodiversidad\">biodiversos<\/a> de la tierra, florecen\u00a0 rodeados por aguas oce\u00e1nicas tropicales que apenas proporcionan nutrientes.<\/p>\n<p>En efecto, un tercio de todas las especies de peces marinos viven parte de sus vidas en los arrecifes de coral, conviviendo con decenas de miles de especies diferentes en formas, colores, tama\u00f1os y costumbres.<\/p>\n<p>Por otra parte, el lamentable cambio clim\u00e1tico y la acci\u00f3n del hombre, est\u00e1n afectando los ecosistemas de los arrecifes, produciendo fen\u00f3menos como el blanqueamiento de los mismos,\u00a0 la extinci\u00f3n de varias de las especies que los habitan y la acidificaci\u00f3n de los oc\u00e9anos.<\/p>\n<p><span style=\"color: #000000;\">Por todos estos motivos, consideramos que el arrecife marino constituye un ambiente propicio para generar ricas propuestas de ense\u00f1anza que articulen procedimientos propios de la programaci\u00f3n y rob\u00f3tica en articulaci\u00f3n con contenidos propios del \u00e1rea del ambiente natural.<\/span><\/p>\n<p>Las actividades presentes en este itinerario se organizan en tres ejes conceptuales interrelacionados en torno a la vida animal en un arrecife de coral, que se presentan en orden de complejidad creciente de las actividades que los integran:<\/p>\n<ol>\n<li>El arrecife y sus habitantes<\/li>\n<li>Los animales del arrecife: sus formas y colores<\/li>\n<li>Costumbres y comportamientos de los animales del arrecife<\/li>\n<\/ol>\n<p>Con una fuerte impronta de la estrategia de resoluci\u00f3n de problemas, que se traduce en los desaf\u00edos que los ni\u00f1os deben resolver, las actividades de cada eje involucran la puesta\u00a0 en juego de conocimientos previos de los alumnos, la manipulaci\u00f3n de materiales concretos, la interacci\u00f3n con entornos digitales, la confrontaci\u00f3n de ideas, el trabajo en grupo\u00a0 y la conceptualizaci\u00f3n de lo aprendido.<\/p>\n<h2><span style=\"color: #000000;\"><b>Eje 1: El arrecife de coral y sus habitantes<\/b><\/span><\/h2>\n<p>Las actividades que comprenden este eje est\u00e1n organizadas como una indagaci\u00f3n para dar respuesta a las siguientes preguntas gu\u00eda<br \/>\n<em>\u00bfQu\u00e9 son los arrecifes de coral? \u00bfD\u00f3nde est\u00e1n ubicados? \u00bfQui\u00e9nes los habitan?<\/em><\/p>\n<p><strong>Actividad 1: Descubriendo los arrecifes<\/strong><\/p>\n<p>En un primer momento, desplegamos la lona en el suelo y nos sentamos con los ni\u00f1os alrededor de ella.\u00a0 A trav\u00e9s de algunas preguntas, entablamos un intercambio con el fin de ayudar a los ni\u00f1os a enfocar su observaci\u00f3n para descubrir los rasgos m\u00e1s importantes del arrecife de coral.<\/p>\n<p><img decoding=\"async\" loading=\"lazy\" class=\"aligncenter wp-image-1524 \" src=\"http:\/\/probots.pedagogiadigital.com\/wp-content\/uploads\/2019\/12\/lona_marinos.jpg\" alt=\"\" width=\"460\" height=\"368\" \/><\/p>\n<p>Algunos interrogantes organizadores del intercambio podr\u00edan ser los siguientes:<\/p>\n<p><em>\u00bfDe qu\u00e9 se trata esta lona? \u00bfQu\u00e9 ambiente nos est\u00e1 mostrando? \u00bfAlguna vez vieron algo similar en la TV o en el cine? \u00bfLes recuerda alg\u00fan lugar que hayan visitado?\u00bfQu\u00e9 funci\u00f3n cumplir\u00e1n en beneficio de nuestro planeta? \u00bfQu\u00e9 elementos aparecen? \u00bfQu\u00e9 animales aparecen? \u00bfQu\u00e9 vegetales? \u00bfQu\u00e9 otros objetos reconocen?<\/em><\/p>\n<p>En este momento, el intercambio debe permitir relevar las ideas que los ni\u00f1os pueden construir a trav\u00e9s de la observaci\u00f3n de los objetos presentes en la lona, estableciendo relaciones entre ellos y con ideas previas y elementos ya conocidos por los ni\u00f1os. Tambi\u00e9n se espera que la docente logre reponer algo de informaci\u00f3n novedosa para mejorar las comprensiones infantiles, siempre a partir de los elementos observados. Algunas ideas que podr\u00edan establecerse como fruto de este intercambio podr\u00edan ser las siguientes:<\/p>\n<p>-La lona se trata de una clase particular de fondo marino. En los mares y oc\u00e9anos, hay ciertos sectores muy ricos por la cantidad y variedad de especies que viven en ellos. Esos espacios se llaman <span style=\"color: #0000ff;\">arrecifes de coral.<\/span><\/p>\n<p>-Los arrecifes se desarrollan en se desarrollan en aguas c\u00e1lidas, claras, tranquilas y poco profundas. Se encuentran en zonas de calor llamadas \u201ctropicales\u201d, en donde la temperatura oscila entre 20 y 28 grados.<\/p>\n<p>-Algunos pa\u00edses que cuentan con arrecifes en sus oc\u00e9anos son Brasil, Cuba, M\u00e9xico, Estados Unidos.<\/p>\n<p>-Los animales que pueden reconocerse en la lona son tortugas de mar, tiburones, erizos de mar, corales, langosta, mantarraya, medusas, delf\u00edn, pulpo, estrella de mar, serpiente de mar, peces.<\/p>\n<p>-Los vegetales del arrecife son, principalmente, algas. Ellas le dan ese color particular al arrecife y son las encargadas de prevenir su contaminaci\u00f3n, purific\u00e1ndolo.<\/p>\n<p>-Es muy importante cuidar de los arrecifes porque ellos evitan la \u201cerosi\u00f3n\u201d de la playas, protegi\u00e9ndolas de los oleajes fuertes durante tiempo de tormentas y huracanes.<\/p>\n<p><img decoding=\"async\" loading=\"lazy\" class=\" wp-image-1526 aligncenter\" src=\"http:\/\/probots.pedagogiadigital.com\/wp-content\/uploads\/2019\/12\/coral-300x170.jpg\" alt=\"\" width=\"442\" height=\"251\" \/><\/p>\n<p><strong><br \/>\nConformando los equipos<\/strong><\/p>\n<p>Los gupos de trabajo resultan estrategias fruct\u00edferas para fomentar la indagaci\u00f3n, la ayuda mutua y el aprendizaje entre pares. Adem\u00e1s, cuando los ni\u00f1os trabajan juntos en pos de una tarea que es com\u00fan, ponen en juego habilidades sociales, ling\u00fc\u00edsticas y cognitivas que no podr\u00edan darse en propuestas de corte individual. Es por esto que el itinerario de actividades comprendido en esta gu\u00eda, propone ser desarrollado a trav\u00e9s de equipos de trabajo.<\/p>\n<p>&nbsp;<\/p>\n<p><strong>Actividad 1: Los peces del arrecife<\/strong><\/p>\n<p>Los arrecifes son uno de los ecosistemas m\u00e1s ricos en cuanto a cantidad y diversidad de especies. En esta actividad, buscaremos ahondar el conocimiento de un particular grupo de vida animal: los peces. La propuesta es que los ni\u00f1os logren asombrarse con las caracter\u00edsticas externas de los peces (forma, color) a trav\u00e9s de una de las actividades de las que m\u00e1s disfrutan: el juego de construcci\u00f3n.<\/p>\n<p>Vamos a proponer a los ni\u00f1os que, por equipos, adapten los Kinderbot tratando de construir algunas de las especies de peces que suelen habitar en los arrecifes de coral, utilizando los bloques del kit constructivo.<\/p>\n<p>Teniendo en cuenta los colores de base del set Kinderbot, sugerimos algunos ejemplos posibles:<\/p>\n<p><img decoding=\"async\" loading=\"lazy\" class=\"aligncenter wp-image-1546 \" src=\"http:\/\/probots.pedagogiadigital.com\/wp-content\/uploads\/2019\/12\/peces-varios.jpg\" alt=\"\" width=\"715\" height=\"403\" \/><\/p>\n<p><strong>Actividad 2: De paseo por el arrecife <\/strong><\/p>\n<p><em>Actividad preparatoria<\/em>:<\/p>\n<p>La docente utiliza los bloques del kit de construcci\u00f3n para trazar recorridos c\u00edclicos por diversos sectores de la lona. Hablamos de recorrido c\u00edclico porque la idea es que el punto de partida y llegada es el mismo (Ser\u00eda una suerte de \u201cvuelta manzana\u201d). Los recorridos deben tomar distintos puntos de inicio para cada equipo, a fin de lograr que los ni\u00f1os se distribuyan en torno a la lona para trabajar y no se perturben entre s\u00ed.<\/p>\n<p>Para los puntos de inicio, es posible considerar las referencias gr\u00e1ficas que contempla la lona, como ser:<\/p>\n<p>-ancla sumergida<br \/>\n-buzo<br \/>\n-cueva<br \/>\n-esponjas<br \/>\n-an\u00e9mona<br \/>\n-almeja gigante<\/p>\n<p><em>Desarrollo<\/em>:<\/p>\n<p>Luego, se reparte en los equipos de ni\u00f1os, una <a href=\"http:\/\/misladrillos.com\/descargas\/ficha_programacion_PROBOTS.pdf\" target=\"_blank\" rel=\"noopener noreferrer\">ficha de programaci\u00f3n<\/a>,\u00a0 con algunos recorridos ya pautados.<\/p>\n<p style=\"text-align: center;\"><a href=\"http:\/\/misladrillos.com\/descargas\/ficha_programacion_PROBOTS.pdf\" target=\"_blank\" rel=\"noopener noreferrer\"><img decoding=\"async\" loading=\"lazy\" class=\"aligncenter wp-image-1550\" src=\"http:\/\/probots.pedagogiadigital.com\/wp-content\/uploads\/2019\/12\/ficha-de-programacion-PROBOTS-212x300.jpg\" alt=\"\" width=\"121\" height=\"171\" \/>Descargar ficha de programaci\u00f3n<\/a><\/p>\n<p>Posteriormente vamos a invitar a los ni\u00f1os a descubrir la secuencia apropiada para que los peces logren recorrer sin errores el camino establecido por la docente.<\/p>\n<p><u>Variante de menor complejidad:<\/u><\/p>\n<p>Con el mismo disparador, se pueden establecer desaf\u00edos lineales, es decir, desaf\u00edos en donde el punto de partida y destino sea diferente y s\u00f3lo implique un recorrido en l\u00ednea recta o con un \u00fanico giro. En la lona, podr\u00eda ser por ejemplo,\u00a0 puntos de destino m\u00e1s acotados y lineales (sin curvas\/giros) , como ser descubrir la secuencia para llevar los peces desde la an\u00e9mona hasta la cueva, o hasta la superficie del mar, etc.<\/p>\n<p>&nbsp;<\/p>\n<p><strong>Actividad 3: Construimos eco submarinos<\/strong><\/p>\n<p>La actividad que los seres humanos realizamos, tales como la pesca incontrolada, el uso de anclas y motores o el arrojamiento de residuos en las playas y mares, entre otros factores, est\u00e1n alterando el funcionamiento y la vida en los arrecifes de coral. Con esta actividad, buscamos que los ni\u00f1os tomen conciencia del efecto que la actividad humana tiene sobre estos ricos escenarios, y que asuman un rol activo de cuidadores del medio ambiente.<\/p>\n<p>Para saber m\u00e1s: El impacto de las actividades humanas en los arrecifes de coral. Leer art\u00edculo AQUI:<\/p>\n<p><a href=\"https:\/\/seagrantpr.org\/arrecifes\/capt6.html\">https:\/\/seagrantpr.org\/arrecifes\/capt6.html<\/a><\/p>\n<p><u>Actividad preparatoria:<\/u> La docente distribuye algunas de los bloques constructivos que son parte del kit, en lugares estrat\u00e9gicos de la lona. Mientras tanto, los ni\u00f1os liberan a sus kinderbot de su forma \u201cpez\u201d, dejando libre su superficie, a fin de transformarlos en \u201c<em>eco recolectores\u201d<\/em><\/p>\n<p><u>Inicio<\/u>: Les proponemos a los ni\u00f1os a que se transformen en eco limpiadores del arrecife. Como este rol, tienen el desaf\u00edo de crear una secuencia para \u201climpiar\u201d el arrecife de los residuos que dej\u00f3 all\u00ed la actividad humana (bloques).<\/p>\n<p><u>Desarrollo<\/u>\u00a0: cada equipo de ni\u00f1os debe dise\u00f1ar una secuencia que permita recoger la mayor cantidad de bloques posible a cada eco recolector. Si los equipos lo necesitaran, tienen la posibilidad de ir a la lona y probar fragmentos de la secuencia.. Una vez que todos los equipos realizaron la programaci\u00f3n, se pasa a probar cada una de ellas en la lona. A medida que el eco submarino llega a un bloque, el equipo puede recoger el bloque y cargarlo en el \u201csubmarino\u201d.<\/p>\n<p><u>Cierre<\/u>: Se realiza el recuento de bloques en cada submarino. Gana el equipo que logr\u00f3 recoger la mayor cantidad de bloques.<\/p>\n<h2><strong>Eje 2: Los animales del arrecife: sus formas y colores<\/strong><\/h2>\n<p>&nbsp;<\/p>\n<p>En este eje retomaremos ahora la caracterizaci\u00f3n de la vida animal que comenzamos a transitar en la actividad 2 del eje 1, abordando las caracter\u00edsticas f\u00edsicas externas de otros animales del arrecife, su relaci\u00f3n con el medio en el que viven y con las formas de alimentaci\u00f3n que le son propias.<\/p>\n<p>Como inicio de este segundo eje, solicitamos a los ni\u00f1os que traigan de casa, im\u00e1genes e\u00a0 informaci\u00f3n\u00a0 sobre las costumbres de algunos de los animales identificados en la lona. Cada equipo de ni\u00f1os abordar\u00e1 la indagaci\u00f3n de un animal de entre los siguientes:<\/p>\n<p>Tibur\u00f3n (robot azul)<br \/>\nTortuga de mar (robot verde)<br \/>\nMantarraya (robot negro)<br \/>\nPulpo (robot amarillo)<br \/>\nLangosta de mar (robot rojo)<br \/>\nDelf\u00edn (robot naranja)<\/p>\n<p>La b\u00fasqueda de informaci\u00f3n en los hogares estar\u00e1 orientada por las siguientes preguntas:<\/p>\n<p><em>\u00bfC\u00f3mo es este animal? \u00bfD\u00f3nde habita? \u00bfQu\u00e9 come? \u00bfC\u00f3mo es su comportamiento? \u00bfQu\u00e9 relaci\u00f3n tiene su cuerpo con el lugar en el que vive? \u00bfY con sus costumbres?<\/em><\/p>\n<p>&nbsp;<\/p>\n<p><strong>Actividad 1: Creamos una galer\u00eda de animales marinos<\/strong><strong>\u00a0<\/strong><\/p>\n<p><u>Inicio<\/u>:<br \/>\nDistribuimos a los equipos de ni\u00f1os en mesas, para que intercambien las im\u00e1genes que trajeron. Mientras lo hacen, vamos recorriendo los grupos a fin de mediar el intercambio orientando la observaci\u00f3n de las im\u00e1genes a la identificaci\u00f3n de las caracter\u00edsticas f\u00edsicas m\u00e1s destacadas, como ser:<\/p>\n<table width=\"612\">\n<tbody>\n<tr>\n<td width=\"180\">Tibur\u00f3n<\/td>\n<td width=\"432\">Cuerpo estilizado, aleta dorsal, 8 pares de dientes<\/td>\n<\/tr>\n<tr>\n<td width=\"180\">Tortuga de mar<\/td>\n<td width=\"432\">Caparaz\u00f3n, 4 patas\/aletas, boca en forma de pico<\/td>\n<\/tr>\n<tr>\n<td width=\"180\">Mantarraya<\/td>\n<td width=\"432\">Boca en forma de embudo, cola en forma de l\u00e1tigo, cuerpo \u201ctriangular\u201d<\/td>\n<\/tr>\n<tr>\n<td width=\"180\">Pulpo<\/td>\n<td width=\"432\">Cabeza grande y 8 tent\u00e1culos<\/td>\n<\/tr>\n<tr>\n<td width=\"180\">Langosta de mar<\/td>\n<td width=\"432\">Cuerpo r\u00edgido, pinzas, 2 pares de antenas, 5 pares de patas<\/td>\n<\/tr>\n<tr>\n<td width=\"180\">Delf\u00edn<\/td>\n<td width=\"432\">Cuerpo sedoso y alargado, trompa, tres aletas<\/td>\n<\/tr>\n<\/tbody>\n<\/table>\n<p>En este momento, tambi\u00e9n es importante que vayamos estableciendo relaciones entre estas caracter\u00edsticas y las funciones que cumplen, como ser:<\/p>\n<ul>\n<li>Los tent\u00e1culos del pulpo tienen ventosas que le sirven de sost\u00e9n y para agarrar objetos.<\/li>\n<li>Las patas de la langosta marina le sirven para desplazarse por el fondo del mar<\/li>\n<li>Las tortugas son lentas en la tierra, pero gracias a sus patas con formas de aleta pueden desplazarse muy r\u00e1pidamente en el mar<\/li>\n<li>Los tiburones son animales carn\u00edvoros, y es por esto que tienen gran cantidad de dientes<\/li>\n<li>La cola de la matarraya sirve de defensa y su boca en forma de embudo le sirve para obtener gran cantidad de alimento de una vez<\/li>\n<li>El delf\u00edn tiene una aleta trasera que es como el tim\u00f3n de un barco, pues le ayuda a mantener la direcci\u00f3n del movimiento.<\/li>\n<\/ul>\n<p><u>Desarrollo<\/u>:<\/p>\n<ul>\n<li>Cada equipo utiliza los bloques y las fichas magn\u00e9ticas (laterales del kinderbot) para crear su propia versi\u00f3n del animal que est\u00e1 investigando. Se van tomando fotograf\u00edas del proceso y de la versi\u00f3n final.<\/li>\n<\/ul>\n<p><u>Cierre<\/u>:<br \/>\nCada equipo muestra su animal al grupo total, y comparte alg\u00fan rasgo que les llame la atenci\u00f3n sobre el animal que est\u00e1 \u201cinvestigando\u201d. Entre todos, deciden qu\u00e9 fotograf\u00edas compartir en la cartelera del jard\u00edn, en el cuaderno de comunicados o en el blog de la sala.<\/p>\n<p>El resto de la informaci\u00f3n que trajeron de la casa, puede ser utilizada para alimentar la cartelera del proyecto institucional.<\/p>\n<p>&nbsp;<\/p>\n<p><strong>Actividad 2: El juego del mar<\/strong><strong>\u00a0<\/strong><\/p>\n<p><u>Recursos necesarios:<\/u><\/p>\n<ul>\n<li>un dado gigante con constelaci\u00f3n (puntos o n\u00fameros a elecci\u00f3n del docente)<\/li>\n<li>la lona \u201cArrecife de coral\u201d (<a href=\"http:\/\/misladrillos.com\/descargas\/lona_arrecife_coral.pdf\"><em><span style=\"color: #0000ff;\"><strong>descargar lona<\/strong><\/span><\/em><\/a>) -La lona se encuentra en tama\u00f1o real. Se recomienda, para una mayor vida \u00fatil, imprimirla sobre material vin\u00edlico.<\/li>\n<li>6 Kinderbot adaptados en modo animales marinos<\/li>\n<\/ul>\n<p>Ubicamos los Kinderbot a lo largo de la \u00faltima columna derecha de la lona.<\/p>\n<p><img decoding=\"async\" loading=\"lazy\" class=\"wp-image-1551 aligncenter\" src=\"http:\/\/probots.pedagogiadigital.com\/wp-content\/uploads\/2019\/12\/lona-ult-column-300x289.jpg\" alt=\"\" width=\"225\" height=\"217\" \/><\/p>\n<p>Cada equipo ubica a su animal teniendo en cuenta sus caracter\u00edsticas de vida (fondo o superficie), de frente a la lona.<\/p>\n<p>El desaf\u00edo consiste en avanzar una cierta cantidad de pasos, por turnos, seg\u00fan lo indique el dado, yendo desde el sector m\u00e1s cercano a la costa hacia el sector de mar profundo.<\/p>\n<p>Por turnos, cada equipo tira el dado y avanza la cantidad de pasos que indica el mismo, atendiendo a los siguientes premios y penalizaciones:<\/p>\n<ul>\n<li>Si cae en alg\u00fan sector de una medusa, retrocede dos lugares<\/li>\n<li>Si cae en un erizo, pierde el turno<\/li>\n<li>Si cae en su alimento, avanza dos lugares<\/li>\n<\/ul>\n<p>Para orientar en la adquisici\u00f3n de las recompensas, podemos tener en cuenta la siguiente informaci\u00f3n:<\/p>\n<table width=\"612\">\n<tbody>\n<tr>\n<td width=\"180\"><em><strong>Animal<\/strong><\/em><\/td>\n<td width=\"432\"><em><strong>Se alimenta de\u2026<\/strong><\/em><\/td>\n<\/tr>\n<tr>\n<td width=\"180\">Tibur\u00f3n<\/td>\n<td width=\"432\">focas delfines peces<\/td>\n<\/tr>\n<tr>\n<td width=\"180\">\u00a0Tortuga de mar<\/td>\n<td width=\"432\">medusas y esponjas bajo el agua (carn\u00edvoras) o algas (herb\u00edvoras)<\/td>\n<\/tr>\n<tr>\n<td width=\"180\">\u00a0Mantarraya<\/td>\n<td width=\"432\">zooplancton<\/td>\n<\/tr>\n<tr>\n<td width=\"180\">\u00a0Pulpo<\/td>\n<td width=\"432\">peces crust\u00e1ceos algas<\/td>\n<\/tr>\n<tr>\n<td width=\"180\">\u00a0Langosta de mar<\/td>\n<td width=\"432\">peces peque\u00f1os y algas<\/td>\n<\/tr>\n<tr>\n<td width=\"180\">\u00a0Delf\u00edn<\/td>\n<td width=\"432\">peces moluscos<\/td>\n<\/tr>\n<\/tbody>\n<\/table>\n<p>Gana el equipo cuyo Kinderbot llega primero al extremo opuesto.<\/p>\n<p><strong>Actividad 3: <\/strong><\/p>\n<p>Vamos a establecer desaf\u00edos diferentes para cada equipo, atendiendo a ciertos rasgos comportamentales propios del animal que le toc\u00f3 investigar. El punto de inicio va a ser determinado por la maestra, pero la idea general es que el recorrido que tengan que desarrollar, en este punto final del itinerario, sea largo y con al menos dos giros.<\/p>\n<p>Para establecer las secuencias de programaci\u00f3n, los ni\u00f1os pueden auxiliarse con las cartas de programaci\u00f3n.<br \/>\nComo alternativa se pueden recortar im\u00e1genes de cada uno de los animales representados por los kinder, de manera de ubicarlas en las cartas magn\u00e9ticas.<\/p>\n<p>EQUIPO DELF\u00cdN<\/p>\n<p>La docente ubica el kinder en modo delf\u00edn en alg\u00fan punto de referencia, como por ejemplo la cueva de coral- Tambi\u00e9n puede utilizar las im\u00e1genes que trajeron los chicos para crear una suerte de \u201ccardumen\u201d de delfines, en el extremo opuesto de la lona.<\/p>\n<p>Desaf\u00edo: Los delfines son muy activos y sociales\u2026 tanto que hasta pueden dormir nadando, siempre y cuando un compa\u00f1ero lo acompa\u00f1e. Este delf\u00edn est\u00e1 lejos de su cardumen\u2026 \u00a1y sus compa\u00f1eros lo est\u00e1n llamando! Busquen el camino de regreso a su casa.<\/p>\n<p>EQUIPO LANGOSTA<\/p>\n<p>La docente ubica el kinder en modo langosta en alg\u00fan punto de referencia, como por ejemplo la almeja gigante.<\/p>\n<p>Desaf\u00edo: La langosta sali\u00f3 a comer y perdi\u00f3 el camino de regreso. Se est\u00e1 haciendo de d\u00eda, \u00a1\u00a1est\u00e1 apurada por regresar!! Tracen la secuencia para que pueda volver a su casa\u2026 caminando hacia atr\u00e1s. Recuerden que las langostas nadan hacia atr\u00e1s muy r\u00e1pidamente\u2026<\/p>\n<p>EQUIPO TIBUR\u00d3N<\/p>\n<p>La docente ubica el kinder en modo tibur\u00f3n en alg\u00fan punto de referencia ubicado en el fondo del mar (an\u00e9mona)<\/p>\n<p>Desaf\u00edo: Los tiburones no son naturalmente agresivos con los seres humanos, pero s\u00ed son muy curiosos. Tracemos la secuencia que logre llevar el tibur\u00f3n hacia donde est\u00e1 el buzo haciendo snorkel.<\/p>\n<p>EQUIPO TORTUGA<\/p>\n<p>La docente ubica el kinder en modo tortuga en alg\u00fan punto de referencia ubicado en el fondo del mar, como ser en el grupo de esponjas.<\/p>\n<p>Desaf\u00edo: La tortuga puede aguantar hasta diez minutos bajo el agua, sin necesidad de tener que respirar. Pero\u2026 a esta tortuga ya se le est\u00e1 terminando el tiempo. \u00bfLa ayudamos a llegar hasta la superficie?<\/p>\n<p>EQUIPO MANTARRAYA<\/p>\n<p>La docente ubica el kinder en modo tortuga en alg\u00fan punto de referencia ubicado en la superficie (buzo)<\/p>\n<p>Desaf\u00edo: Las mantarrayas son muy grandes y tambi\u00e9n, solitarias. Pero en ocasiones, la mantarraya gigante acude a \u201cestaciones de limpieza\u201d en arrecifes de coral y se mantiene inm\u00f3vil mientras peces limpiadores consumen su piel floja.\u00a0 Lleven la mantarraya hasta el cardumen de peces para que puedan limpiarla.<\/p>\n<p>EQUIPO PULPO<\/p>\n<p>La docente ubica el kinder en modo tortuga en alg\u00fan punto de referencia ubicado en la superficie (ancla)<\/p>\n<p>Desaf\u00edo: Los pulpos son animales inteligentes pero muy t\u00edmidos, pasan la mayor parte del d\u00eda escondidos en sus cuevas y s\u00f3lo salen a cazar de noche. Parece que este pulpo se asust\u00f3, porque arroj\u00f3 al mar un chorro de su tinta\u2026 ahora no puede encontrar el camino de regreso a su casa. \u00bfLo ayudamos?<\/p>\n<p>&nbsp;<\/p>\n<p>&nbsp;<\/p>\n<p>&nbsp;<\/p>\n","protected":false},"featured_media":1773,"comment_status":"open","ping_status":"closed","template":"","meta":{"_et_pb_use_builder":"","_et_pb_old_content":"","_joinchat":[]},"_links":{"self":[{"href":"https:\/\/misladrillos.com\/ml\/wp-json\/wp\/v2\/product\/1753"}],"collection":[{"href":"https:\/\/misladrillos.com\/ml\/wp-json\/wp\/v2\/product"}],"about":[{"href":"https:\/\/misladrillos.com\/ml\/wp-json\/wp\/v2\/types\/product"}],"replies":[{"embeddable":true,"href":"https:\/\/misladrillos.com\/ml\/wp-json\/wp\/v2\/comments?post=1753"}],"wp:featuredmedia":[{"embeddable":true,"href":"https:\/\/misladrillos.com\/ml\/wp-json\/wp\/v2\/media\/1773"}],"wp:attachment":[{"href":"https:\/\/misladrillos.com\/ml\/wp-json\/wp\/v2\/media?parent=1753"}],"curies":[{"name":"wp","href":"https:\/\/api.w.org\/{rel}","templated":true}]}}