{"id":1752,"date":"2020-03-18T03:14:41","date_gmt":"2020-03-18T03:14:41","guid":{"rendered":"http:\/\/misladrillos.com\/ml\/producto\/import-placeholder-for-1507\/"},"modified":"2020-03-18T03:15:49","modified_gmt":"2020-03-18T03:15:49","slug":"edubrick-molino-con-graduacion-de-velocidad","status":"publish","type":"product","link":"https:\/\/misladrillos.com\/ml\/producto\/edubrick-molino-con-graduacion-de-velocidad\/","title":{"rendered":"Edubrick: Molino con Graduaci\u00f3n de Velocidad"},"content":{"rendered":"","protected":false},"excerpt":{"rendered":"<h1 class=\"entry-title post-title responsive\"><span style=\"color: #000000;\"><b>MOLINO. GRADUACI\u00d3N DE VELOCIDAD CON PROGRAMACI\u00d3N<\/b><\/span><\/h1>\n<p><span style=\"color: #000000;\">Construiremos un <strong>Molino de 4 aspas<\/strong>, con un motor, al que le graduaremos <strong>4 niveles de velocidad<\/strong> <strong>a trav\u00e9s de la programaci\u00f3n.<\/strong><\/span><\/p>\n<p><iframe loading=\"lazy\" src=\"https:\/\/drive.google.com\/file\/d\/1ZkmMLWWV9THuMCXtbxVgqnhu7ERNUYhK\/preview\" width=\"640\" height=\"480\"><\/iframe><\/p>\n<h2><span style=\"color: #000000;\"><b>Descripci\u00f3n del proyecto<\/b><\/span><\/h2>\n<p><span style=\"color: #000000;\">En esta actividad construiremos un Molino\u00a0 de dise\u00f1o libre,\u00a0<\/span><span style=\"color: #000000;\">de 4 aspas. En nuestro dise\u00f1o, hicimos uns estructura vertical con forma de torre, en la que ubicamos la bater\u00eda cerca de la base, m\u00e1s arriba el motor, y en lo alto, el R4. <\/span><span style=\"color: #000000;\">\u00a0<\/span><strong style=\"color: #000000;\">El motor mover\u00e1 las aspas, en una secuencia de velocidades programada.<\/strong><span style=\"color: #000000;\">\u00a0<\/span><\/p>\n<p>Para mover las aspas del molino a diferentes velocidades, tenemos que realizar un programa que alterne el encendido y apagado de los motores. Mientras m\u00e1s tiempo est\u00e9n encendidos los motores, m\u00e1s velocidad alcanzar\u00e1.<\/p>\n<h2><strong>Objetivos<\/strong><\/h2>\n<ul>\n<li><span style=\"color: #000000;\">Familiarizarse con la programaci\u00f3n y avanzar m\u00e1s all\u00e1 de lo que permite el uso de los bloques.<\/span><\/li>\n<li><span style=\"color: #000000;\">Encontrar recursos de programaci\u00f3n para modificar funciones establecidas y transformarlas en variables.<\/span><\/li>\n<li><span style=\"color: #000000;\">Lograr diferentes velocidades jugando con las variables de \u00abavanzar\u00bb \/\u00a0 \u00abdetenerse\u00bb.<\/span><\/li>\n<\/ul>\n<h2><span style=\"color: #000000;\"><strong>Piezas y dispositivos<\/strong><\/span><\/h2>\n<ul>\n<li><span style=\"color: #000000;\"><strong>Ladrillo inteligente R4,<\/strong><\/span><\/li>\n<li><span style=\"color: #000000;\"><strong>Bater\u00eda<\/strong><\/span><\/li>\n<li><span style=\"color: #000000;\"><strong>Motor 1<\/strong><\/span><\/li>\n<\/ul>\n<h2><span style=\"color: #000000;\"><b>Sensores y Actuadores<\/b><\/span><\/h2>\n<h4><span style=\"color: #000000;\"><strong>Motor de corriente continua:<\/strong><\/span><\/h4>\n<div id=\"attachment_480\" style=\"width: 310px\" class=\"wp-caption alignleft\"><img aria-describedby=\"caption-attachment-480\" decoding=\"async\" loading=\"lazy\" class=\"wp-image-480 size-medium\" src=\"http:\/\/probots.pedagogiadigital.com\/wp-content\/uploads\/2019\/10\/motor-300x169.png\" alt=\"\" width=\"300\" height=\"169\" \/><p id=\"caption-attachment-480\" class=\"wp-caption-text\"><em>Es una maquina el\u00e9ctrica que \u00a0convierte la energ\u00eda el\u00e9ctrica en mec\u00e1nica, provocando un movimiento rotatorio en su eje.\u00a0 Este motor maneja dos se\u00f1ales que permiten controlar su sentido y velocidad. El motor se puede utilizar en ambos conectores.<\/em><\/p><\/div>\n<p>&nbsp;<\/p>\n<p>&nbsp;<\/p>\n<p>&nbsp;<\/p>\n<p>&nbsp;<\/p>\n<p>&nbsp;<\/p>\n<p>&nbsp;<\/p>\n<p>&nbsp;<\/p>\n<h4><span style=\"color: #000000;\"><strong>Sensor de Tacto o Pulsador:<\/strong><\/span><\/h4>\n<p><img decoding=\"async\" loading=\"lazy\" class=\"alignnone wp-image-1184\" src=\"http:\/\/probots.pedagogiadigital.com\/wp-content\/uploads\/2019\/11\/sensor-de-tacto-1-300x267.png\" alt=\"\" width=\"245\" height=\"218\" \/><\/p>\n<p style=\"text-align: left;\"><em>Un sensor Digital de Tacto o Pulsador, <\/em><br \/>\n<em>es un interruptor que necesita mantener <\/em><br \/>\n<em>una determinada presi\u00f3n sobre \u00e9l para que funcione, <\/em><br \/>\n<em>gracias a la l\u00e1mina conductora que produce el contacto. <\/em><br \/>\n<em>Cuando se acciona emite un valor \u00abUno\u00bb o \u00abAlto\u00bb, <\/em><br \/>\n<em>de lo contrario emite un valor \u00abCero\u00bb o \u00abBajo\u00bb.<\/em><\/p>\n<h2><span style=\"color: #000000;\"><b>\u00a1A conectar los componentes!<\/b><\/span><\/h2>\n<p><span style=\"color: #000000;\">Conectar el <strong>Motor 1<\/strong> a <strong>CON1<\/strong> ( Pin Digital 2 y 3) del Ladrillo Inteligente \u00abR4\u00bb.<br \/>\nConectar la <strong>Bater\u00eda<\/strong> al R4<\/span><\/p>\n<p>&nbsp;<\/p>\n<p><iframe loading=\"lazy\" src=\"https:\/\/drive.google.com\/file\/d\/1gzXQdl4KNjn50GPV6eRb62gx-jvMJwOk\/preview\" width=\"640\" height=\"480\"><\/iframe><\/p>\n<h2><span style=\"color: #000000;\"><strong>\u00a1Es hora de programar!<\/strong><\/span><\/h2>\n<h3><span style=\"color: #000000;\"><b>Descripci\u00f3n<\/b><strong>\u00a0del programa<\/strong><\/span><\/h3>\n<p><strong><span style=\"color: #000000;\">Comienzo del programa<\/span><\/strong><\/p>\n<ul>\n<li><span style=\"color: #000000;\"><span style=\"color: #000000;\"><strong>Sensor\u00a0 de Tacto<\/strong> env\u00eda la orden de comenzar de inmediato<\/span><\/span><\/li>\n<li><span style=\"color: #000000;\"><span style=\"color: #000000;\">El <strong>pitido<\/strong> suena 0,1 segundos<\/span><\/span><\/li>\n<li><span style=\"color: #000000;\"><strong>Motor 1<\/strong> avanza durante 0,01 segundos<\/span><\/li>\n<li><span style=\"color: #000000;\"><strong>Motor 1<\/strong> se detiene 0,03 segundos.<\/span>\n<ul>\n<li><span style=\"color: #000000;\"><strong>Este avance y detenci\u00f3n se repite 200 veces.<\/strong><\/span><\/li>\n<\/ul>\n<\/li>\n<\/ul>\n<ul>\n<li><span style=\"color: #000000;\">El <strong>pitido<\/strong> suena 0,1 segundos<\/span><\/li>\n<li>Se detiene 0,5 segundos.\n<ul>\n<li><strong><strong>Esta secuencia se repite 2 veces<\/strong><\/strong><\/li>\n<\/ul>\n<\/li>\n<\/ul>\n<ul>\n<li><span style=\"color: #000000;\"><strong>Motor 1<\/strong> avanza durante 0,01 segundos<\/span><\/li>\n<li><span style=\"color: #000000;\">Motor 1 se detiene 0,02 segundos.<\/span>\n<ul>\n<li><span style=\"color: #000000;\"><span style=\"color: #000000;\"><span style=\"color: #000000;\"><strong>Este avance y detenci\u00f3n se repite 200 veces.<\/strong><\/span><\/span><\/span><\/li>\n<\/ul>\n<\/li>\n<\/ul>\n<ul>\n<li><span style=\"color: #000000;\">El <strong>pitido<\/strong> suena 0,1 segundos<\/span><\/li>\n<li>Se detiene 0,5 segundos.\n<ul>\n<li><strong><strong>Esta secuencia se repite 3 veces<\/strong><\/strong><\/li>\n<\/ul>\n<\/li>\n<\/ul>\n<ul>\n<li><span style=\"color: #000000;\"><strong>Motor 1<\/strong> avanza durante 0,01 segundos<\/span><\/li>\n<li><span style=\"color: #000000;\">Motor 1 se detiene 0,01 segundos.<\/span>\n<ul>\n<li><span style=\"color: #000000;\"><span style=\"color: #000000;\"><span style=\"color: #000000;\"><strong>Este avance y detenci\u00f3n se repite 200 veces.<\/strong><\/span><\/span><\/span><\/li>\n<\/ul>\n<\/li>\n<\/ul>\n<ul>\n<li><span style=\"color: #000000;\">El <strong>pitido<\/strong> suena 0,1 segundos<\/span><\/li>\n<li>Se detiene 0,5 segundos.\n<ul>\n<li><strong><strong>Esta secuencia se repite 4 veces<\/strong><\/strong><\/li>\n<\/ul>\n<\/li>\n<\/ul>\n<ul>\n<li><span style=\"color: #000000;\"><strong>Motor 1<\/strong> avanza durante 0,01 segundos<\/span><\/li>\n<li><span style=\"color: #000000;\">Motor 1 se detiene 0,001 segundos.<\/span>\n<ul>\n<li><span style=\"color: #000000;\"><strong>Este avance y detenci\u00f3n se repite 300 veces<\/strong><\/span><\/li>\n<\/ul>\n<\/li>\n<\/ul>\n<p><span style=\"color: #000000;\">La secuencia de <strong>las 4 velocidades se repite en un bucle 2 veces<\/strong><\/span><\/p>\n<p><span style=\"color: #000000;\"><strong>Fin del programa.<\/strong><\/span><\/p>\n<p><iframe loading=\"lazy\" src=\"https:\/\/drive.google.com\/file\/d\/1JeY8QIrigKoEaDsky2888lkkx-CP0aKd\/preview\" width=\"640\" height=\"480\"><\/iframe><\/p>\n<p><strong><span style=\"color: #000000;\">Descarga del programa<\/span> (<a href=\"https:\/\/drive.google.com\/file\/d\/1ztLOplHgoyzJXIA-LNy_xXIDtumWDu6J\/view?usp=sharing\" target=\"_blank\" rel=\"noopener noreferrer\">LINK<\/a>)<\/strong><\/p>\n<h3><span style=\"color: #000000;\"><strong>Armado del Programa\u00a0<\/strong><\/span><\/h3>\n<p><span style=\"color: #000000;\">Utilizaremos los siguientes bloques:<\/span><\/p>\n<div id=\"attachment_1179\" style=\"width: 118px\" class=\"wp-caption alignnone\"><img aria-describedby=\"caption-attachment-1179\" decoding=\"async\" loading=\"lazy\" class=\"wp-image-1179 size-full\" src=\"http:\/\/probots.pedagogiadigital.com\/wp-content\/uploads\/2019\/11\/Mover-motor.png\" alt=\"\" width=\"108\" height=\"97\" \/><p id=\"caption-attachment-1179\" class=\"wp-caption-text\">Mover Motor<\/p><\/div>\n<p>&nbsp;<\/p>\n<div id=\"attachment_1175\" style=\"width: 105px\" class=\"wp-caption alignnone\"><img aria-describedby=\"caption-attachment-1175\" decoding=\"async\" loading=\"lazy\" class=\"wp-image-1175 size-full\" src=\"http:\/\/probots.pedagogiadigital.com\/wp-content\/uploads\/2019\/11\/detener-motor.png\" alt=\"\" width=\"95\" height=\"87\" \/><p id=\"caption-attachment-1175\" class=\"wp-caption-text\">Detener Motor<\/p><\/div>\n<p>&nbsp;<\/p>\n<div id=\"attachment_1177\" style=\"width: 75px\" class=\"wp-caption alignleft\"><img aria-describedby=\"caption-attachment-1177\" decoding=\"async\" loading=\"lazy\" class=\"wp-image-1177 size-full\" src=\"http:\/\/probots.pedagogiadigital.com\/wp-content\/uploads\/2019\/11\/esperar.png\" alt=\"\" width=\"65\" height=\"85\" \/><p id=\"caption-attachment-1177\" class=\"wp-caption-text\">Esperar tiempo-Segundos<\/p><\/div>\n<p>&nbsp;<\/p>\n<p>&nbsp;<\/p>\n<p>&nbsp;<\/p>\n<h4><\/h4>\n<div id=\"attachment_1176\" style=\"width: 100px\" class=\"wp-caption alignnone\"><img aria-describedby=\"caption-attachment-1176\" decoding=\"async\" loading=\"lazy\" class=\"size-full wp-image-1176\" src=\"http:\/\/probots.pedagogiadigital.com\/wp-content\/uploads\/2019\/11\/Esperar-con-toque.png\" alt=\"\" width=\"90\" height=\"101\" \/><p id=\"caption-attachment-1176\" class=\"wp-caption-text\">Esperar por Toque del sensor<\/p><\/div>\n<p>&nbsp;<\/p>\n<div id=\"attachment_1688\" style=\"width: 107px\" class=\"wp-caption alignnone\"><img aria-describedby=\"caption-attachment-1688\" decoding=\"async\" loading=\"lazy\" class=\"wp-image-1688 size-full\" src=\"http:\/\/probots.pedagogiadigital.com\/wp-content\/uploads\/2019\/12\/for.png\" alt=\"\" width=\"97\" height=\"81\" \/><p id=\"caption-attachment-1688\" class=\"wp-caption-text\">Repetir N veces<\/p><\/div>\n<p>&nbsp;<\/p>\n<p><iframe loading=\"lazy\" src=\"https:\/\/drive.google.com\/file\/d\/1Gf4FUjSOA_bp6xq7GJU9zDdmwJ3EygiL\/preview\" width=\"640\" height=\"480\"><\/iframe><\/p>\n<h2><span style=\"color: #000000;\"><b>Desaf\u00edo\u00a0a Resolver <\/b><strong>\u00a0<\/strong>.<\/span><\/h2>\n<p>Se propone modificar el programa para que las aspas del molino realicen 3 veces la siguiente secuencia:<\/p>\n<ol>\n<li>Girar a la velocidad m\u00ednima (del programa dado) durante 3 segundos<\/li>\n<li>Parar durante 2 segundos<\/li>\n<li>Invertir el sentido de giro del motor y mantener el valor de velocidad m\u00ednima dado en el punto \u00ab1\u00bb.<\/li>\n<\/ol>\n<p>&nbsp;<\/p>\n<p>&nbsp;<\/p>\n<p>&nbsp;<\/p>\n<p>&nbsp;<\/p>\n<p>&nbsp;<\/p>\n<p>&nbsp;<\/p>\n<p>&nbsp;<\/p>\n<p>&nbsp;<\/p>\n<p>&nbsp;<\/p>\n","protected":false},"featured_media":1772,"comment_status":"open","ping_status":"closed","template":"","meta":{"_et_pb_use_builder":"","_et_pb_old_content":"","_joinchat":[]},"_links":{"self":[{"href":"https:\/\/misladrillos.com\/ml\/wp-json\/wp\/v2\/product\/1752"}],"collection":[{"href":"https:\/\/misladrillos.com\/ml\/wp-json\/wp\/v2\/product"}],"about":[{"href":"https:\/\/misladrillos.com\/ml\/wp-json\/wp\/v2\/types\/product"}],"replies":[{"embeddable":true,"href":"https:\/\/misladrillos.com\/ml\/wp-json\/wp\/v2\/comments?post=1752"}],"wp:featuredmedia":[{"embeddable":true,"href":"https:\/\/misladrillos.com\/ml\/wp-json\/wp\/v2\/media\/1772"}],"wp:attachment":[{"href":"https:\/\/misladrillos.com\/ml\/wp-json\/wp\/v2\/media?parent=1752"}],"curies":[{"name":"wp","href":"https:\/\/api.w.org\/{rel}","templated":true}]}}