{"id":1751,"date":"2020-03-18T03:14:41","date_gmt":"2020-03-18T03:14:41","guid":{"rendered":"http:\/\/misladrillos.com\/ml\/producto\/import-placeholder-for-1224\/"},"modified":"2020-03-18T03:15:41","modified_gmt":"2020-03-18T03:15:41","slug":"edubrick-camion-con-control-remoto","status":"publish","type":"product","link":"https:\/\/misladrillos.com\/ml\/producto\/edubrick-camion-con-control-remoto\/","title":{"rendered":"Edubrick: CAMI\u00d3N CON CONTROL REMOTO"},"content":{"rendered":"","protected":false},"excerpt":{"rendered":"<h1 class=\"entry-title post-title responsive\"><span style=\"color: #000000;\"><b>CONTROL REMOTO PARA CAMI\u00d3N DE 2 MOTORES<\/b><\/span><\/h1>\n<p><span style=\"color: #000000;\">Construiremos un veh\u00edculo con <strong>2 motores<\/strong> y el <strong>Ladrillo Inteligente R4<\/strong>, al que manejaremos a distancia a trav\u00e9s del <strong>Control Remoto.<\/strong><\/span><\/p>\n<p><iframe loading=\"lazy\" src=\"https:\/\/drive.google.com\/file\/d\/1EWq6zBP3mveREVSUivXHd8xD0HPofKC1\/preview\" width=\"640\" height=\"480\"><\/iframe><\/p>\n<h2><span style=\"color: #000000;\"><b>Descripci\u00f3n del proyecto<\/b><\/span><\/h2>\n<p><span style=\"color: #000000;\">En esta actividad construiremos un veh\u00edculo de dise\u00f1o libre, de 4 ruedas<strong>,<\/strong> en el que ubicaremos los <strong>2 motores.<\/strong> <strong>Cada motor mover\u00e1 una rueda,<\/strong> las otras 2 ruedas estar\u00e1n montadas en un eje libre, no conectadas con los motores.<br \/>\nEl <strong>Control Remoto<\/strong> tiene la opci\u00f3n de mover ambos motores a la vez, y tambi\u00e9n de mover cada motor por separado, seg\u00fan el Modo de funci\u00f3n que se elija, Modo 1 o Modo 2.\u00a0<\/span><\/p>\n<p><iframe loading=\"lazy\" src=\"https:\/\/drive.google.com\/file\/d\/1ttnY8zIESW3tIaQZr180ngg47hUdMvXR\/preview\" width=\"640\" height=\"480\"><\/iframe><br \/>\n<iframe loading=\"lazy\" src=\"https:\/\/drive.google.com\/file\/d\/10wF5Nn9AztIOjkQtK1m_fqyuhenNn_k7\/preview\" width=\"640\" height=\"480\"><\/iframe><br \/>\n<iframe loading=\"lazy\" src=\"https:\/\/drive.google.com\/file\/d\/1QPtpEAQATJkeloV_luhaZS0fiDsSiz-Z\/preview\" width=\"640\" height=\"480\"><\/iframe><\/p>\n<h2><strong>Objetivos<\/strong><\/h2>\n<ul>\n<li>Familiarizarse,\u00a0 a trav\u00e9s de una situaci\u00f3n l\u00fadica,\u00a0 con el movimiento de robots sobre una superficies plana.<\/li>\n<li>Asociar los tipos de movimientos lineales y rotatorios del Robot , con el giro de los motores.<\/li>\n<li>Controlar el movimientos de avance, retroceso y giros del robot, mediante el\u00a0 giro de los motores a trav\u00e9s del Control Remoto.<\/li>\n<\/ul>\n<h2><span style=\"color: #000000;\"><strong>Piezas y dispositivos<\/strong><\/span><\/h2>\n<ul>\n<li><span style=\"color: #000000;\"><strong>Ladrillo inteligente R4,<\/strong><\/span><\/li>\n<li><span style=\"color: #000000;\"><strong>Bater\u00eda<\/strong><\/span><\/li>\n<li><span style=\"color: #000000;\"><strong>Motor 1<\/strong><\/span><\/li>\n<li><span style=\"color: #000000;\"><strong>Motor 2<\/strong><\/span><\/li>\n<li><span style=\"color: #000000;\"><strong>1 Cable USB<\/strong><\/span><\/li>\n<\/ul>\n<h2><span style=\"color: #000000;\"><b>Sensores y Actuadores<\/b><\/span><\/h2>\n<h4><span style=\"color: #000000;\"><strong>Motor de corriente continua:<\/strong><\/span><\/h4>\n<div id=\"attachment_480\" style=\"width: 310px\" class=\"wp-caption aligncenter\"><img aria-describedby=\"caption-attachment-480\" decoding=\"async\" loading=\"lazy\" class=\"wp-image-480 size-medium\" src=\"http:\/\/probots.pedagogiadigital.com\/wp-content\/uploads\/2019\/10\/motor-300x169.png\" alt=\"\" width=\"300\" height=\"169\" \/><p id=\"caption-attachment-480\" class=\"wp-caption-text\">Es una maquina el\u00e9ctrica que \u00a0convierte la energ\u00eda el\u00e9ctrica en mec\u00e1nica, provocando un movimiento rotatorio en su eje.\u00a0 Este motor maneja dos se\u00f1ales que permiten controlar su sentido y velocidad. El motor se puede utilizar en ambos conectores<\/p><\/div>\n<p>&nbsp;<\/p>\n<h4 style=\"text-align: left;\"><span style=\"color: #000000;\"><strong>Control Remoto:<\/strong><\/span><\/h4>\n<p><img decoding=\"async\" loading=\"lazy\" class=\"wp-image-1227 aligncenter\" src=\"http:\/\/probots.pedagogiadigital.com\/wp-content\/uploads\/2019\/11\/Control-Remoto-142x300.png\" alt=\"\" width=\"154\" height=\"325\" \/><\/p>\n<p>Este dispositivo emplea un LED infrarrojo para enviar una se\u00f1al de luz (invisible para el ojo humano) al receptor que se encuentra dentro del \u00abR4\u00bb. Esta misma tecnolog\u00eda la utilizan los mandos a distancia de la televisi\u00f3n,Aire acondicionados, etc etc. Se puede visualizar la luz del Control remoto, mirando el LED infrarrojo con una c\u00e1mara digital del tel\u00e9fono m\u00f3vil. La luz del led de muestra como un resplandor morado. Utilizamos esta t\u00e9cnica para saber si el control esta funciona correctamente.<\/p>\n<h2><\/h2>\n<h2><span style=\"color: #000000;\"><b>\u00a1A conectar los componentes!<\/b><\/span><\/h2>\n<p><span style=\"color: #000000;\">Conectar el <strong>Motor 1<\/strong> a <strong>CON1<\/strong> ( Pin Digital 2 y 3) del Ladrillo Inteligente \u00abR4\u00bb<\/span><\/p>\n<p><span style=\"color: #000000;\">Conectar el <strong>Motor 2<\/strong> a <strong>CON2<\/strong> ( Pin Digital 11 y 12) del Ladrillo Inteligente \u00abR4\u00bb<\/span><\/p>\n<p>&nbsp;<\/p>\n<p><iframe loading=\"lazy\" src=\"https:\/\/drive.google.com\/file\/d\/1VWUsmrwXs2TcQXQ2IGP1ZakfVr3grW8u\/preview\" width=\"640\" height=\"480\"><\/iframe><\/p>\n<h2><span style=\"color: #000000;\"><strong>\u00a1Es hora de subir el programa!<\/strong><\/span><\/h2>\n<h3><span style=\"color: #000000;\"><b>Pasos a seguir <\/b><\/span><\/h3>\n<ul>\n<li><span style=\"color: #000000;\">Abrimos el programa Edubrick. <\/span><span style=\"color: #000000;\">Para subir la programaci\u00f3n del control remoto al ladrillo Inteligente R4 no necesitamos programar ning\u00fan bloque.<\/span><\/li>\n<li><span style=\"color: #000000;\">Conectaremos el R4 a la computadora. <\/span><\/li>\n<li><span style=\"color: #000000;\">Seleccionamos la pesta\u00f1a \u201c<strong>Control Remoto<\/strong>\u201d, y luego \u201c<strong>Aceptar<\/strong>\u201d. <\/span><\/li>\n<li><span style=\"color: #000000;\">Esperamos entre 20\u2019\u2019 y 50\u2019\u2019 hasta que aparezca la notificaci\u00f3n de que ya podemos usar el Control Remoto en el R4 <\/span><\/li>\n<\/ul>\n<p><span style=\"color: #000000;\"><strong>\u00a1\u00a1Listo!!\u00a0 El R4 y los 2 Motores ya podr\u00e1n ser comandados a Control Remoto<\/strong><\/span><\/p>\n<p>&nbsp;<\/p>\n<p><iframe loading=\"lazy\" src=\"https:\/\/drive.google.com\/file\/d\/1SGLlASEbtVWrP9hwPWPiqq4MEuGPAOpy\/preview\" width=\"640\" height=\"480\"><\/iframe><\/p>\n<p><img decoding=\"async\" loading=\"lazy\" class=\"alignnone wp-image-516\" src=\"http:\/\/probots.pedagogiadigital.com\/wp-content\/uploads\/2019\/10\/Foto-Progr-SENSOR-IR-300x146.jpg\" alt=\"\" width=\"511\" height=\"248\" \/><\/p>\n<h2><span style=\"color: #000000;\"><b>Desaf\u00edo\u00a0a Resolver <\/b><strong>\u00a0<\/strong>.<\/span><\/h2>\n<p>&nbsp;<\/p>\n<p><a href=\"http:\/\/misladrillos.com\/manuales\/robotica\/R4\/R-4%20Qbot-dibujante_manual-B.pdf\"><img decoding=\"async\" loading=\"lazy\" class=\"size-full wp-image-1540 alignleft\" src=\"http:\/\/probots.pedagogiadigital.com\/wp-content\/uploads\/2019\/11\/Q-bot_dibujante_ICO_WEB.jpg\" alt=\"\" width=\"190\" height=\"190\" \/><\/a><\/p>\n<p>Se propone construir un robot dibujante a control remoto, que mediante un marcador,realice figuras sobre una cartulina, la cual deber\u00e1 se fijada al piso con cinta.\u00a0 Se sugiere dejar preparados varios colores para cambiarle el marcador al robot\u00a0 y as\u00ed lograremos una obra muy colorida.<\/p>\n<p>\u00bfCual de los dos modos del Control Remoto,\u00a0 te resulto mas \u00fatil para dibujar?<\/p>\n<p>&nbsp;<\/p>\n<p>&nbsp;<\/p>\n<p>&nbsp;<\/p>\n<p>&nbsp;<\/p>\n<p>&nbsp;<\/p>\n<p>&nbsp;<\/p>\n<p>&nbsp;<\/p>\n<p>&nbsp;<\/p>\n","protected":false},"featured_media":1771,"comment_status":"open","ping_status":"closed","template":"","meta":{"_et_pb_use_builder":"","_et_pb_old_content":"","_joinchat":[]},"_links":{"self":[{"href":"https:\/\/misladrillos.com\/ml\/wp-json\/wp\/v2\/product\/1751"}],"collection":[{"href":"https:\/\/misladrillos.com\/ml\/wp-json\/wp\/v2\/product"}],"about":[{"href":"https:\/\/misladrillos.com\/ml\/wp-json\/wp\/v2\/types\/product"}],"replies":[{"embeddable":true,"href":"https:\/\/misladrillos.com\/ml\/wp-json\/wp\/v2\/comments?post=1751"}],"wp:featuredmedia":[{"embeddable":true,"href":"https:\/\/misladrillos.com\/ml\/wp-json\/wp\/v2\/media\/1771"}],"wp:attachment":[{"href":"https:\/\/misladrillos.com\/ml\/wp-json\/wp\/v2\/media?parent=1751"}],"curies":[{"name":"wp","href":"https:\/\/api.w.org\/{rel}","templated":true}]}}