{"id":1750,"date":"2020-03-18T03:14:41","date_gmt":"2020-03-18T03:14:41","guid":{"rendered":"http:\/\/misladrillos.com\/ml\/producto\/import-placeholder-for-1072\/"},"modified":"2024-06-17T04:03:46","modified_gmt":"2024-06-17T07:03:46","slug":"edubrick-autito-bailarin","status":"publish","type":"product","link":"https:\/\/misladrillos.com\/ml\/producto\/edubrick-autito-bailarin\/","title":{"rendered":"Edubrick: AUTITO BAILAR\u00cdN"},"content":{"rendered":"","protected":false},"excerpt":{"rendered":"<h1 class=\"entry-title post-title responsive\"><span style=\"color: #000000;\"><b style=\"color: #000000;\">Movimientos del <\/b><span style=\"color: #000000;\"><span style=\"font-size: 41.8868px;\"><b>veh\u00edculo<\/b><\/span><\/span><b style=\"color: #000000;\"> Adelante, Atr\u00e1s y Giros<\/b><\/span><\/h1>\n<p><span style=\"color: #000000;\">Utilizaremos los <strong>2 motores<\/strong> y el <strong>Ladrillo Inteligente R4<\/strong>, para hacer que el auto se mueva hacia adelante, hacia atr\u00e1s, y gire sobre s\u00ed mismo en ambos sentidos.<\/span><\/p>\n<p><iframe loading=\"lazy\" src=\"https:\/\/drive.google.com\/file\/d\/1fdWFwx99z4_Epj0zmQQ_CBbcBbEoe1tS\/preview\" width=\"640\" height=\"480\"><\/iframe><\/p>\n<h2><span style=\"color: #000000;\"><b>Descripci\u00f3n del proyecto<\/b><\/span><\/h2>\n<p><span style=\"color: #000000;\">En esta actividad construiremos un veh\u00edculo de dise\u00f1o libre, podr\u00e1 tener <strong>3 o 4 ruedas,<\/strong> en el que ubicaremos los <strong>2 motores.<\/strong> <strong>Cada motor mover\u00e1 una rueda,<\/strong> la tercera rueda (si elegimos hacer un triciclo), o la cuarta rueda (si elegimos hacerlo de cuatro) estar\u00e1n montadas en un eje libre, no conectadas con los motores.<br \/>\nEl prop\u00f3sito de usar los 2 motores es para lograr que el <strong>Autito Bailar\u00edn<\/strong> <strong>gire sobre s\u00ed mismo<\/strong>. Al estar <strong>ambas ruedas motorizadas<\/strong> pero conectadas <strong>una en cada motor,<\/strong> si la rueda izquierda va hacia adelante y la derecha hacia atr\u00e1s, el Autito gira hacia la derecha. Y en sentido inverso, si la rueda derecha va hacia adelante, y la izquierda marcha atr\u00e1s, el Autito gira hacia la izquierda.<\/span><\/p>\n<h2><strong>Objetivos<\/strong><\/h2>\n<ul>\n<li>Familiarizarse,\u00a0 a trav\u00e9s de una situaci\u00f3n l\u00fadica,\u00a0 con el movimiento de robots sobre una superficies plana.<\/li>\n<li>Asociar los tipos de movimientos lineales y rotatorios del Robot , con el giro de los motores.<\/li>\n<li>Controlar el movimientos de avance, retroceso y giros del robot, mediante el control de giro de los motores<\/li>\n<\/ul>\n<h2><span style=\"color: #000000;\"><strong>Piezas y dispositivos<\/strong><\/span><\/h2>\n<ul>\n<li><span style=\"color: #000000;\"><strong>Ladrillo inteligente R4,<\/strong><\/span><\/li>\n<li><span style=\"color: #000000;\"><strong>Bater\u00eda<\/strong><\/span><\/li>\n<li><span style=\"color: #000000;\"><strong>Motor 1<\/strong><\/span><\/li>\n<li><span style=\"color: #000000;\"><strong>Motor 2<\/strong><\/span><\/li>\n<li><span style=\"color: #000000;\"><strong>1 Cable USB<\/strong><\/span><\/li>\n<\/ul>\n<h2><span style=\"color: #000000;\"><b>Sensores y Actuadores<\/b><\/span><\/h2>\n<h4><span style=\"color: #000000;\"><strong>Motor de corriente continua:<\/strong><\/span><\/h4>\n<div id=\"attachment_480\" style=\"width: 310px\" class=\"wp-caption alignleft\"><img aria-describedby=\"caption-attachment-480\" decoding=\"async\" loading=\"lazy\" class=\"wp-image-480 size-medium\" src=\"http:\/\/probots.pedagogiadigital.com\/wp-content\/uploads\/2019\/10\/motor-300x169.png\" alt=\"\" width=\"300\" height=\"169\" \/><p id=\"caption-attachment-480\" class=\"wp-caption-text\">Es una maquina el\u00e9ctrica que \u00a0convierte la energ\u00eda el\u00e9ctrica en mec\u00e1nica, provocando un movimiento rotatorio en su eje.\u00a0 Este motor maneja dos se\u00f1ales que permiten controlar su sentido y velocidad. El motor se puede utilizar en ambos conectores<\/p><\/div>\n<p>&nbsp;<\/p>\n<p>&nbsp;<\/p>\n<p>&nbsp;<\/p>\n<p>&nbsp;<\/p>\n<p>&nbsp;<\/p>\n<p>&nbsp;<\/p>\n<h4><span style=\"color: #000000;\"><strong>Sensor de Tacto o Pulsador:<\/strong><\/span><\/h4>\n<div id=\"attachment_1184\" style=\"width: 274px\" class=\"wp-caption alignnone\"><img aria-describedby=\"caption-attachment-1184\" decoding=\"async\" loading=\"lazy\" class=\"wp-image-1184 \" src=\"http:\/\/probots.pedagogiadigital.com\/wp-content\/uploads\/2019\/11\/sensor-de-tacto-1-300x267.png\" alt=\"\" width=\"264\" height=\"235\" \/><p id=\"caption-attachment-1184\" class=\"wp-caption-text\">Un sensor Digital de Tacto o Pulsador, es un interruptor que necesita mantener una determinada presi\u00f3n sobre \u00e9l para que funcione, gracias a la l\u00e1mina conductora que produce el contacto. Cuando se acciona emite un valor \u00abUno\u00bb o \u00abAlto\u00bb, de lo contrario emite un valor \u00abCero\u00bb o \u00abBajo\u00bb.<\/p><\/div>\n<h2><\/h2>\n<h2><span style=\"color: #000000;\"><b>\u00a1A conectar los componentes!<\/b><\/span><\/h2>\n<p><span style=\"color: #000000;\">Conectar el <strong>Motor 1<\/strong> a <strong>CON1<\/strong> ( Pin Digital 2 y 3) del Ladrillo Inteligente \u00abR4\u00bb<\/span><\/p>\n<p><span style=\"color: #000000;\">Conectar el <strong>Motor 2<\/strong> a <strong>CON2<\/strong> ( Pin Digital 11 y 12) del Ladrillo Inteligente \u00abR4\u00bb<\/span><\/p>\n<p>&nbsp;<\/p>\n<p><iframe loading=\"lazy\" src=\"https:\/\/drive.google.com\/file\/d\/1VWUsmrwXs2TcQXQ2IGP1ZakfVr3grW8u\/preview\" width=\"640\" height=\"480\"><\/iframe><\/p>\n<h2><span style=\"color: #000000;\"><strong>\u00a1Es hora de programar!<\/strong><\/span><\/h2>\n<h3><span style=\"color: #000000;\"><b>Descripci\u00f3n<\/b><strong>\u00a0del programa<\/strong><\/span><\/h3>\n<p><strong><span style=\"color: #000000;\">Comienzo del programa<\/span><\/strong><\/p>\n<p><span style=\"color: #000000;\">Sensor\u00a0 de Tacto env\u00eda la orden de comenzar en 2 segundos\u00bb\u00a0<\/span><\/p>\n<p><span style=\"color: #000000;\">Paso 1:\u00a0 Motor 1 avanza, Motor 2 avanza, durante 2 segundos<\/span><\/p>\n<p><span style=\"color: #000000;\">Paso 2:\u00a0 Motor 1 se detiene, Motor 2 se detiene, durante 1 segundo<\/span><\/p>\n<p><span style=\"color: #000000;\">Paso 3:\u00a0 Motor 1 retrocede, Motor 2 retrocede, durante 2 segundos<\/span><\/p>\n<p><span style=\"color: #000000;\">Paso 4:\u00a0 Motor 1 se detiene, Motor 2 se detiene, durante 1 segundo<\/span><\/p>\n<p><span style=\"color: #000000;\">Paso 5:\u00a0<\/span><span style=\"color: #000000;\">El veh\u00edculo gira hacia la izquierda. <\/span><span style=\"color: #000000;\">\u00a0Motor 1 avanza, Motor 2 retrocede, durante 2 segundos<\/span><\/p>\n<p><span style=\"color: #000000;\">Paso 6:\u00a0 Motor 1 se detiene, Motor 2 se detiene, durante 1 segundo<\/span><\/p>\n<p><span style=\"color: #000000;\">Paso 7:\u00a0 Motor 1 retrocede, Motor 2 retrocede, durante 2 segundos. <\/span><\/p>\n<p><span style=\"color: #000000;\">Paso 8:\u00a0 Motor 1 se detiene, Motor 2 se detiene, durante 1 segundo<\/span><\/p>\n<p><span style=\"color: #000000;\">Paso 9: <\/span><span style=\"color: #000000;\">El veh\u00edculo gira hacia la derecha. <\/span><span style=\"color: #000000;\">Motor 1 retrocede, Motor 2 avanza, durante 2 segundos<\/span><span style=\"color: #000000;\">&#8216;<\/span><\/p>\n<p><span style=\"color: #000000;\">Paso 10:\u00a0 Motor 1 se detiene, Motor 2 se detiene, durante 1 segundo<\/span><\/p>\n<p><span style=\"color: #000000;\">Paso 11: Motor 1 avanza, Motor 2 avanza, durante 2 segundos<\/span><\/p>\n<p><span style=\"color: #000000;\">Paso 12: Motor 1 se detiene, Motor 2 se detiene, durante 1 segundo.<\/span><\/p>\n<p><strong><span style=\"color: #000000;\">Fin de la secuencia.<\/span><\/strong><\/p>\n<p><iframe loading=\"lazy\" src=\"https:\/\/drive.google.com\/file\/d\/1W1M1FXgG4wX5vz5HVc-bqknonxJPGrDJ\/preview\" width=\"640\" height=\"480\"><\/iframe><\/p>\n<p><img decoding=\"async\" loading=\"lazy\" class=\"alignnone wp-image-516\" src=\"http:\/\/probots.pedagogiadigital.com\/wp-content\/uploads\/2019\/10\/Foto-Progr-SENSOR-IR-300x146.jpg\" alt=\"\" width=\"511\" height=\"248\" \/><\/p>\n<p><strong><span style=\"color: #000000;\">Descarga del programa<\/span> (<a href=\"https:\/\/drive.google.com\/file\/d\/1bsHg_MaoWrmH6tyC-LotfA_V9L0khWGg\/view?usp=sharing\" target=\"_blank\" rel=\"noopener noreferrer\">Link<\/a>)<\/strong><\/p>\n<h3><span style=\"color: #000000;\"><strong>Armado del Programa\u00a0<\/strong><\/span><\/h3>\n<p><span style=\"color: #000000;\">Utilizaremos los siguientes bloques:<\/span><\/p>\n<div id=\"attachment_1179\" style=\"width: 118px\" class=\"wp-caption alignnone\"><img aria-describedby=\"caption-attachment-1179\" decoding=\"async\" loading=\"lazy\" class=\"wp-image-1179 size-full\" src=\"http:\/\/probots.pedagogiadigital.com\/wp-content\/uploads\/2019\/11\/Mover-motor.png\" alt=\"\" width=\"108\" height=\"97\" \/><p id=\"caption-attachment-1179\" class=\"wp-caption-text\">Mover Motor<\/p><\/div>\n<p>&nbsp;<\/p>\n<div id=\"attachment_1178\" style=\"width: 109px\" class=\"wp-caption alignnone\"><img aria-describedby=\"caption-attachment-1178\" decoding=\"async\" loading=\"lazy\" class=\"wp-image-1178 size-full\" src=\"http:\/\/probots.pedagogiadigital.com\/wp-content\/uploads\/2019\/11\/Mover-motor-sentido-inverso.png\" alt=\"\" width=\"99\" height=\"87\" \/><p id=\"caption-attachment-1178\" class=\"wp-caption-text\">Mover Motor en sentido inverso<\/p><\/div>\n<p>&nbsp;<\/p>\n<div id=\"attachment_1175\" style=\"width: 105px\" class=\"wp-caption alignnone\"><img aria-describedby=\"caption-attachment-1175\" decoding=\"async\" loading=\"lazy\" class=\"wp-image-1175 size-full\" src=\"http:\/\/probots.pedagogiadigital.com\/wp-content\/uploads\/2019\/11\/detener-motor.png\" alt=\"\" width=\"95\" height=\"87\" \/><p id=\"caption-attachment-1175\" class=\"wp-caption-text\">Detener Motor<\/p><\/div>\n<p>&nbsp;<\/p>\n<div id=\"attachment_1177\" style=\"width: 75px\" class=\"wp-caption alignleft\"><img aria-describedby=\"caption-attachment-1177\" decoding=\"async\" loading=\"lazy\" class=\"wp-image-1177 size-full\" src=\"http:\/\/probots.pedagogiadigital.com\/wp-content\/uploads\/2019\/11\/esperar.png\" alt=\"\" width=\"65\" height=\"85\" \/><p id=\"caption-attachment-1177\" class=\"wp-caption-text\">Esperar tiempo-Segundos<\/p><\/div>\n<p>&nbsp;<\/p>\n<p>&nbsp;<\/p>\n<p>&nbsp;<\/p>\n<h4><\/h4>\n<div id=\"attachment_1176\" style=\"width: 100px\" class=\"wp-caption alignnone\"><img aria-describedby=\"caption-attachment-1176\" decoding=\"async\" loading=\"lazy\" class=\"size-full wp-image-1176\" src=\"http:\/\/probots.pedagogiadigital.com\/wp-content\/uploads\/2019\/11\/Esperar-con-toque.png\" alt=\"\" width=\"90\" height=\"101\" \/><p id=\"caption-attachment-1176\" class=\"wp-caption-text\">Esperar por Toque del sensor<\/p><\/div>\n<p>&nbsp;<\/p>\n<p><iframe loading=\"lazy\" src=\"https:\/\/drive.google.com\/file\/d\/1zFnem1rtKke576KnZc8V1EgdMj4gBxLI\/preview\" width=\"640\" height=\"480\"><\/iframe><\/p>\n<h2><span style=\"color: #000000;\"><b>Desaf\u00edo\u00a0a Resolver <\/b><strong>\u00a0<\/strong>.<\/span><\/h2>\n<p><span style=\"color: #000000;\">Se propone cambiar la programaci\u00f3n para obtener una nueva coreograf\u00eda del Autito bailar\u00edn.<\/span><\/p>\n<p><span style=\"color: #000000;\"><strong>Nueva coreograf\u00eda:\u00a0<\/strong> Girar 2 veces para un lado, girar dos veces para el otro, moverse adelante y luego hacia atr\u00e1s. Repetir esta rutina 3 veces mediante el bloque \u00abRepetir N veces\u00bb<\/span><\/p>\n<p>&nbsp;<\/p>\n<p>&nbsp;<\/p>\n<p>&nbsp;<\/p>\n<p>&nbsp;<\/p>\n<p>&nbsp;<\/p>\n<p>&nbsp;<\/p>\n<p>&nbsp;<\/p>\n<p>&nbsp;<\/p>\n<p>&nbsp;<\/p>\n","protected":false},"featured_media":1770,"comment_status":"open","ping_status":"closed","template":"","meta":{"_et_pb_use_builder":"","_et_pb_old_content":"","_joinchat":[]},"_links":{"self":[{"href":"https:\/\/misladrillos.com\/ml\/wp-json\/wp\/v2\/product\/1750"}],"collection":[{"href":"https:\/\/misladrillos.com\/ml\/wp-json\/wp\/v2\/product"}],"about":[{"href":"https:\/\/misladrillos.com\/ml\/wp-json\/wp\/v2\/types\/product"}],"replies":[{"embeddable":true,"href":"https:\/\/misladrillos.com\/ml\/wp-json\/wp\/v2\/comments?post=1750"}],"wp:featuredmedia":[{"embeddable":true,"href":"https:\/\/misladrillos.com\/ml\/wp-json\/wp\/v2\/media\/1770"}],"wp:attachment":[{"href":"https:\/\/misladrillos.com\/ml\/wp-json\/wp\/v2\/media?parent=1750"}],"curies":[{"name":"wp","href":"https:\/\/api.w.org\/{rel}","templated":true}]}}