{"id":1749,"date":"2020-03-18T03:14:41","date_gmt":"2020-03-18T03:14:41","guid":{"rendered":"http:\/\/misladrillos.com\/ml\/producto\/import-placeholder-for-1012\/"},"modified":"2024-02-05T19:50:34","modified_gmt":"2024-02-05T22:50:34","slug":"arduino-ventilador-con-control-de-velocidad","status":"publish","type":"product","link":"https:\/\/misladrillos.com\/ml\/producto\/arduino-ventilador-con-control-de-velocidad\/","title":{"rendered":"Arduino: VENTILADOR con CONTROL DE VELOCIDAD"},"content":{"rendered":"","protected":false},"excerpt":{"rendered":"<h1 class=\"entry-title post-title responsive\"><b>VENTILADOR CON POTENCI\u00d3METRO Y LED<\/b><\/h1>\n<p><span style=\"color: #000000;\">Utilizaremos el <strong>POTENCI\u00d3METRO <\/strong>para controlar la velocidad del <strong>MOTOR de Corriente Continua,\u00a0 que mueve las aspas del VENTILADOR<\/strong>. Agregamos un <strong>LED Bicolor<\/strong> para que cambie de color seg\u00fan la velocidad a la que gire el ventilador.<\/span><\/p>\n<p><iframe loading=\"lazy\" src=\"https:\/\/drive.google.com\/file\/d\/1BbHW4F0EIIzHhtiJogLZeBg7dT_467D-\/preview\" width=\"640\" height=\"480\"><\/iframe><\/p>\n<h2><b>Descripci\u00f3n del proyecto<\/b><\/h2>\n<p><span style=\"color: #000000;\">Los motores el\u00e9ctricos en la actualidad, son utilizados para diferentes tipos de aplicaciones, como automotrices, industriales, comerciales y domesticas.\u00a0 Se estima que en el futuro crecer\u00e1 la demanda de los mismos, a medida que se desarrollen los dispositivos electr\u00f3nicos de control, en este sentido.\u00a0 Este proyecto ha sido pensado para que se trabaje en una aplicaci\u00f3n de Control Electr\u00f3nico de un Motor de Corriente Continua, considerando sus principios de funcionamiento.<\/span><\/p>\n<p><span style=\"color: #000000;\"><span style=\"color: #000000;\">De este modo, construiremos una estructura de dise\u00f1o libre, que representa a un <\/span><strong style=\"color: #000000;\">Ventilador de 4 aspas<\/strong><span style=\"color: #000000;\"> que utiliza un<\/span><b style=\"color: #000000;\">\u00a0MOTOR de Corriente Continua (Motor DC)<\/b><span style=\"color: #000000;\">. Y cuyo control electr\u00f3nico de <strong>V<\/strong><\/span><strong style=\"color: #000000;\">elocidad, se realizara mediante\u00a0 <b style=\"color: #000000;\">la P<\/b><b>osici\u00f3n<\/b><b style=\"color: #000000;\"> de la Perilla de <\/b><\/strong><span style=\"color: #000000;\">un <\/span><b style=\"color: #000000;\">POTENCI\u00d3METRO.<\/b><b style=\"color: #000000;\"> \u00a0<\/b><span style=\"color: #000000;\">Agregamos un <\/span><strong style=\"color: #000000;\">Led Bicolor<\/strong><span style=\"color: #000000;\">, como una identificaci\u00f3n visual,\u00a0 que permanece en <\/span><strong style=\"color: #000000;\">verde<\/strong><span style=\"color: #000000;\"> cuando el motor est\u00e1 <\/span><strong style=\"color: #000000;\">detenido<\/strong><span style=\"color: #000000;\">, luego pasa a <\/span><strong style=\"color: #000000;\">amarillo<\/strong><span style=\"color: #000000;\"> cuando el motor gira a un V<\/span><strong style=\"color: #000000;\">elocidad Intermedia<\/strong><span style=\"color: #000000;\">, y finalmente pasa a <\/span><strong style=\"color: #000000;\">rojo<\/strong><span style=\"color: #000000;\"> cuando el motor llega al <\/span><strong style=\"color: #000000;\">segmento m\u00e1s alto de velocidad.\u00a0<\/strong><\/span><\/p>\n<p>&nbsp;<\/p>\n<h2><strong>Objetivos<\/strong><\/h2>\n<ul>\n<li>Aproximarse al conocimiento y el manejo de distintos componentes electr\u00f3nicos mediante la construcci\u00f3n de un ventilador de velocidad controlada.<\/li>\n<li>Analizar los fundamentos del control electr\u00f3nico de velocidad de un motor de Corriente Continua<\/li>\n<li>Familiarizarse con el uso de sensores anal\u00f3gicos,\u00a0 que dependen de movimientos mec\u00e1nicos.<\/li>\n<li>Analizar se\u00f1ales visuales de Marcha y Parada de Motores.<\/li>\n<li>Introducir teor\u00eda de circuitos en Corriente continua, Ley de Ohm,\u00a0 Divisor de tensiones.<\/li>\n<\/ul>\n<h2><strong>Piezas y dispositivos<\/strong><\/h2>\n<ul>\n<li><span style=\"color: #000000;\"><strong>Ladrillo inteligente R8<\/strong><\/span><\/li>\n<li><span style=\"color: #000000;\"><strong>Bater\u00eda<\/strong><\/span><\/li>\n<li><span style=\"color: #000000;\"><strong>Motor 1<\/strong><\/span><\/li>\n<li><span style=\"color: #000000;\"><strong>Led Bicolor<\/strong><\/span><\/li>\n<li><span style=\"color: #000000;\"><strong>Potenci\u00f3metro<\/strong><\/span><\/li>\n<li><span style=\"color: #000000;\"><strong>2 Cables RJ11<\/strong><\/span><\/li>\n<li><span style=\"color: #000000;\"><strong>1 Cable USB<\/strong><\/span><\/li>\n<\/ul>\n<h2><b>Sensores y Actuadores<\/b><\/h2>\n<h4><strong>Motor de corriente continua (Motor DC):<\/strong><\/h4>\n<div id=\"attachment_480\" style=\"width: 310px\" class=\"wp-caption alignnone\"><img aria-describedby=\"caption-attachment-480\" decoding=\"async\" loading=\"lazy\" class=\"wp-image-480 size-medium\" src=\"http:\/\/probots.pedagogiadigital.com\/wp-content\/uploads\/2019\/10\/motor-300x169.png\" alt=\"\" width=\"300\" height=\"169\" \/><p id=\"caption-attachment-480\" class=\"wp-caption-text\">Es una maquina el\u00e9ctrica que \u00a0convierte la energ\u00eda el\u00e9ctrica en mec\u00e1nica, provocando un movimiento rotatorio en su eje.\u00a0 Este motor maneja dos se\u00f1ales que permiten controlar su sentido y velocidad. El motor se puede utilizar en los conectores CON1 (Digital 11 y 12) CON2 (digital 6 y 8), CON3 (digital 13 y 4) y\u00a0 CON7 (digital 2 y 3)<\/p><\/div>\n<h4><strong>Potenciometro<\/strong><\/h4>\n<div id=\"attachment_1158\" style=\"width: 261px\" class=\"wp-caption alignnone\"><img aria-describedby=\"caption-attachment-1158\" decoding=\"async\" loading=\"lazy\" class=\"wp-image-1158\" src=\"http:\/\/probots.pedagogiadigital.com\/wp-content\/uploads\/2019\/11\/potenciometro-300x257.png\" alt=\"\" width=\"251\" height=\"214\" \/><p id=\"caption-attachment-1158\" class=\"wp-caption-text\">Es un sensor anal\u00f3gico que nos proporciona una resistencia variable seg\u00fan vayamos girando la perilla. Si est\u00e1 totalmente cerrado obtendremos la Salida alta (5 V), en cambio si esta totalmente abierto, nos dar\u00e1 la salida baja (0 V) y si se encuentra en una posici\u00f3n intermedia, obtendremos una fracci\u00f3n del voltaje de entrada proporcional a la posici\u00f3n en la que se encuentre. El principio de funcionamiento se basa en un divisor de tensi\u00f3n. Un potenci\u00f3metro puede ser empleado, por ejemplo, para realizar el control de velocidad de un motor, el control de luminosidad de una lampara, etc, etc. La lectura de valores obtenidos, oscilar\u00e1 entre 0 y 1023. Donde es 0 cuando el sensor est\u00e1 totalmente abierto y 1023 cuando est\u00e1 totalmente cerrado. Puede ser utilizado en los conectores del \u201cR8\u201d que figure la letra \u201cA\u201d de anal\u00f3gicos.<\/p><\/div>\n<div class=\"mceTemp\"><\/div>\n<h4><strong>Led Bicolor<\/strong><\/h4>\n<div id=\"attachment_451\" style=\"width: 310px\" class=\"wp-caption alignnone\"><img aria-describedby=\"caption-attachment-451\" decoding=\"async\" loading=\"lazy\" class=\"wp-image-451 size-medium\" src=\"http:\/\/probots.pedagogiadigital.com\/wp-content\/uploads\/2019\/10\/LED-bicolor-300x197.jpg\" alt=\"\" width=\"300\" height=\"197\" \/><p id=\"caption-attachment-451\" class=\"wp-caption-text\">Un LED es un diodo emisor de luz, es decir, un tipo particular de diodo que emite luz al ser atravesado por una corriente el\u00e9ctrica.\u00a0 En particular el LED bicolor \u00a0tiene la posibilidad de tener color verde, color rojo o mezclar ambos, logrando una tonalidad naranja.\u00a0 Es ideal para darle luz y colores a nuestras construcciones Rob\u00f3ticas. Se puede utilizar en todos los puertos de \u00abR8\u00bb.<\/p><\/div>\n<h2><b>\u00a1A conectar los componentes!<\/b><\/h2>\n<p><span style=\"color: #000000;\">Conectar el <strong>Motor 1<\/strong> a <strong>CON1<\/strong> ( Pin Digital 11 y 12) del Ladrillo Inteligente \u00abR8\u00bb<\/span><\/p>\n<p><span style=\"color: #000000;\">Conectar el <strong>Potenci\u00f3metro<\/strong> a <strong>CON5 <\/strong>( Pin Digital 9 y Anal\u00f3gico 0) del Ladrillo Inteligente \u00abR8\u00bb<\/span><\/p>\n<p><span style=\"color: #000000;\">Conectar el <strong>Led Bicolor<\/strong> a <strong>CON3<\/strong> ( Pin Digital 13 y D 4) del Ladrillo Inteligente \u00abR8\u00bb<\/span><\/p>\n<p><iframe loading=\"lazy\" src=\"https:\/\/drive.google.com\/file\/d\/1HJZNNV6NNfMVnfMR79XIk6yp_8MgKk6V\/preview\" width=\"640\" height=\"480\"><\/iframe><\/p>\n<p>&nbsp;<\/p>\n<h2><strong>\u00a1Es hora de programar!<\/strong><\/h2>\n<h3><b>Descripci\u00f3n<\/b><strong>\u00a0del programa<\/strong><\/h3>\n<p><strong>Comienzo del programa:<\/strong><\/p>\n<p>El rango de valores le\u00eddos por parte del Potenci\u00f3metro, que va desde \u00ab0\u00bb a \u00ab1023\u00bb, se convierte en un nuevo rango de valores, que va desde 0 a 100.\u00a0 Los datos de este \u00faltimo Rango, se almacenan en una Variable que llamaremos <strong>\u00abVelocidad\u00bb.\u00a0 <\/strong>El valor le\u00eddo del Potenci\u00f3metro \u00ab1023\u00bb corresponde a Velocidad \u00ab0\u00bb (detenido) y El valor le\u00eddo del Potenci\u00f3metro \u00ab0\u00bb corresponde a Velocidad \u201c100\u201d (M\u00e1xima)<\/p>\n<p>Si el valor le\u00eddo del Potenci\u00f3metro es 1023:<\/p>\n<ul>\n<li>El motor est\u00e1 detenido.<\/li>\n<li>El Led Bicolor en verde.<\/li>\n<\/ul>\n<p>Si el valor le\u00eddo del Potenci\u00f3metro es &lt;1023 (menor a):<\/p>\n<ul>\n<li>El motor gira a la velocidad &#8211; entre 0 y 100 &#8211; que corresponda con el\u00a0valor que le demos al Potenci\u00f3metro.<\/li>\n<\/ul>\n<p><strong>Sub Rutina<\/strong><\/p>\n<p>Si la velocidad del motor es &lt;50:<\/p>\n<ul>\n<li style=\"list-style-type: none;\">\n<ul>\n<li>El Led Bicolor est\u00e1 en Amarillo<\/li>\n<\/ul>\n<\/li>\n<\/ul>\n<p>Si la velocidad del motor es &gt;50:<\/p>\n<ul>\n<li style=\"list-style-type: none;\">\n<ul>\n<li>El Led Bicolor est\u00e1 en Rojo.<\/li>\n<\/ul>\n<\/li>\n<\/ul>\n<p>Se retorna al inicio del <strong>Bucle<\/strong><\/p>\n<p>&nbsp;<\/p>\n<p><iframe loading=\"lazy\" src=\"https:\/\/drive.google.com\/file\/d\/1SSm3kJEXBZbrtWEiRaiK_w2yeLEfN8Cm\/preview\" width=\"640\" height=\"480\"><\/iframe><\/p>\n<p><img decoding=\"async\" loading=\"lazy\" class=\"alignnone wp-image-516\" src=\"http:\/\/probots.pedagogiadigital.com\/wp-content\/uploads\/2019\/10\/Foto-Progr-SENSOR-IR-300x146.jpg\" alt=\"\" width=\"511\" height=\"248\" \/><\/p>\n<p><strong><span style=\"color: #000000;\">Descarga del programa<\/span> (<a href=\"https:\/\/drive.google.com\/file\/d\/1rJYkmr2qcuEOhEb94ZhktH-NT2map801\/view?usp=sharing\" target=\"_blank\" rel=\"noopener noreferrer\">Link<\/a>)<\/strong><\/p>\n<h3><strong>Armado del Programa\u00a0<\/strong><\/h3>\n<p><span style=\"color: #000000;\">Utilizaremos los siguientes bloques:<\/span><\/p>\n<h4><strong>Control:<\/strong><\/h4>\n<ul>\n<li><span style=\"color: #000000;\"><strong>\u00abBucle\u00bb<\/strong>\u00a0que ejecutara la acci\u00f3n en forma indefinida<\/span><\/li>\n<li><strong>\u00abSubrutina con Comandos\u00bb <\/strong>Es un segmento de c\u00f3digo que est\u00e1 separado del c\u00f3digo principal del programa, que realiza una tarea espec\u00edfica y regresa a la zona del programa donde fue llamada.Las subrutinas, nos ayudan\u00a0 a ser m\u00e1s organizado separando por nombres las \u00abrutinas\u00bb haciendo que el c\u00f3digo sea legible.<\/li>\n<li><strong>\u00abRutina\u00bb <\/strong>es el bloque que se utiliza para llamar al c\u00f3digo que aparece en la \u00abSubrutina con Comandos\u00bb<\/li>\n<li><span style=\"color: #000000;\"><strong>\u00abSi\u00bb <\/strong>que ejecuta instrucciones si se cumple la condici\u00f3n..<\/span><\/li>\n<\/ul>\n<h4><strong>Prueba:<\/strong><\/h4>\n<ul>\n<li><span style=\"color: #000000;\"><strong>\u00abIgual a\u00bb<\/strong><\/span><\/li>\n<li><span style=\"color: #000000;\"><strong>\u00abMayor a\u00bb<\/strong><\/span><\/li>\n<\/ul>\n<h4><strong>Variables\/Constantes<\/strong><\/h4>\n<p>Las variables son espacios reservados en la memoria y pueden cambiar de contenido a lo largo de la ejecuci\u00f3n de un programa.\u00a0 Los datos que guardamos en las variables pueden ser de diferentes tipos por ejemplo, texto, n\u00fameros decimales, enteros<\/p>\n<ul>\n<li style=\"list-style-type: none;\">\n<ul>\n<li><strong>\u00abConfigura variable Integer\u00bb:\u00a0 \u00a0<\/strong>Es un tipo de variable que almacena\u00a0 solo n\u00fameros enteros<\/li>\n<\/ul>\n<\/li>\n<\/ul>\n<h4><span style=\"color: #000000;\"><strong>Bloques de Probots \u2013 Mis Ladrillos:<\/strong><\/span><\/h4>\n<ul>\n<li><span style=\"color: #000000;\"><strong>\u00abMotor\u00bb<\/strong>.<\/span><\/li>\n<li><span style=\"color: #000000;\"><strong>\u00abPotenci\u00f3metro\u00bb<\/strong><\/span><\/li>\n<li><span style=\"color: #000000;\"><strong>\u00abLed Bicolor\u00bb<\/strong><\/span><\/li>\n<\/ul>\n<p>&nbsp;<\/p>\n<p><iframe loading=\"lazy\" src=\"https:\/\/drive.google.com\/file\/d\/1Q3_7uqKEDqF1qYc9O6mbO9bVL21PNZ7M\/preview\" width=\"640\" height=\"480\"><\/iframe><\/p>\n<p>&nbsp;<\/p>\n<h2><b>Desaf\u00edo a Resolver <\/b><strong>\u00a0<\/strong>.<\/h2>\n<p>Se propone modificar el programa y reemplazar el Potenci\u00f3metro por un Sensor de Tacto Capacitivo, de manera tal que este \u00faltimo Sensor pare y arranque el ventilador.<\/p>\n<p>&nbsp;<\/p>\n<p>&nbsp;<\/p>\n<p>&nbsp;<\/p>\n","protected":false},"featured_media":1769,"comment_status":"open","ping_status":"closed","template":"","meta":{"_et_pb_use_builder":"","_et_pb_old_content":"","_joinchat":[]},"_links":{"self":[{"href":"https:\/\/misladrillos.com\/ml\/wp-json\/wp\/v2\/product\/1749"}],"collection":[{"href":"https:\/\/misladrillos.com\/ml\/wp-json\/wp\/v2\/product"}],"about":[{"href":"https:\/\/misladrillos.com\/ml\/wp-json\/wp\/v2\/types\/product"}],"replies":[{"embeddable":true,"href":"https:\/\/misladrillos.com\/ml\/wp-json\/wp\/v2\/comments?post=1749"}],"wp:featuredmedia":[{"embeddable":true,"href":"https:\/\/misladrillos.com\/ml\/wp-json\/wp\/v2\/media\/1769"}],"wp:attachment":[{"href":"https:\/\/misladrillos.com\/ml\/wp-json\/wp\/v2\/media?parent=1749"}],"curies":[{"name":"wp","href":"https:\/\/api.w.org\/{rel}","templated":true}]}}