{"id":1746,"date":"2020-03-18T03:14:41","date_gmt":"2020-03-18T03:14:41","guid":{"rendered":"http:\/\/misladrillos.com\/ml\/producto\/import-placeholder-for-780\/"},"modified":"2020-03-18T03:15:23","modified_gmt":"2020-03-18T03:15:23","slug":"arduino-estacionamiento-con-indicador-visual","status":"publish","type":"product","link":"https:\/\/misladrillos.com\/ml\/producto\/arduino-estacionamiento-con-indicador-visual\/","title":{"rendered":"Arduino: Estacionamiento con indicador Visual"},"content":{"rendered":"","protected":false},"excerpt":{"rendered":"<h1 class=\"entry-title post-title responsive\"><span style=\"font-size: 41.8868px;\"><b>DETECCI\u00d3N<\/b><\/span><b>\u00a0DE <\/b><span style=\"font-size: 41.8868px;\"><b>VEH\u00cdCULOS<\/b><\/span><b>\u00a0EN ESTACIONAMIENTO<\/b><\/h1>\n<p><span style=\"color: #000000;\">Utilizaremos el <strong>SENSOR DE ULTRASONIDO<\/strong><\/span>, para detectar si el lugar de estacionamiento est\u00e1 ocupado o disponible.<\/p>\n<p><iframe loading=\"lazy\" src=\"https:\/\/drive.google.com\/file\/d\/1EXjsJxbhYPHC8N3p02OcHOGX8Vk7bSZn\/preview\" width=\"640\" height=\"480\"><\/iframe><\/p>\n<h2><b>Descripci\u00f3n del proyecto<\/b><\/h2>\n<p>En esta actividad construiremos una estructura alta en la que ubicaremos arriba el <span style=\"color: #000000;\"><strong>Sensor ULTRAS\u00d3NICO<\/strong><\/span> apuntando hacia el piso. En la misma parte alta ubicaremos un <span style=\"color: #000000;\"><strong>LED Bicolor<\/strong><\/span> que indicar\u00e1, con una <span style=\"color: #000000;\"><strong>luz\u00a0 roja, si el Sensor Ultras\u00f3nico detecta un objeto<\/strong><\/span> (en este caso, un autom\u00f3vil) en el sitio de estacionamiento. <span style=\"color: #000000;\"><strong>Si el Sensor Ultras\u00f3nico no detecta<\/strong><\/span> ning\u00fan objeto,\u00a0 el <span style=\"color: #000000;\"><strong>Led encender\u00e1 en una luz verde<\/strong><\/span> e indicar\u00e1 que el estacionamiento est\u00e1 disponible.<\/p>\n<p>En nuestro proyecto, establecimos que la <span style=\"color: #000000;\">distancia l\u00edmite, que sera medida por el Sensor de ULTRASONIDO,\u00a0 es de 10 cm<\/span>. Si el sensor toma una distancia mayor, significa que el lugar est\u00e1 vac\u00edo.<\/p>\n<p>Es importante destacar que el valor de la <strong>\u00abdistancia\u00bb <\/strong>puede variar y\u00a0se deber\u00e1 definir en funci\u00f3n de la estructura que construya cada equipo .<\/p>\n<h2><strong>Objetivos<\/strong><\/h2>\n<ul>\n<li>Aproximarse al conocimiento y el manejo de distintos componentes electr\u00f3nicos mediante la construcci\u00f3n de un estacionamiento inteligente.<\/li>\n<li>Analizar el funcionamiento de los sensores de distancia por Ultrasonido.<\/li>\n<li>Analizar el uso de se\u00f1ales visuales en la vida cotidiana.<\/li>\n<\/ul>\n<h2><strong>Piezas y dispositivos<\/strong><\/h2>\n<ul>\n<li><strong>Ladrillo inteligente R8,<\/strong><\/li>\n<li><strong>Bater\u00eda<\/strong><\/li>\n<li><b>Sensor Ultras\u00f3nico<\/b><\/li>\n<li><strong>Led Bicolor<\/strong><\/li>\n<li><strong>Cables Rj11<\/strong><\/li>\n<\/ul>\n<h2><b>Sensores y Actuadores<\/b><\/h2>\n<h4><strong>Sensor de ultrasonido:<\/strong><\/h4>\n<h4><\/h4>\n<div id=\"attachment_479\" style=\"width: 310px\" class=\"wp-caption alignnone\"><img aria-describedby=\"caption-attachment-479\" decoding=\"async\" loading=\"lazy\" class=\"wp-image-479 size-medium\" src=\"http:\/\/probots.pedagogiadigital.com\/wp-content\/uploads\/2019\/10\/ultrasonido-300x120.jpg\" alt=\"\" width=\"300\" height=\"120\" \/><p id=\"caption-attachment-479\" class=\"wp-caption-text\">es un componente que utiliza ondas de alta frecuencia para conocer la distancia que lo separa de un objeto. Este tipo de sensores tiene dos partes, una es el emisor que emite la se\u00f1al y la otra el receptor que recibe la se\u00f1al cuando \u00e9sta rebota sobre alg\u00fan obst\u00e1culo cercano. Este sistema es el mismo que utilizan los murci\u00e9lagos para orientarse y se aplica de forma similar en rob\u00f3tica para detectar obst\u00e1culos y medir distancias. El sensor de Ultrasonido se puede utilizar en los conectores CON1 (Digital 11 y 12) CON2 (digital 6 y 8), CON3 (digital 13 y 4) y\u00a0 CON7 (digital 2 y 3)<\/p><\/div>\n<h4><\/h4>\n<h4><strong>Led Bicolor<\/strong><\/h4>\n<div id=\"attachment_451\" style=\"width: 310px\" class=\"wp-caption alignnone\"><img aria-describedby=\"caption-attachment-451\" decoding=\"async\" loading=\"lazy\" class=\"wp-image-451 size-medium\" src=\"http:\/\/probots.pedagogiadigital.com\/wp-content\/uploads\/2019\/10\/LED-bicolor-300x197.jpg\" alt=\"\" width=\"300\" height=\"197\" \/><p id=\"caption-attachment-451\" class=\"wp-caption-text\">Un LED es un diodo emisor de luz, es decir, un tipo particular de diodo que emite luz al ser atravesado por una corriente el\u00e9ctrica.\u00a0 En particular el LED bicolor \u00a0tiene la posibilidad de tener color verde, color rojo o mezclar ambos, logrando una tonalidad naranja.\u00a0 Es ideal para darle luz y colores a nuestras construcciones Rob\u00f3ticas. Se puede utilizar en todos los puertos de \u00abR8\u00bb.<\/p><\/div>\n<h4><\/h4>\n<h2><del><\/del><b>\u00a1A conectar los componentes!<\/b><\/h2>\n<p>Conecta<span style=\"color: #000000;\">r el <b>Ultras\u00f3nico a<\/b>\u00a0<strong>CON1<\/strong> ( Pin Digital 11 y 12) del Ladrillo Inteligente \u00abR8\u00bb<\/span><\/p>\n<p><span style=\"color: #000000;\">Conectar el Led Bicolor \u00a0a <strong>CON3 <\/strong><\/span><span style=\"color: #000000;\">( Pin Digital 13 y 4) del Ladrillo Inteligente \u00abR8\u00bb<\/span><\/p>\n<p><iframe loading=\"lazy\" src=\"https:\/\/drive.google.com\/file\/d\/11Cs4GEkM260aEfnd169xo87YpIYIkysb\/preview\" width=\"640\" height=\"480\"><\/iframe><\/p>\n<h2><strong>\u00a1Es hora de programar!<\/strong><\/h2>\n<h3><b>Descripci\u00f3n<\/b><strong>\u00a0del programa<\/strong><\/h3>\n<p><strong>Comienzo del programa<\/strong><\/p>\n<p><strong>Inicio del Bucle<\/strong><\/p>\n<p>Si el valor del sensor Ultras\u00f3nico es menor a 10<\/p>\n<ul>\n<li>Se enciende la luz roja del Led Bicolor.<\/li>\n<\/ul>\n<p>Si el valor del sensor Ultras\u00f3nico es mayor a 10<\/p>\n<ul>\n<li>Se enciende la luz verde del Led Bicolor.<\/li>\n<\/ul>\n<p>Se retorna al inicio del <strong>Bucle<\/strong><\/p>\n<p>&nbsp;<\/p>\n<p><iframe loading=\"lazy\" src=\"https:\/\/drive.google.com\/file\/d\/1-i5ThF8JU9x7J5oHZDVOMg-0iXoRyFIR\/preview\" width=\"640\" height=\"480\"><\/iframe><\/p>\n<p><img decoding=\"async\" loading=\"lazy\" class=\"alignnone wp-image-516\" src=\"http:\/\/probots.pedagogiadigital.com\/wp-content\/uploads\/2019\/10\/Foto-Progr-SENSOR-IR-300x146.jpg\" alt=\"\" width=\"511\" height=\"248\" \/><\/p>\n<p><strong>Descarga del programa (<a href=\"https:\/\/drive.google.com\/file\/d\/1mdMhjRKicGZH5ECxlwKbNyFo1AMk71S3\/view?usp=sharing\" target=\"_blank\" rel=\"noopener noreferrer\">Link<\/a>)<\/strong><\/p>\n<h3><strong>Armado del Programa\u00a0<\/strong><\/h3>\n<p>Utilizaremos los siguientes bloques:<\/p>\n<h4><strong>Control:<\/strong><\/h4>\n<ul>\n<li><strong>\u00abBucle\u00bb<\/strong>\u00a0que ejecutara la acci\u00f3n en forma indefinida<\/li>\n<li><strong>\u00abSi\/Entonces\u00bb <\/strong>que ejecuta instrucciones de manera condicional dependiendo si la misma es verdadera o falsa.<\/li>\n<\/ul>\n<h4><strong>Prueba:<\/strong><\/h4>\n<ul>\n<li><strong>\u00abMenor a\u00bb<\/strong><\/li>\n<\/ul>\n<h4><strong>Bloques de Probots \u2013 Mis Ladrillos:<\/strong><\/h4>\n<ul>\n<li><strong>\u00abSensor Ultras\u00f3nico\u00bb<\/strong><\/li>\n<li><strong>\u00abLed Bicolor\u00bb<\/strong><\/li>\n<\/ul>\n<p><iframe loading=\"lazy\" src=\"https:\/\/drive.google.com\/file\/d\/1_OW179uTGO2UbzgwKiMDGI34mwz5DREx\/preview\" width=\"640\" height=\"480\"><\/iframe><\/p>\n<h2><b>Desafi\u00f3 a Resolver <\/b><strong>\u00a0<\/strong>.<\/h2>\n<p>Modifique el programa para poder realizar el conteo de veh\u00edculos, que ocuparon el estacionamiento, durante el desarrollo de la clase.\u00a0 Dicho conteo se deber\u00e1 visualizar a trav\u00e9s del \u00abMonitor Serie\u00bb de Arduino.<\/p>\n<p>&nbsp;<\/p>\n<p>&nbsp;<\/p>\n<p>&nbsp;<\/p>\n<p>&nbsp;<\/p>\n<p>&nbsp;<\/p>\n<p>&nbsp;<\/p>\n","protected":false},"featured_media":1766,"comment_status":"open","ping_status":"closed","template":"","meta":{"_et_pb_use_builder":"","_et_pb_old_content":"","_joinchat":[]},"_links":{"self":[{"href":"https:\/\/misladrillos.com\/ml\/wp-json\/wp\/v2\/product\/1746"}],"collection":[{"href":"https:\/\/misladrillos.com\/ml\/wp-json\/wp\/v2\/product"}],"about":[{"href":"https:\/\/misladrillos.com\/ml\/wp-json\/wp\/v2\/types\/product"}],"replies":[{"embeddable":true,"href":"https:\/\/misladrillos.com\/ml\/wp-json\/wp\/v2\/comments?post=1746"}],"wp:featuredmedia":[{"embeddable":true,"href":"https:\/\/misladrillos.com\/ml\/wp-json\/wp\/v2\/media\/1766"}],"wp:attachment":[{"href":"https:\/\/misladrillos.com\/ml\/wp-json\/wp\/v2\/media?parent=1746"}],"curies":[{"name":"wp","href":"https:\/\/api.w.org\/{rel}","templated":true}]}}