{"id":1744,"date":"2020-03-18T03:14:41","date_gmt":"2020-03-18T03:14:41","guid":{"rendered":"http:\/\/misladrillos.com\/ml\/producto\/import-placeholder-for-734\/"},"modified":"2022-05-13T09:58:50","modified_gmt":"2022-05-13T12:58:50","slug":"microbit-semaforo-con-cuenta-regresiva","status":"publish","type":"product","link":"https:\/\/misladrillos.com\/ml\/producto\/microbit-semaforo-con-cuenta-regresiva\/","title":{"rendered":"Microbit : SEM\u00c1FORO CON CUENTA REGRESIVA"},"content":{"rendered":"","protected":false},"excerpt":{"rendered":"<h1><strong>Dispositivo de Cuenta Regresiva para Sem\u00e1foro<\/strong><\/h1>\n<p><span style=\"color: #000000;\"><span style=\"color: #000000;\"><span style=\"color: #000000;\"><span style=\"font-size: 16px;\">Utilizaremos los 25 Led programables de la tarjeta\u00a0 Micro:bit, para construir un m\u00f3dulo\u00a0 de cuenta regresiva\u00a0 para un sem\u00e1foro .<\/span><\/span><\/span><\/span><\/p>\n<p><iframe loading=\"lazy\" src=\"https:\/\/drive.google.com\/file\/d\/11LO139ztgN7b5hOzZQKVE_79FBn-SZlr\/preview\" width=\"640\" height=\"480\"><\/iframe><\/p>\n<h2><b>Descripci\u00f3n del proyecto<\/b><\/h2>\n<p>Los Dispositivos de cuenta regresiva para sem\u00e1foros, proporciona a los transe\u00fantes y conductores,\u00a0 la posibilidad de saber cuanto tiempo resta para el cambio de color. Estos dispositivos b\u00e1sicamente son un\u00a0 complemento en la seguridad vial, y el objetivo es tratar de evitar que los automovilistas realicen frenadas abruptas o crucen con luz roja.<\/p>\n<p>Estos dispositivos\u00a0 est\u00e1n compuestos de un contador num\u00e9rico regresivo, construidos con LEDs y se instala junto a las luces del sem\u00e1foro, para indicar el tiempo de Luz Verde, Luz Amarilla y Luz Roja.<\/p>\n<p>El Modelo de sem\u00e1foro es libre<\/p>\n<h2><strong>Piezas y dispositivos<\/strong><\/h2>\n<ul>\n<li><b>Placa de expansi\u00f3n Microbit &#8211;\u00a0 R8\u00a0<\/b><\/li>\n<li><strong>Bater\u00eda<\/strong><\/li>\n<li><strong>Barra de 8 Leds Neopixel\u00a0<\/strong><\/li>\n<li><b>1 Tarjetas Micro: bit <\/b><\/li>\n<\/ul>\n<h2><b>Sensores, Actuadores y <\/b><b>Comunicaci\u00f3n<\/b><\/h2>\n<h4><strong>Leds Adafruit NeoPixel\u00a0<\/strong><\/h4>\n<p>&nbsp;<\/p>\n<div id=\"attachment_737\" style=\"width: 252px\" class=\"wp-caption aligncenter\"><img aria-describedby=\"caption-attachment-737\" decoding=\"async\" loading=\"lazy\" class=\"wp-image-737\" src=\"http:\/\/probots.pedagogiadigital.com\/wp-content\/uploads\/2019\/10\/Led-Neo-pixel.png\" alt=\"\" width=\"242\" height=\"68\" \/><p id=\"caption-attachment-737\" class=\"wp-caption-text\">Los tecnolog\u00eda NeoPixel nos permite enlazar multitud LEDs RGB y controlarlos con un solo cable de datos, ahorr\u00e1ndonos multitud de cables y simplificando la instalaci\u00f3n. Podemos conectar esta barra de Leds en cualquier conector R8<\/p><\/div>\n<h4><\/h4>\n<h4><strong>Led en Microbit:<\/strong><\/h4>\n<div id=\"attachment_203\" style=\"width: 277px\" class=\"wp-caption aligncenter\"><img aria-describedby=\"caption-attachment-203\" decoding=\"async\" loading=\"lazy\" class=\"wp-image-203\" src=\"http:\/\/probots.pedagogiadigital.com\/wp-content\/uploads\/2019\/09\/beating-heart.gif\" alt=\"\" width=\"267\" height=\"215\" \/><p id=\"caption-attachment-203\" class=\"wp-caption-text\">LED significa Diodo Emisor de Luz. El micro:bit tiene 25 LED programables individualmente, lo que te permite visualizar texto, n\u00fameros e im\u00e1genes.<\/p><\/div>\n<h2><b>\u00a1A conectar los componentes!<\/b><\/h2>\n<p><span style=\"color: #000000;\">Conectar el LEDs Neopixel a <strong>CON8<\/strong>\u00a0<\/span><\/p>\n<h1><iframe loading=\"lazy\" src=\"https:\/\/drive.google.com\/file\/d\/1Gn8ZXV-AeMhamjpE1vlll5K6APiD55sH\/preview\" width=\"640\" height=\"480\"><\/iframe><\/h1>\n<h2><strong>\u00a1Es hora de programar!<\/strong><\/h2>\n<h3><b>Descripci\u00f3n<\/b><strong>\u00a0del programa<\/strong><\/h3>\n<p>Utilizaremos el ciclo \u00abFor\u00bb(ver <a href=\"https:\/\/makecode.microbit.org\/blocks\/loops\/for\">link<\/a>) y la variable \u00abIndex\u00bb de dicho ciclo, para crear la cuenta regresiva en cada Color.<\/p>\n<p><strong>Comienzo del programa en el bucle \u00abPara Siempre\u00bb<\/strong><\/p>\n<p><strong>Primer Ciclo \u00abFor\u00bb:<\/strong>\u00a0 Cinco repeticiones (de 0 a 4)<\/p>\n<ul>\n<li>\u00a0 \u00a0 \u00a0 \u00a0 Activar los primero 3 Leds de la barra Neopixel en color Rojo<\/li>\n<li>\u00a0 \u00a0 \u00a0 \u00a0 Realizar una espera de 1000 ms por cada ciclo<\/li>\n<li>\u00a0 \u00a0 \u00a0 \u00a0 Mostrar en la pantalla Led de la Micro: bit, la diferencia entre el numero \u00ab5\u00bb y los valores que va adquiriendo la variable \u00abindex\u00bb en cada ciclo \u00abFor\u00bb<\/li>\n<\/ul>\n<p>Borrar los colores de la barra de Leds Neopixel<\/p>\n<p><strong>Segundo Ciclo \u00abFor\u00bb:\u00a0 <\/strong>Tres\u00a0repeticiones (de 0 a 2)<\/p>\n<ul>\n<li>\u00a0 \u00a0 \u00a0 \u00a0 Activar los Leds 4 y 5 de la barra Neopixel en color Amarillo.<\/li>\n<li>\u00a0 \u00a0 \u00a0 \u00a0 Realizar una espera de 1000 ms\u00a0 por cada ciclo<\/li>\n<li>\u00a0 \u00a0 \u00a0 \u00a0 Mostrar en la pantalla Led de Micro: bit, la diferencia entre el numero \u00ab3\u00bb y los valores que va adquiriendo la variable \u00abindex\u00bb en cada ciclo \u00abFor\u00bb<\/li>\n<\/ul>\n<p>Borrar los colores de la barra de Leds Neopixel<\/p>\n<p><strong>Tercer Ciclo \u00abFor\u00bb:<\/strong>\u00a0 Cinco repeticiones (de 0 a 4)<\/p>\n<ul>\n<li>\u00a0 \u00a0 \u00a0 \u00a0 Activar los Leds 6, 7 y 8 de la barra de Leds Neopixel en color Verde.<\/li>\n<li>\u00a0 \u00a0 \u00a0 \u00a0 Realizar una espera de 1000 ms\u00a0 por cada ciclo<\/li>\n<li>\u00a0 \u00a0 \u00a0 \u00a0 Mostrar en la pantalla Led de Micro: bit, la diferencia entre el numero \u00ab5\u00bb y los valores que va adquiriendo la variable \u00abindex\u00bb en cada ciclo \u00abFor\u00bb<\/li>\n<\/ul>\n<p>Borrar los colores de la barra de Leds Neopixel<\/p>\n<p><strong>Cuarto Ciclo \u00abFor\u00bb:<\/strong> Tres repeticiones (de 0 a 2)<\/p>\n<ul>\n<li>\u00a0 \u00a0 \u00a0 \u00a0 Activar los Leds 4 y 5 de la barra de Leds Neopixel en color Amarillo.<\/li>\n<li>\u00a0 \u00a0 \u00a0 \u00a0 Realizar una espera de 1000 ms (un segundo) por cada ciclo<\/li>\n<li>\u00a0 \u00a0 \u00a0 \u00a0 Mostrar en la pantalla Led de Micro: bit, la diferencia entre el numero \u00ab3\u00bb y los valores que va adquiriendo la variable \u00abindex\u00bb en cada ciclo \u00abFor\u00bb<\/li>\n<\/ul>\n<p>Borrar los colores de la barra de Leds Neopixel<\/p>\n<p><strong>Se vuelve al inicio del programa y se repite el ciclo en forma indefinida.<\/strong><\/p>\n<h3><strong>Programa Sem\u00e1foro con Cuenta Regresiva\u00a0\u00a0<\/strong><\/h3>\n<div style=\"position: relative; height: 0; padding-bottom: 70%; overflow: hidden;\"><iframe style=\"position: absolute; top: 0; left: 0; width: 100%; height: 100%;\" src=\"https:\/\/makecode.microbit.org\/#pub:_2j806DhuCCXW\" frameborder=\"0\" sandbox=\"allow-popups allow-forms allow-scripts allow-same-origin\"><\/iframe><\/div>\n<pre><strong>Descarga del Programa<\/strong> <strong>(<a href=\"https:\/\/drive.google.com\/file\/d\/1p-LNhYGKLuW889DN5Pv0iCY6za3ofq89\/view?usp=sharing\">Link<\/a>)<\/strong><\/pre>\n<h2><b>Desafio a Resolver <\/b><strong>\u00a0<\/strong>.<\/h2>\n<p>Se propone sumar un parlante al sem\u00e1foro construido y adicionar un sonido diferente para cada color.\u00a0 De manera tal que una persona no vidente, pueda percibir los colores a trav\u00e9s del sentido auditivo.<\/p>\n<p>&nbsp;<\/p>\n<p>&nbsp;<\/p>\n<p>&nbsp;<\/p>\n<p>&nbsp;<\/p>\n<p>&nbsp;<\/p>\n","protected":false},"featured_media":1764,"comment_status":"open","ping_status":"closed","template":"","meta":{"_et_pb_use_builder":"","_et_pb_old_content":"","_joinchat":[]},"_links":{"self":[{"href":"https:\/\/misladrillos.com\/ml\/wp-json\/wp\/v2\/product\/1744"}],"collection":[{"href":"https:\/\/misladrillos.com\/ml\/wp-json\/wp\/v2\/product"}],"about":[{"href":"https:\/\/misladrillos.com\/ml\/wp-json\/wp\/v2\/types\/product"}],"replies":[{"embeddable":true,"href":"https:\/\/misladrillos.com\/ml\/wp-json\/wp\/v2\/comments?post=1744"}],"wp:featuredmedia":[{"embeddable":true,"href":"https:\/\/misladrillos.com\/ml\/wp-json\/wp\/v2\/media\/1764"}],"wp:attachment":[{"href":"https:\/\/misladrillos.com\/ml\/wp-json\/wp\/v2\/media?parent=1744"}],"curies":[{"name":"wp","href":"https:\/\/api.w.org\/{rel}","templated":true}]}}