{"id":1741,"date":"2020-03-18T03:14:41","date_gmt":"2020-03-18T03:14:41","guid":{"rendered":"http:\/\/misladrillos.com\/ml\/producto\/import-placeholder-for-659\/"},"modified":"2023-01-19T10:19:51","modified_gmt":"2023-01-19T13:19:51","slug":"arduino-piano-de-tres-notas","status":"publish","type":"product","link":"https:\/\/misladrillos.com\/ml\/producto\/arduino-piano-de-tres-notas\/","title":{"rendered":"Arduino: PIANO DE TRES NOTAS"},"content":{"rendered":"","protected":false},"excerpt":{"rendered":"<h1 class=\"entry-title post-title responsive\"><strong>Piano: Parlante y 3 Pulsadores<\/strong><\/h1>\n<p><span style=\"color: #000000;\">Utilizaremos tres pulsadores: <strong><span style=\"color: #000000;\">1_<\/span>TACTO CAPACITIVO, 2_CHOQUE\/FIN DE CARRERA, 3_TACTO\/PULSADOR<\/strong><\/span>, que activar\u00e1n el <strong>S<\/strong><span style=\"color: #000000;\"><strong>onido del PARLANTE<\/strong><\/span>,\u00a0 programado con una frecuencia de sonido correspondiente a una nota musical.<\/p>\n<p><iframe loading=\"lazy\" src=\"https:\/\/drive.google.com\/file\/d\/13CNZLky1IoSAT-msON3alTezBns9Aq0I\/preview\" width=\"640\" height=\"480\"><\/iframe><\/p>\n<h2><b>Descripci\u00f3n del proyecto<\/b><\/h2>\n<p>En esta actividad construiremos un <span style=\"color: #000000;\"><strong>Piano de 3 Notas <\/strong>cuyo dise\u00f1o es libre, <span style=\"color: #333333;\">en el mismo <\/span>ubicaremos los 3 pulsadores incluidos en el Kit: <strong>1) TACTO\/PULSADOR\u00a0 2) CHOQUE\/FIN DE CARRERA, 3) TACTO CAPACITIVO<\/strong> en la parte frontal de la misma estructura. Cada uno de los pulsadores, al ser activado, emitir\u00e1 una se\u00f1al al <strong>PARLANTE<\/strong>, que estar\u00e1 programado con una determinada <strong>frecuencia<\/strong>\/nota musical y una <strong>duraci\u00f3n en milisegundos<\/strong>.<\/span><\/p>\n<p><span style=\"color: #000000;\">La duraci\u00f3n en milisegundos la programamos con una extensi\u00f3n muy corta (50 ms), para que represente el toque del dedo en la tecla, as\u00ed el sonido se mantendr\u00e1 mientas el dedo se apoye en la tecla del pulsador y cortar\u00e1 cuando el dedo suelte el pulsador.\u00a0<\/span><\/p>\n<h2><strong>Objetivos<\/strong><\/h2>\n<ul>\n<li>Ejercitar la memoria de textos musicales<\/li>\n<li>Explorar las caracter\u00edsticas y posibilidades sonoras de un instrumento y saber utilizarlas dentro de las exigencias del nivel.<\/li>\n<li>Iniciar la pr\u00e1ctica de grupo y la interpretaci\u00f3n en p\u00fablico.<\/li>\n<li>Desarrollo de los conocimientos t\u00e9cnicos musicales.<\/li>\n<\/ul>\n<h2><strong>Piezas y dispositivos<\/strong><\/h2>\n<ul>\n<li><span style=\"color: #000000;\"><strong>Ladrillo inteligente R8,<\/strong><\/span><\/li>\n<li><span style=\"color: #000000;\"><strong>Bater\u00eda<\/strong><\/span><\/li>\n<li><span style=\"color: #000000;\"><strong>Tacto \/ Pulsador<\/strong><\/span><\/li>\n<li><span style=\"color: #000000;\"><strong>Choque<\/strong><\/span><\/li>\n<li><span style=\"color: #000000;\"><strong>Tacto Capacitivo<\/strong><\/span><\/li>\n<li><span style=\"color: #000000;\"><strong>2 Cable RJ11<\/strong><\/span><\/li>\n<li><span style=\"color: #000000;\"><strong>1 Cable USB<\/strong><\/span><\/li>\n<\/ul>\n<h2><b>Sensores y Actuadores<\/b><\/h2>\n<h4><span style=\"color: #000000;\"><strong>Tacto Capacitivo<\/strong><\/span>:<\/h4>\n<div id=\"attachment_964\" style=\"width: 310px\" class=\"wp-caption alignnone\"><img aria-describedby=\"caption-attachment-964\" decoding=\"async\" loading=\"lazy\" class=\"wp-image-964 size-medium\" src=\"http:\/\/probots.pedagogiadigital.com\/wp-content\/uploads\/2019\/10\/capacitivo-web-300x291.jpg\" alt=\"\" width=\"300\" height=\"291\" \/><p id=\"caption-attachment-964\" class=\"wp-caption-text\">Un sensor Digital t\u00e1ctil Capacitivo tiene un funcionamiento similar a un pulsador, pero dada su caracter\u00edsticas constructivas puede ser activado con poca o ninguna presi\u00f3n. es decir, no requiere de contacto f\u00edsico para enviar una se\u00f1al digital, siendo suficiente acercar el dedo a 1-5mm del sensor. Por este motivo se les denomina dispositivos touchless.\u00a0 Cuando se acciona emite un valor \u00abCero\u00bb o \u00abBajo\u00bb, de lo contrario emite un valor \u00abUno\u00bb o \u00abAlto\u00bb.<\/p><\/div>\n<p>&nbsp;<\/p>\n<h4><strong><span style=\"color: #000000;\">Choque \/ Fin de Carrera<\/span>:\u00a0<\/strong><\/h4>\n<div id=\"attachment_965\" style=\"width: 269px\" class=\"wp-caption alignnone\"><img aria-describedby=\"caption-attachment-965\" decoding=\"async\" loading=\"lazy\" class=\"wp-image-965 \" src=\"http:\/\/probots.pedagogiadigital.com\/wp-content\/uploads\/2019\/10\/fin-carrera-web-280x300.jpg\" alt=\"\" width=\"259\" height=\"278\" \/><p id=\"caption-attachment-965\" class=\"wp-caption-text\">Es un sensor Digital de contacto que emite una se\u00f1al el\u00e9ctrica ante la presencia de un movimiento mec\u00e1nico. Se utiliza frecuente en la industria para detectar la presencia de objetos en una posici\u00f3n espec\u00edfica. En un comienzo se los utilizaba para definir el final del recorrido de un objeto, de ah\u00ed que se llamen \u201cinterruptores de final de carrera\u201d. Cuando se acciona emite un valor \u00abUno\u00bb o \u00abAlto\u00bb, de lo contrario emite un valor \u00abCero\u00bb o \u00abBajo\u00bb.<\/p><\/div>\n<h4><span style=\"color: #000000;\"><strong>Pulsador<\/strong><\/span><\/h4>\n<div id=\"attachment_966\" style=\"width: 310px\" class=\"wp-caption alignnone\"><img aria-describedby=\"caption-attachment-966\" decoding=\"async\" loading=\"lazy\" class=\"wp-image-966 size-medium\" src=\"http:\/\/probots.pedagogiadigital.com\/wp-content\/uploads\/2019\/10\/pulsador-300x177.jpg\" alt=\"\" width=\"300\" height=\"177\" \/><p id=\"caption-attachment-966\" class=\"wp-caption-text\">Un sensor Digital Pulsador o T\u00e1ctil es un interruptor que necesita mantener una determinada presi\u00f3n sobre \u00e9l para que funcione, gracias a la l\u00e1mina conductora que produce el contacto. Cuando se acciona emite un valor \u00abUno\u00bb o \u00abAlto\u00bb, de lo contrario emite un valor \u00abCero\u00bb o \u00abBajo\u00bb.<\/p><\/div>\n<h2><b>\u00a1A conectar los componentes!<\/b><\/h2>\n<p>Conecta<span style=\"color: #000000;\">r el <strong>Tacto\/Pulsador<\/strong> a <strong>CON5<\/strong>\u00a0( Pin Digital 9 ) del Ladrillo Inteligente \u00abR8\u00bb<\/span><\/p>\n<p><span style=\"color: #000000;\">Conectar el <b>Choque <\/b>a <strong>CON1<\/strong> ( Pin Digital 11) del Ladrillo Inteligente \u00abR8\u00bb<\/span><\/p>\n<p><span style=\"color: #000000;\">Conectar el <strong>Tacto Capacitivo <\/strong>\u00a0a <strong>CON6\u00a0<\/strong><\/span><span style=\"color: #000000;\">( Pin Digital 14)<\/span><span style=\"color: #000000;\">\u00a0del Ladrillo Inteligen<\/span>te \u00abR8\u00bb<\/p>\n<p><iframe loading=\"lazy\" src=\"https:\/\/drive.google.com\/file\/d\/12Wl58uLgYL4OjvgcDYSVHz-CE3ncMPtR\/preview\" width=\"640\" height=\"480\"><\/iframe><\/p>\n<h2><strong>\u00a1Es hora de programar!<\/strong><\/h2>\n<h3><b>Descripci\u00f3n<\/b><strong>\u00a0del programa<\/strong><\/h3>\n<p>Comienzo del programa<\/p>\n<p>1) Tacto Pulsador env\u00eda un valor \u201cALTO\u201d o un valor \u201cBAJO\u201d.<\/p>\n<p>Si el valor del Tacto Pulsador es \u201cALTO\u201d<\/p>\n<ul>\n<li>El Parlante emite un sonido en frecuencia 247 con una duraci\u00f3n de 50 milisegundos.<\/li>\n<\/ul>\n<p>Si el valor del Tacto Pulsador es \u201cBAJO\u201d.<\/p>\n<ul>\n<li>El Parlante no emite sonido.<\/li>\n<\/ul>\n<p>2) Choque env\u00eda un valor \u201cALTO\u201d o un valor \u201cBAJO\u201d.<\/p>\n<p>Si el valor del Choque es \u201cALTO\u201d<\/p>\n<ul>\n<li>El Parlante emite un sonido en frecuencia 311 con una duraci\u00f3n de 50 milisegundos.<\/li>\n<\/ul>\n<p>Si el valor del Choque es \u201cBAJO\u201d.<\/p>\n<ul>\n<li>El Parlante no emite sonido.<\/li>\n<\/ul>\n<p>3) Tacto Capacitivo env\u00eda un valor \u201cBAJO\u201d o un valor \u201cALTO\u201d.<\/p>\n<p>Si el valor del Tacto Capacitivo es \u201cBAJO\u201d<\/p>\n<ul>\n<li>El Parlante emite un sonido en frecuencia 392 con una duraci\u00f3n de 50 milisegundos.<\/li>\n<\/ul>\n<p>Si el valor del Tacto Capacitivo es \u201cALTO\u201d<\/p>\n<ul>\n<li>El Parlante no emite sonido.<\/li>\n<\/ul>\n<p>Ir al comienzo del programa<\/p>\n<p><iframe loading=\"lazy\" src=\"https:\/\/drive.google.com\/file\/d\/1LShgiYaSPr5SzH4RjKkNiWbE-lnas33V\/preview\" width=\"640\" height=\"480\"><\/iframe><\/p>\n<p><img decoding=\"async\" loading=\"lazy\" class=\"alignnone wp-image-516\" src=\"http:\/\/probots.pedagogiadigital.com\/wp-content\/uploads\/2019\/10\/Foto-Progr-SENSOR-IR-300x146.jpg\" alt=\"\" width=\"511\" height=\"248\" \/><\/p>\n<p><strong>Descarga del programa (<a href=\"https:\/\/drive.google.com\/file\/d\/1bJ84iTuFN-FbF5zPAbGvWJd6vAZQ1wqS\/view?usp=sharing\" target=\"_blank\" rel=\"noopener noreferrer\">Link<\/a>)<\/strong><\/p>\n<h3><strong>Armado del Programa\u00a0<\/strong><\/h3>\n<p>Utilizaremos los siguientes bloques:<\/p>\n<h4>Control:<\/h4>\n<ul>\n<li><span style=\"color: #000000;\"><strong>\u00abBucle\u00bb<\/strong><\/span> : ejecutara la acci\u00f3n en forma indefinida<\/li>\n<li><span style=\"color: #000000;\"><strong>\u00abSi\u00a0 \/ Entonces\u00bb : <\/strong><\/span>ejecuta instrucciones de manera condicional dependiendo si la misma es verdadera o falsa.<\/li>\n<\/ul>\n<h4>Prueba:<\/h4>\n<ul>\n<li><span style=\"color: #000000;\"><strong>\u00abIgual a\u00bb<\/strong><\/span><\/li>\n<\/ul>\n<h4>Variable\/ Constante:<\/h4>\n<ul>\n<li><span style=\"color: #000000;\"><strong>\u00abBajo\u00bb o \u00abAlto\u00bb<\/strong><\/span><\/li>\n<\/ul>\n<h4>Bloques de Probots \u2013 Mis Ladrillos<\/h4>\n<ul>\n<li><strong><span style=\"color: #000000;\">\u00abTacto\/Pulsador\u00bb<\/span><\/strong><\/li>\n<li><strong><span style=\"color: #000000;\">\u00abChoque\u00bb<\/span><\/strong><\/li>\n<li><span style=\"color: #000000;\"><strong>\u00abTacto Capacitivo\u00bb<\/strong><\/span><\/li>\n<li><span style=\"color: #000000;\"><strong>\u00abParlante\u00bb<\/strong><\/span><\/li>\n<\/ul>\n<p>&nbsp;<\/p>\n<p><iframe loading=\"lazy\" src=\"https:\/\/drive.google.com\/file\/d\/1ezSpWeGEEDgydH9Y7-5XoC1U0gKsfl1C\/preview\" width=\"640\" height=\"480\"><\/iframe><\/p>\n<p>&nbsp;<\/p>\n<h2><b>Desafi\u00f3 a Resolver <\/b><strong>\u00a0<\/strong><\/h2>\n<p>Utilice dos sensores infrarrojos y el sensor de Luz (LDR) para sumar 3 notas musicales a nuestro Piano. Luego seleccione una Melod\u00eda de 6 Notas conocidas y trate de reproducir la misma a trav\u00e9s de nuestro instrumento musical Rob\u00f3tico.<\/p>\n<p>&nbsp;<\/p>\n<p>&nbsp;<\/p>\n<p>&nbsp;<\/p>\n","protected":false},"featured_media":1761,"comment_status":"open","ping_status":"closed","template":"","meta":{"_et_pb_use_builder":"","_et_pb_old_content":"","_joinchat":[]},"_links":{"self":[{"href":"https:\/\/misladrillos.com\/ml\/wp-json\/wp\/v2\/product\/1741"}],"collection":[{"href":"https:\/\/misladrillos.com\/ml\/wp-json\/wp\/v2\/product"}],"about":[{"href":"https:\/\/misladrillos.com\/ml\/wp-json\/wp\/v2\/types\/product"}],"replies":[{"embeddable":true,"href":"https:\/\/misladrillos.com\/ml\/wp-json\/wp\/v2\/comments?post=1741"}],"wp:featuredmedia":[{"embeddable":true,"href":"https:\/\/misladrillos.com\/ml\/wp-json\/wp\/v2\/media\/1761"}],"wp:attachment":[{"href":"https:\/\/misladrillos.com\/ml\/wp-json\/wp\/v2\/media?parent=1741"}],"curies":[{"name":"wp","href":"https:\/\/api.w.org\/{rel}","templated":true}]}}