{"id":1740,"date":"2020-03-18T03:14:41","date_gmt":"2020-03-18T03:14:41","guid":{"rendered":"http:\/\/misladrillos.com\/ml\/producto\/import-placeholder-for-600\/"},"modified":"2025-11-27T11:35:44","modified_gmt":"2025-11-27T14:35:44","slug":"arduino-la-cajita-musical","status":"publish","type":"product","link":"https:\/\/misladrillos.com\/ml\/producto\/arduino-la-cajita-musical\/","title":{"rendered":"Arduino:  LA CAJITA MUSICAL"},"content":{"rendered":"","protected":false},"excerpt":{"rendered":"<h1 class=\"entry-title post-title responsive\"><b>LA CAJITA MUSICAL<\/b><\/h1>\n<p><span style=\"color: #000000;\">Se armar\u00e1 con los ladrillos una <strong>Cajita Musical<\/strong>, programada para que comience a emitir sonidos cuando se abre<\/span><span style=\"color: #000000;\"> la tapa. El sistema para activar la <span style=\"color: #000000;\"><strong>m\u00fasica<\/strong><\/span> no es mec\u00e1nico sino que se produce a trav\u00e9s de una <strong>Fotorresistencia LDR<\/strong>.<\/span><\/p>\n<p><iframe loading=\"lazy\" src=\"https:\/\/drive.google.com\/file\/d\/1bqe3UkspON_z_dc3PKI-F_pBqDJ-N0m2\/preview\" width=\"640\" height=\"480\"><\/iframe><\/p>\n<h2><b>Descripci\u00f3n del proyecto<\/b><\/h2>\n<p>En esta actividad se armar\u00e1 una <span style=\"color: #000000;\"><strong>Caja de M\u00fasica<\/strong><\/span> (<em>de dise\u00f1o libre<\/em>) que tendr\u00e1 programadas en la placa interna del <span style=\"color: #000000;\"><strong>\u00abR8\u00bb<\/strong><\/span>,\u00a0 las <span style=\"color: #000000;\"><strong>notas musicales<\/strong> <\/span>. Esta<span style=\"color: #000000;\"><strong> secuencia de sonidos<\/strong><\/span>, a los que se asigna una <span style=\"color: #000000;\"><strong>duraci\u00f3n<\/strong><\/span> y un<span style=\"color: #000000;\"><strong> retardo temporal<\/strong><\/span>, son activados a trav\u00e9s de un <strong>sensor LDR<\/strong> (<span style=\"color: #000000;\"><strong>fotorresistencia)<\/strong><\/span>,<\/p>\n<p><strong>El Ladrillo inteligente \u00abR8\u00bb <\/strong>estar\u00e1 programado para que <span style=\"color: #000000;\"><strong>active<\/strong><\/span> la secuencia de <span style=\"color: #000000;\"><strong>sonidos en el parlante<\/strong><\/span> a partir de una <strong>se\u00f1al<\/strong> <span style=\"color: #000000;\"><strong>de luminosidad<\/strong><\/span> determinado de manera arbitraria\u00a0 seg\u00fan las condiciones del lugar donde se realice la experiencia.<strong><br \/>\n<\/strong><span style=\"color: #000000;\">La se\u00f1al le\u00edda\u00a0<\/span><strong><span style=\"color: #000000;\"> \u00ab0\u00bb<\/span><\/strong> corresponde<span style=\"color: #000000;\"><strong> oscuridad<\/strong><\/span>, ausencia de luz.<span style=\"color: #000000;\"><strong style=\"color: #000000;\">\u00a0 Y la se\u00f1al le\u00edda\u00a0 \u00ab1023\u00bb <\/strong><span style=\"color: #333333;\">corresponde a<\/span><b style=\"color: #000000;\"> la <\/b><span style=\"color: #000000;\"><b>m\u00e1xima<\/b><\/span><b style=\"color: #000000;\"> luminosidad.<\/b><\/span><\/p>\n<p><span style=\"color: #000000;\"><span style=\"color: #333333;\">Cuando se asigna el <\/span><strong>\u00a0valor de luminosidad para la prueba, <\/strong>significa que si <\/span>\u00a0la luminosidad no alcanza ese valor en la <span style=\"color: #000000;\"><strong>fotorresistencia<\/strong><\/span>, los sonidos no se activar\u00e1n. En cambio, cuando la <span style=\"color: #000000;\"><strong>fotorresistencia<\/strong><strong> detecta\u00a0 luminosidad\u00a0 igual o mayor a ese valor, la secuencia de sonidos se activar\u00e1.<\/strong><\/span><br \/>\nEn este proyecto, <span style=\"color: #000000;\"><strong>le asignamos a ese valor el n\u00famero de 60,<\/strong><\/span> pero este valor podr\u00eda haber sido mayor o menor. Cuanto menor es el n\u00famero asignado, significa que la <span style=\"color: #000000;\"><strong>fotorresistencia<\/strong><\/span> necesitar\u00e1 menos luminosidad para activar los sonidos, Cuanto mayor es el n\u00famero,\u00a0 significar\u00e1 que la <span style=\"color: #000000;\"><strong>fotorresistencia<\/strong><\/span> necesitar\u00e1 m\u00e1s luminosidad para activar los sonidos.<\/p>\n<p>Los <span style=\"color: #000000;\"><strong>sonidos del Parlante<\/strong><\/span> se programan <span style=\"color: #000000;\"><strong>\u00a0<\/strong><\/span>seg\u00fan la\u00a0<span style=\"color: #000000;\"><strong>frecuencia<\/strong><\/span> que le corresponde a<span style=\"color: #000000;\"><strong>\u00a0cada tono\/nota musical<\/strong><\/span> que se quiera activar. En esta experiencia, usamos las 7 notas de la escala musical, &#8211;<span style=\"color: #000000;\">DO, RE, MI, FA, SOL, LA, SI<\/span>-, \u00a0ordenadas de manera alternada, en una secuencia decidida arbitrariamente, (<em>es decir, que esta secuencia puede ser alterada con cambio de programaci\u00f3n si lo desean<\/em>)\u00a0 Y establecimos distintos retrasos entre cada nota, que marcar\u00e1 el ritmo de la melod\u00eda. Esto tambi\u00e9n ha sido decidido de manera arbitraria y puede ser alterado en la programaci\u00f3n, ya sea activando otros tonos u otro ritmo.<\/p>\n<p><span style=\"color: #000000;\"><u>A tener en cuenta<\/u><\/span>: el <span style=\"color: #000000;\"><strong>dise\u00f1o<\/strong><\/span> de la Cajita Musical es <span style=\"color: #000000;\"><strong>libre<\/strong><\/span>, pero deben prever el <span style=\"color: #000000;\"><strong>espacio interno suficiente<\/strong> <strong>para que quepan el \u00abR8\u00bb, la Bater\u00eda y la Fotorresistencia con su cable de conexi\u00f3n<\/strong><\/span>, c\u00f3modos en el interior.\u00a0 Deben construirla con la <span style=\"color: #000000;\"><strong>altura<\/strong><strong> necesaria<\/strong><\/span> para que la tapa cierre sin tocar los\u00a0 componentes. Si tienen dudas en el dise\u00f1o, aqu\u00ed hay un <a href=\"https:\/\/drive.google.com\/drive\/folders\/1UofegZ3CO5yLopnWwCQZv9frbk4wHZur?usp=sharing\" target=\"_blank\" rel=\"noopener noreferrer\"><strong>link<\/strong><\/a> con fotos de los detalles de armado de la cajita construida para este proyecto aunque, recordamos, cualquier modelo puede ser apto.<\/p>\n<p><iframe loading=\"lazy\" src=\"https:\/\/drive.google.com\/file\/d\/1N6DHaa4PuGQxFaH6NRGRMQgUeEa7ry-j\/preview\" width=\"640\" height=\"480\"><\/iframe><\/p>\n<h2><strong>Piezas y dispositivos<\/strong><\/h2>\n<ul>\n<li><span style=\"color: #000000;\"><strong>Ladrillo inteligente R8,<\/strong><\/span><\/li>\n<li><span style=\"color: #000000;\"><strong>Bater\u00eda<\/strong><\/span><\/li>\n<li><span style=\"color: #000000;\"><b>FOTORRESISTENCIA LDR<\/b><\/span><\/li>\n<li><span style=\"color: #000000;\"><strong>1 Cable\u00a0 USB<\/strong><\/span><\/li>\n<li><span style=\"color: #000000;\"><strong>1 Cable\u00a0 Rj11<\/strong><\/span><\/li>\n<li><strong><span style=\"color: #000000;\">Fotos de Armado de la Cajita Musical<\/span>\u00a0(<a href=\"https:\/\/drive.google.com\/drive\/folders\/1UofegZ3CO5yLopnWwCQZv9frbk4wHZur?usp=sharing\" target=\"_blank\" rel=\"noopener noreferrer\">link de descarga<\/a>)<\/strong><\/li>\n<\/ul>\n<h2><b>Sensores y Actuadores<\/b><\/h2>\n<h2><strong><img decoding=\"async\" loading=\"lazy\" class=\"wp-image-632 size-medium alignright\" src=\"http:\/\/probots.pedagogiadigital.com\/wp-content\/uploads\/2019\/10\/LDR-1-300x173.jpg\" alt=\"\" width=\"300\" height=\"173\" \/><\/strong><\/h2>\n<p><strong>FOTORRESISTENCIA \/ SENSOR DE LUZ \/ LDR <\/strong>: Es un Sensor Anal\u00f3gico que nos permite detectar y medir la intensidad de luz del ambiente. El mismo es muy peque\u00f1o y sencillo de utilizar. Se trata de una foto resistencia (LDR) sensible a la luz, y ofrece una resistencia mayor o menor en funci\u00f3n de la cantidad de luz recibida. Son sensores ideales para proyectos de iluminaci\u00f3n o cualquier proyecto que necesite detectar la luz ambiente. Se utiliza conectado a los puertos anal\u00f3gicos CON4 CON5 CON4 CON6 CON8 del KIT<\/p>\n<p><img decoding=\"async\" loading=\"lazy\" class=\"wp-image-634 size-medium alignright\" src=\"http:\/\/probots.pedagogiadigital.com\/wp-content\/uploads\/2019\/10\/buzzer-v2-300x197.jpg\" alt=\"\" width=\"300\" height=\"197\" \/><\/p>\n<p><b>PARLANTE \/ BUZZER:\u00a0 <\/b>es un actuador que permite reproducir sonidos a diferentes frecuencias y de esta manera podemos crear melod\u00edas. Este componente se encuentra integrado al ladrillo inteligente \u00abR8\u00bb a trav\u00e9s del Pin digital 10. Es ideal para darle sonidos a nuestros robots.<\/p>\n<h2><b>\u00a1A conectar los componentes!<\/b><\/h2>\n<ul>\n<li>Conecta<span style=\"color: #000000;\">r el <strong>LDR FOTORRESISTENCIA (<\/strong><strong>CON5)<\/strong><\/span><\/li>\n<li>El <span style=\"color: #000000;\"><strong>PARLANTE O BUZZER <\/strong><\/span><span style=\"color: #000000;\">no se conecta de manera externa ya que est\u00e1 <\/span><span style=\"color: #000000;\"><strong>incluido en el\u00bbR8&#8243;<\/strong><\/span><\/li>\n<\/ul>\n<p><iframe loading=\"lazy\" src=\"https:\/\/drive.google.com\/file\/d\/1u93QAg4GtJvOSaVUDSXjBrRUvUjniZ_J\/preview\" width=\"640\" height=\"480\"><\/iframe><\/p>\n<h2><strong>\u00a1Es hora de programar!<\/strong><\/h2>\n<h3><strong>Descripci\u00f3n del programa<\/strong><\/h3>\n<p>Comenzamos la programaci\u00f3n con el bloque \u201c<strong><span style=\"color: #000000;\">BUCLE<\/span>\u201d<\/strong>.<\/p>\n<p>En el <span style=\"color: #000000;\"><strong>\u201cBUCLE\u201d<\/strong><\/span> insertamos el bloque <span style=\"color: #000000;\">\u201c<strong>MIENTRAS QUE<\/strong><\/span><strong><span style=\"color: #000000;\">\u201d<\/span>. <\/strong><\/p>\n<p>Como <span style=\"color: #000000;\"><strong><u>condici\u00f3n<\/u><\/strong><\/span>, insertamos un bloque de<strong> \u201c<span style=\"color: #000000;\">PRUEBA<\/span>\u201d\u00a0 <\/strong>con la<strong> <u><span style=\"color: #000000;\">variable \u201cmayor a<\/span>\u201d<\/u>. <\/strong>En <span style=\"color: #000000;\"><strong>\u201cPRUEBA\u201d<\/strong><\/span> insertamos \u00a0la<strong> \u201c<span style=\"color: #000000;\">FOTORRESISTENCIA\u201d(CON5)<\/span>, <\/strong>y a la<span style=\"color: #000000;\"><strong> <u>variable<\/u> <\/strong><\/span>le adjudicamos el valor <span style=\"color: #000000;\"><strong>6<u>0<\/u><\/strong><strong>\u00a0<\/strong><\/span><em>(que corresponde a la luminosidad que establecimos para activar la secuencia de sonidos).<\/em><\/p>\n<p>En el bloque <span style=\"color: #000000;\">\u201c<\/span><strong><span style=\"color: #000000;\">MIENTRAS QUE\u201d<\/span>, <\/strong>insertamos los bloques<strong> \u201c<span style=\"color: #000000;\">PARLANTE<\/span>\u201d,\u00a0 <\/strong>uno para cada nota musical que vamos a programar<strong>. <\/strong>En esta experiencia usamos <strong><span style=\"color: #000000;\">7 bloques \u201cPARLANTE\u201d para 7 notas.<\/span> (<\/strong><em>El bloque \u201cPARLANTE\u201d es interno del \u201cR8\u201c, por lo que no lleva n\u00famero de CON.)<\/em><\/p>\n<p>En la variable correspondiente a la <strong><u>\u201c<span style=\"color: #000000;\">frecuencia<\/span>\u201d<\/u><\/strong>, colocamos la frecuencia de las notas que elegimos para la secuencia. En esta experiencia, este fue el orden elegido: do, mi, sol, si, la, fa, re. \u00a0Todas las notas usadas pertenecen a la misma 8ava.<\/p>\n<p>Como separaci\u00f3n entre las notas, insertamos bloques de<strong> \u201c<span style=\"color: #000000;\">RETARDO en milisegundos\u201d<\/span>. <\/strong>Adjudicamos<strong><span style=\"color: #000000;\"> valores distintos en cada \u201cRetardo\u201d: 1000, 500, 250<\/span>, <\/strong>para darle una din\u00e1mica r\u00edtmica a la secuencia de sonidos. Estos valores pueden ser alterados en la programaci\u00f3n sin perjudicar la experiencia.<\/p>\n<p><iframe loading=\"lazy\" src=\"https:\/\/drive.google.com\/file\/d\/1NhcZxpWOWqaJUNGd0kvGhmU4wZrcHjz2\/preview\" width=\"640\" height=\"480\"><\/iframe><br \/>\n<strong>Descarga del programa (<a href=\"https:\/\/drive.google.com\/file\/d\/1r5iXwyxiHNs5IOQlQRDu7VQEZBscIk5g\/view?usp=sharing\" target=\"_blank\" rel=\"noopener noreferrer\">Link<\/a>)<\/strong><\/p>\n<h3><strong>Armado del Programa\u00a0<\/strong><\/h3>\n<p>Utilizaremos los siguientes bloques:<\/p>\n<h4><strong>Control:<\/strong><\/h4>\n<ul>\n<li><span style=\"color: #000000;\"><strong>\u00abBucle\u00bb<\/strong> que ejecutara la acci\u00f3n en forma indefinida<\/span><\/li>\n<li><span style=\"color: #000000;\"><b>\u00abMIENTRAS QUE\u00bb <\/b>al establecer una condici\u00f3n se mantiene la acci\u00f3n encajada en la parte inferior de<br \/>\ndel bloque, mientras la condici\u00f3n establecida siga siendo verdadera.\u00a0<\/span><\/li>\n<li><span style=\"color: #000000;\"><strong>\u00abRetardo en Milisegundos\u00bb<\/strong><\/span><\/li>\n<\/ul>\n<h4><strong>Prueba:<\/strong><\/h4>\n<ul>\n<li><span style=\"color: #000000;\"><strong>\u00abMayor a\u00bb<\/strong><\/span><\/li>\n<\/ul>\n<h4><strong>Variable\/ Constante:<\/strong><\/h4>\n<ul>\n<li><strong>\u00abConstante entera\u00bb<\/strong><\/li>\n<\/ul>\n<h4><strong><span style=\"color: #000000;\">Bloques de Probots &#8211; Mis Ladrillos:<\/span><\/strong><\/h4>\n<ul>\n<li><span style=\"color: #000000;\"><span style=\"color: #000000;\"><strong>\u00abParlante\u00bb<\/strong><\/span><\/span><\/li>\n<li><span style=\"color: #000000;\"><strong>\u00abLDR Fotorresistencia\u00bb<\/strong><\/span><\/li>\n<\/ul>\n<p><iframe loading=\"lazy\" src=\"https:\/\/drive.google.com\/file\/d\/1MA3ODsDXmINxDCw2SLi-NLJtuA8B-Wev\/preview\" width=\"640\" height=\"480\"><\/iframe><\/p>\n<h2><b>Desafio a Resolver <\/b><strong>\u00a0<\/strong>.<\/h2>\n<p><img decoding=\"async\" loading=\"lazy\" class=\" wp-image-451 alignright\" src=\"http:\/\/probots.pedagogiadigital.com\/wp-content\/uploads\/2019\/10\/LED-bicolor-300x197.jpg\" alt=\"\" width=\"210\" height=\"138\" \/><\/p>\n<ul>\n<li><strong>Cambiar la melod\u00eda:\u00a0<\/strong> Se pide modificar la programaci\u00f3n para que la Cajita Musical emita un fragmento del \u00abCumplea\u00f1os Feliz\u00bb.\u00a0 Te proponemos investigar sobre las notas, la duraci\u00f3n y secuencia de las mismas para reproducir el fragmento de la melod\u00eda propuesta.<\/li>\n<li><strong>Sumar un Led bicolor a la cajita :<\/strong> Que prenda y apague al comp\u00e1s de la melod\u00eda.<\/li>\n<\/ul>\n<p>&nbsp;<\/p>\n<p>&nbsp;<\/p>\n<p>&nbsp;<\/p>\n<p>&nbsp;<\/p>\n<p>&nbsp;<\/p>\n","protected":false},"featured_media":1760,"comment_status":"open","ping_status":"closed","template":"","meta":{"_et_pb_use_builder":"","_et_pb_old_content":"","_joinchat":[]},"_links":{"self":[{"href":"https:\/\/misladrillos.com\/ml\/wp-json\/wp\/v2\/product\/1740"}],"collection":[{"href":"https:\/\/misladrillos.com\/ml\/wp-json\/wp\/v2\/product"}],"about":[{"href":"https:\/\/misladrillos.com\/ml\/wp-json\/wp\/v2\/types\/product"}],"replies":[{"embeddable":true,"href":"https:\/\/misladrillos.com\/ml\/wp-json\/wp\/v2\/comments?post=1740"}],"wp:featuredmedia":[{"embeddable":true,"href":"https:\/\/misladrillos.com\/ml\/wp-json\/wp\/v2\/media\/1760"}],"wp:attachment":[{"href":"https:\/\/misladrillos.com\/ml\/wp-json\/wp\/v2\/media?parent=1740"}],"curies":[{"name":"wp","href":"https:\/\/api.w.org\/{rel}","templated":true}]}}