{"id":1739,"date":"2020-03-18T03:14:41","date_gmt":"2020-03-18T03:14:41","guid":{"rendered":"http:\/\/misladrillos.com\/ml\/producto\/import-placeholder-for-575\/"},"modified":"2024-12-31T01:52:38","modified_gmt":"2024-12-31T04:52:38","slug":"arduino-semaforo","status":"publish","type":"product","link":"https:\/\/misladrillos.com\/ml\/producto\/arduino-semaforo\/","title":{"rendered":"Arduino:  SEM\u00c1FORO"},"content":{"rendered":"","protected":false},"excerpt":{"rendered":"<h1 class=\"entry-title post-title responsive\"><b>SEM\u00c1FORO CON SONIDO PARA NO VIDENTES<\/b><\/h1>\n<p><span style=\"color: #000000;\">Se armar\u00e1 con los ladrillos un sem\u00e1foro, que tendr\u00e1 las 3 luces t\u00edpicas\u00a0&#8211;<strong>ROJO, AMARILLO, VERDE<\/strong>-, al que se le agregar\u00e1 un <strong>sonido de alerta <span style=\"color: #000000;\">mientras la luz roja est\u00e9 encendida<\/span><\/strong>. Es la forma en la que las personas no videntes, o con visi\u00f3n disminuida, pueden saber cu\u00e1ndo cruzar una calle o cu\u00e1ndo detenerse. Mientras est\u00e1 sonando el tono de alerta, saben que est\u00e1 la luz roja encendida y que no deben cruzar.<\/span><\/p>\n<p><iframe loading=\"lazy\" src=\"https:\/\/drive.google.com\/file\/d\/19A6VZLXmIQPgkAm9yOUqYSv-xhnJI8Iz\/preview\" width=\"640\" height=\"480\"><\/iframe><\/p>\n<h2><b>Descripci\u00f3n del proyecto<\/b><\/h2>\n<p>En esta actividad construiremos un sem\u00e1foro (<em>de dise\u00f1o libre<\/em>) que tendr\u00e1 las 3 luces t\u00edpicas &#8211;<span style=\"color: #000000;\"><strong>Rojo, Amarillo, Verde<\/strong><\/span>-, al que le agregar\u00e1 un <span style=\"color: #000000;\"><strong>sonido de alerta<\/strong> <\/span>que emitir\u00e1 un tono cada vez que la <span style=\"color: #000000;\"><strong>luz roja<\/strong> <\/span>est\u00e9<strong> encendida<\/strong><\/p>\n<p><span style=\"color: #000000;\">En esta experiencia, veremos <strong>c\u00f3mo funcionan y se programan las luces LEDS<\/strong>, c\u00f3mo <strong>se programa una secuencia<\/strong> <strong>de luces<\/strong> en las que <strong>mientras una est\u00e1 encendida, las otras est\u00e1n apagadas<\/strong>. Y se ver\u00e1 <strong>c\u00f3mo activar un sonido<\/strong> al mismo tiempo que una de las luces. Tambi\u00e9n se ver\u00e1 c\u00f3mo elegir un determinado <strong>tono<\/strong> de acuerdo a la <strong>frecuencia<\/strong> utilizada.<\/span><\/p>\n<p>El dise\u00f1o f\u00edsico del sem\u00e1foro es de libre elecci\u00f3n, no proporcionamos un plano de armado, pero s\u00ed incluimos un <a href=\"https:\/\/drive.google.com\/drive\/folders\/1aHlXHgB759LKiS2pQEWjEvK_0c6xc2xc?usp=sharing\" target=\"_blank\" rel=\"noopener noreferrer\"><strong>link<\/strong> <\/a>con las fotos de los detalles del sem\u00e1foro usado en el video tutorial.<\/p>\n<h2><strong>Piezas y dispositivos<\/strong><\/h2>\n<ul>\n<li><span style=\"color: #000000;\"><strong>Ladrillo inteligente R8<\/strong><\/span><\/li>\n<li><span style=\"color: #000000;\"><strong>Bater\u00eda<\/strong><\/span><\/li>\n<li><span style=\"color: #000000;\"><b>3 LED BICOLOR\u00a0<\/b><\/span><\/li>\n<li><span style=\"color: #000000;\"><strong>3 Cables RJ11<\/strong><\/span><\/li>\n<li><strong><span style=\"color: #000000;\">Fotos de Armado del Sem\u00e1foro<\/span> (<a href=\"https:\/\/drive.google.com\/drive\/folders\/1gEvY0rzTmZ-OI0RZx4rKnDZWOMl2Rlo_?usp=sharing\" target=\"_blank\" rel=\"noopener noreferrer\">link de descarga<\/a>)<\/strong><\/li>\n<\/ul>\n<h2><b>Sensores y Actuadores<\/b><\/h2>\n<h2><strong><img decoding=\"async\" loading=\"lazy\" class=\"wp-image-451 alignright\" src=\"http:\/\/probots.pedagogiadigital.com\/wp-content\/uploads\/2019\/10\/LED-bicolor-300x197.jpg\" alt=\"\" width=\"173\" height=\"114\" \/><\/strong><\/h2>\n<p><strong>LED BICOLOR<\/strong>: Un LED es un diodo emisor de luz, es decir, un tipo particular de diodo que emite luz al ser atravesado por una corriente el\u00e9ctrica.\u00a0 En particular el LED bicolor \u00a0tiene la posibilidad de tener color verde, color rojo o mezclar ambos, logrando una tonalidad naranja.\u00a0 Es ideal para darle luz y colores a nuestras construcciones Rob\u00f3ticas. Se puede utilizar en todos los puertos de \u00abR8\u00bb.<\/p>\n<p><img decoding=\"async\" loading=\"lazy\" class=\"wp-image-634 alignright\" src=\"http:\/\/probots.pedagogiadigital.com\/wp-content\/uploads\/2019\/10\/buzzer-v2-300x197.jpg\" alt=\"\" width=\"191\" height=\"125\" \/><\/p>\n<p><strong><b>PARLANTE \/ BUZZER:\u00a0 <\/b><\/strong>es un actuador que permite reproducir sonidos a diferentes frecuencias y de esta manera podemos crear melod\u00edas. Este componente se encuentra integrado al ladrillo inteligente \u00abR8\u00bb a trav\u00e9s del Pin digital 10. Es ideal para darle sonidos a nuestros robots.<\/p>\n<h2><b>\u00a1A conectar los componentes!<\/b><\/h2>\n<p>Conecta<span style=\"color: #000000;\">r el <strong>LED BICOLOR<\/strong> a <strong>CON8 para el Rojo <\/strong>( Pin Digital 15 y Anal\u00f3gico 4) del Ladrillo Inteligente \u00abR8\u00bb<\/span><br \/>\n<span style=\"color: #000000;\"><span style=\"color: #000000;\">Conectar el <\/span><strong style=\"color: #000000;\">LED BICOLOR<\/strong><span style=\"color: #000000;\"> a <\/span><strong style=\"color: #000000;\">CON6 para el Amarillo<\/strong> <span style=\"color: #000000;\">( Pin Digital 14 y Anal\u00f3gico 2) del Ladrillo Inteligente \u00abR8\u00bb<\/span><br \/>\n<span style=\"color: #000000;\">Conectar el <\/span><strong style=\"color: #000000;\">LED BICOLOR<\/strong><span style=\"color: #000000;\"> a\u00a0<b>CON4 para el Verde <\/b>( Pin Digital 7 y Anal\u00f3gico 3) del Ladrillo Inteligente \u00abR8\u00bb<\/span><br \/>\n<\/span><\/p>\n<p><span style=\"color: #000000;\">El <span style=\"color: #000000;\"><strong>PARLANTE<\/strong> <\/span>no se conecta de manera externa ya que est\u00e1 <span style=\"color: #000000;\"><strong>incluido en el\u00bbR8&#8243;<\/strong><\/span><\/span><\/p>\n<p><iframe loading=\"lazy\" src=\"https:\/\/drive.google.com\/file\/d\/1Ix6s7Ww254gEhO7JcDFUV8aDN3f4yg_v\/preview\" width=\"640\" height=\"480\"><\/iframe><\/p>\n<h2><strong>\u00a1Es hora de programar!<\/strong><\/h2>\n<h3><strong>Descripci\u00f3n del programa<\/strong><\/h3>\n<p><strong>Comienzo del programa<\/strong><\/p>\n<p>Se llama a la Subrutina \u201cRojo\u201d<\/p>\n<p>Se llama a la Subrutina \u201cAmarillo\u201d<\/p>\n<p>Se llama a la Subrutina \u201cVerde\u201d<\/p>\n<p>Se llama a la Subrutina \u201cAmarillo\u201d<\/p>\n<p><strong>Programa vuelve al comienzo para repetir el ciclo en forma indefinida.<\/strong><\/p>\n<p><strong>Subrutinas:<\/strong><\/p>\n<p><strong>\u201cRojo\u201d<\/strong><\/p>\n<ul>\n<li>Led Bicolor en CON8 en Rojo<\/li>\n<li>Led Bicolor en CON6 Apagado<\/li>\n<li>Led Bicolor en CON4 Apagado<\/li>\n<li>Se emite un sonido de 264 Hz durante 3000 milisegundos de duraci\u00f3n<\/li>\n<li>Se define un Retardo de 3000 milisegundos<\/li>\n<\/ul>\n<p><strong>\u201cAmarillo\u201d<\/strong><\/p>\n<ul>\n<li>Led Bicolor en CON8 Apagado<\/li>\n<li>Led Bicolor en CON6 tonalidad naranja (Rojo y Verde prendidos)<\/li>\n<li>Led Bicolor en CON4 Apagado<\/li>\n<li>Se define un Retardo de 1000 milisegundos<\/li>\n<\/ul>\n<p><strong>\u201cVerde\u201d<\/strong><\/p>\n<ul>\n<li>Led Bicolor en CON8 Apagado<\/li>\n<li>Led Bicolor en CON6 Apagado<\/li>\n<li>Led Bicolor en CON4 en Verde<\/li>\n<li>Se define un Retardo de 3000 milisegundos<\/li>\n<\/ul>\n<p>&nbsp;<\/p>\n<p><iframe loading=\"lazy\" src=\"https:\/\/drive.google.com\/file\/d\/1o_WlceHUuU1u8Lr6-aVDd9Joi9bnv6p0\/preview\" width=\"640\" height=\"480\"><\/iframe><\/p>\n<p><img decoding=\"async\" loading=\"lazy\" class=\"alignnone wp-image-516\" src=\"http:\/\/probots.pedagogiadigital.com\/wp-content\/uploads\/2019\/10\/Foto-Progr-SENSOR-IR-300x146.jpg\" alt=\"\" width=\"511\" height=\"248\" \/><\/p>\n<p><strong>Descarga del programa (<a href=\"https:\/\/drive.google.com\/file\/d\/1SCCtPQUNWAmxHiiKC5G1gfQJp3oSzmwk\/view?usp=sharing\" target=\"_blank\" rel=\"noopener noreferrer\">Link<\/a>)<\/strong><\/p>\n<h3><strong>Armado del Programa\u00a0<\/strong><\/h3>\n<p>Utilizaremos los siguientes bloques:<\/p>\n<h4><strong>Control:<\/strong><\/h4>\n<ul>\n<li><span style=\"color: #000000;\"><strong>\u00abBucle\u00bb<\/strong> que ejecutara la acci\u00f3n en forma indefinida<\/span><\/li>\n<li><span style=\"color: #000000;\"><span style=\"color: #000000;\"><strong>\u00abSubrutina con Comandos\u00bb <\/strong><\/span><\/span>Es un segmento de c\u00f3digo que est\u00e1 separado del c\u00f3digo principal del programa, que realiza una tarea espec\u00edfica y regresa a la zona del programa donde fue llamada.Las subrutinas, nos ayudan\u00a0 a ser m\u00e1s organizado separando por nombres las \u00abrutinas\u00bb haciendo que el c\u00f3digo sea legible.<\/li>\n<li><span style=\"color: #000000;\"><b>\u00abRutina\u00bb <\/b>es el bloque que se utiliza para llamar al c\u00f3digo que aparece en la \u00abSubrutina con Comandos\u00bb<\/span><\/li>\n<li><span style=\"color: #000000;\"><strong>\u00abRetardo en Milisegundos\u00bb<\/strong><\/span><\/li>\n<\/ul>\n<h4><strong>Variable\/ Constante:<\/strong><\/h4>\n<ul>\n<li><strong>\u00abConstante entera\u00bb<\/strong><\/li>\n<\/ul>\n<h4><strong><span style=\"color: #000000;\">Bloques de Probots &#8211; Mis Ladrillos:<\/span><\/strong><\/h4>\n<ul>\n<li><span style=\"color: #000000;\"><strong>\u00abParlante\u00bb<\/strong><\/span><\/li>\n<li><span style=\"color: #000000;\"><strong>\u00abLed Bicolor\u00bb<\/strong><\/span><\/li>\n<\/ul>\n<p><iframe loading=\"lazy\" src=\"https:\/\/drive.google.com\/file\/d\/1dIiAkFCwrUWv9LKa7WYG9OCl5mB8dQRp\/preview\" width=\"640\" height=\"480\"><\/iframe><\/p>\n<h2><b>Desafio a Resolver <\/b><strong>\u00a0<\/strong>.<\/h2>\n<p><strong>Parte 1<\/strong><\/p>\n<p>Modifique el programa para que el color verde y el color amarillo tambi\u00e9n tengan sonido.<\/p>\n<p><strong>Parte 2<\/strong><\/p>\n<p>Modifique el programa para que la duraci\u00f3n del color rojo y su correspondiente sonido, sea de 5 segundos en lugar de 3 segundos.\u00a0 Y que adem\u00e1s,\u00a0 en los \u00faltimos 2 segundos se prenda y apague dos veces la luz roja antes de cambiar al color amarillo.<\/p>\n<p>&nbsp;<\/p>\n<p>&nbsp;<\/p>\n<p>&nbsp;<\/p>\n<p>&nbsp;<\/p>\n<p>&nbsp;<\/p>\n","protected":false},"featured_media":1759,"comment_status":"open","ping_status":"closed","template":"","meta":{"_et_pb_use_builder":"","_et_pb_old_content":"","_joinchat":[]},"_links":{"self":[{"href":"https:\/\/misladrillos.com\/ml\/wp-json\/wp\/v2\/product\/1739"}],"collection":[{"href":"https:\/\/misladrillos.com\/ml\/wp-json\/wp\/v2\/product"}],"about":[{"href":"https:\/\/misladrillos.com\/ml\/wp-json\/wp\/v2\/types\/product"}],"replies":[{"embeddable":true,"href":"https:\/\/misladrillos.com\/ml\/wp-json\/wp\/v2\/comments?post=1739"}],"wp:featuredmedia":[{"embeddable":true,"href":"https:\/\/misladrillos.com\/ml\/wp-json\/wp\/v2\/media\/1759"}],"wp:attachment":[{"href":"https:\/\/misladrillos.com\/ml\/wp-json\/wp\/v2\/media?parent=1739"}],"curies":[{"name":"wp","href":"https:\/\/api.w.org\/{rel}","templated":true}]}}