{"id":1736,"date":"2020-03-18T03:14:41","date_gmt":"2020-03-18T03:14:41","guid":{"rendered":"http:\/\/misladrillos.com\/ml\/producto\/import-placeholder-for-155\/"},"modified":"2022-06-23T18:58:04","modified_gmt":"2022-06-23T21:58:04","slug":"uso-del-microbit","status":"publish","type":"product","link":"https:\/\/misladrillos.com\/ml\/producto\/uso-del-microbit\/","title":{"rendered":"Uso del Microbit"},"content":{"rendered":"","protected":false},"excerpt":{"rendered":"<h2 class=\"step-header\" data-platforms=\"windows\">Paso 1: Conecta el micro:bit a tu PC Windows<\/h2>\n<div data-platforms=\"desktop\">\n<p>Conecta el micro:bit a tu computadora usando un cable micro USB. Tu micro:bit aparecer\u00e1 en tu computadora como una unidad llamada &#8216;MICROBIT&#8217;. \u00a1Cuidado, no es una disco USB normal!<\/p>\n<p><img decoding=\"async\" loading=\"lazy\" class=\"alignnone size-full wp-image-208\" src=\"http:\/\/probots.pedagogiadigital.com\/wp-content\/uploads\/2019\/09\/gif-microbit-plugged-in-1-1.gif\" alt=\"\" width=\"562\" height=\"478\" \/><\/p>\n<p>&nbsp;<\/p>\n<h2 class=\"step-header\" data-platforms=\"windows\">Paso 2:\u00a0 Programa el micro:bit en tu PC Windows<\/h2>\n<p>Puedes programar el micro:bit en el editor MakeCode (que usa bloques) y Python (que es textual).<\/p>\n<p><b>Editor MakeCode<\/b><\/p>\n<p>El editor MakeCode utiliza bloques para arrastrar y soltar y c\u00f3digo escrito en JavaScript. \u00a1Prueba programar este ejemplo, en el que aparece un coraz\u00f3n parpadeante en el dispositivo!<\/p>\n<p><img decoding=\"async\" loading=\"lazy\" class=\"alignnone size-full wp-image-204\" src=\"http:\/\/probots.pedagogiadigital.com\/wp-content\/uploads\/2019\/09\/makecode-heart-1.gif\" alt=\"\" width=\"634\" height=\"422\" \/><\/p>\n<\/div>\n<h2 data-platforms=\"windows\"><\/h2>\n<h2 class=\"step-header\" data-platforms=\"windows\">Paso 3: Descarg\u00e1 el archivo \u00abhex\u00bb a tu PC Windows<\/h2>\n<p>Haga clic en el bot\u00f3n de descarga en el editor. Esto descargar\u00e1 un archivo &#8216;hex&#8217;, el cual es un formato compacto de tu programa que tu micro:bit puede leer. Una vez que haya descargado el archivo &#8216;hex&#8217;,\u00a0 copialo a tu micro:bit de igual manera que copias un archivo a una unidad USB.<\/p>\n<p>En Windows, puede hacer clic derecho en el archivo .hex descargado y seleccionar \u00abEnviar a \u2192 MICROBIT.\u00bb<\/p>\n<p><img decoding=\"async\" loading=\"lazy\" class=\"alignnone size-full wp-image-199\" src=\"http:\/\/probots.pedagogiadigital.com\/wp-content\/uploads\/2019\/09\/windows-sendto.gif\" alt=\"\" width=\"1025\" height=\"452\" \/><\/p>\n<h2>Paso 4: Ahora podes divertirte con tu micro:bit<\/h2>\n<div class=\"row\">\n<div class=\"col-sm-12 col-md-6 col-lg-8\">\n<p>El micro:bit se detendr\u00e1 y el LED amarillo en la parte trasera del micro:bit parpadear\u00e1 mientras el c\u00f3digo es programado. Una vez que haya terminado, \u00a1el c\u00f3digo se ejecutar\u00e1 autom\u00e1ticamente!<\/p>\n<p>\u00bfQu\u00e9 cosas interesantes puedes crear? Tu micro:bit puede responder a los botones, la luz, el movimiento y la temperatura. Incluso puede enviar mensajes de forma inal\u00e1mbrica a otros micro:bits utilizando la funci\u00f3n de &#8216;Radio&#8217;.<\/p>\n<div data-platforms=\"desktop\">\n<div class=\"alert alert-info\">\n<p>La unidad MICROBIT se expulsar\u00e1 autom\u00e1ticamente y volver\u00e1 cada vez que la programes, pero tu archivo hexadecimal desaparecer\u00e1. El micro:bit s\u00f3lo puede recibir archivos hex y no almacenar\u00e1 nada m\u00e1s!<\/p>\n<\/div>\n<\/div>\n<\/div>\n<\/div>\n<p>Revisa nuestra p\u00e1gina de proyectos para mayor inspiraci\u00f3n<\/p>\n","protected":false},"featured_media":1756,"comment_status":"open","ping_status":"closed","template":"","meta":{"_et_pb_use_builder":"","_et_pb_old_content":"","_joinchat":[]},"_links":{"self":[{"href":"https:\/\/misladrillos.com\/ml\/wp-json\/wp\/v2\/product\/1736"}],"collection":[{"href":"https:\/\/misladrillos.com\/ml\/wp-json\/wp\/v2\/product"}],"about":[{"href":"https:\/\/misladrillos.com\/ml\/wp-json\/wp\/v2\/types\/product"}],"replies":[{"embeddable":true,"href":"https:\/\/misladrillos.com\/ml\/wp-json\/wp\/v2\/comments?post=1736"}],"wp:featuredmedia":[{"embeddable":true,"href":"https:\/\/misladrillos.com\/ml\/wp-json\/wp\/v2\/media\/1756"}],"wp:attachment":[{"href":"https:\/\/misladrillos.com\/ml\/wp-json\/wp\/v2\/media?parent=1736"}],"curies":[{"name":"wp","href":"https:\/\/api.w.org\/{rel}","templated":true}]}}