{"id":686,"date":"2019-11-04T16:01:03","date_gmt":"2019-11-04T16:01:03","guid":{"rendered":"http:\/\/misladrillos.com\/ml\/?page_id=686"},"modified":"2021-04-15T13:36:40","modified_gmt":"2021-04-15T16:36:40","slug":"r502","status":"publish","type":"page","link":"https:\/\/misladrillos.com\/ml\/r502\/","title":{"rendered":"R502"},"content":{"rendered":"<p>[et_pb_section fb_built=\u00bb1&#8243; _builder_version=\u00bb4.0.2&#8243; background_color=\u00bb#ffbc51&#8243; custom_padding=\u00bb||0px||false|false\u00bb][et_pb_row disabled_on=\u00bbon|off|off\u00bb module_class=\u00bbintro-inicial\u00bb _builder_version=\u00bb4.0.2&#8243; background_image=\u00bbhttp:\/\/misladrillos.com\/ml\/wp-content\/uploads\/2019\/11\/501.jpg\u00bb background_size=\u00bbcontain\u00bb width=\u00bb90%\u00bb][et_pb_column type=\u00bb4_4&#8243; _builder_version=\u00bb4.0.2&#8243;][et_pb_code admin_label=\u00bbINTRO\u00bb _builder_version=\u00bb4.0.2&#8243;]<\/p>\n<div class=\"inicial-box\"><!-- [et_pb_line_break_holder] -->\t<\/p>\n<div class=\"pest\"><!-- [et_pb_line_break_holder] -->\t\t<img decoding=\"async\" src=\"http:\/\/misladrillos.com\/ml\/wp-content\/uploads\/2019\/10\/pesta\u00f1a.png\" alt=\"\" class=\"inicial-pestana\"><!-- [et_pb_line_break_holder] -->\t\t<\/p>\n<h3>Nivel PRIMARIA<\/h3>\n<p><!-- [et_pb_line_break_holder] -->\t<\/div>\n<p>\t<!-- [et_pb_line_break_holder] -->\t<img decoding=\"async\" src=\"http:\/\/misladrillos.com\/ml\/wp-content\/uploads\/2019\/10\/arduino.png\" alt=\"\" class=\"arduino-pestana\"><!-- [et_pb_line_break_holder] -->\t<\/p>\n<h2>CONOC\u00c9 LOS KITS<\/h2>\n<p><!-- [et_pb_line_break_holder] -->\t<\/p>\n<p>De esta etapa:<\/p>\n<p><!-- [et_pb_line_break_holder] --><\/div>\n<p><!-- [et_pb_line_break_holder] --><a href=\"https:\/\/misladrillos.com\/ml\/r501\/\" class=\"link-kinder-bot\"><\/a><!-- [et_pb_line_break_holder] --><a href=\"https:\/\/misladrillos.com\/ml\/r502\/\" class=\"link-quin\"><\/a>[\/et_pb_code][\/et_pb_column][\/et_pb_row][et_pb_row disabled_on=\u00bboff|on|on\u00bb _builder_version=\u00bb4.0.2&#8243; background_image=\u00bbhttp:\/\/misladrillos.com\/ml\/wp-content\/uploads\/2019\/10\/back001.jpg\u00bb width=\u00bb90%\u00bb custom_margin=\u00bb0px||0px||false|false\u00bb custom_padding=\u00bb0px||0px||false|false\u00bb][et_pb_column type=\u00bb4_4&#8243; _builder_version=\u00bb4.0.2&#8243;][et_pb_code admin_label=\u00bbINTRO\u00bb _builder_version=\u00bb4.0.2&#8243;]<\/p>\n<div class=\"inicial-box\"><!-- [et_pb_line_break_holder] -->\t<\/p>\n<div class=\"pest\"><!-- [et_pb_line_break_holder] -->\t\t<img decoding=\"async\" src=\"http:\/\/misladrillos.com\/ml\/wp-content\/uploads\/2019\/10\/pesta\u00f1a.png\" alt=\"\" class=\"inicial-pestana\"><!-- [et_pb_line_break_holder] -->\t\t<\/p>\n<h3>Nivel PRIMARIA<\/h3>\n<p><!-- [et_pb_line_break_holder] -->\t<\/div>\n<p>\t<!-- [et_pb_line_break_holder] -->\t<img decoding=\"async\" src=\"http:\/\/misladrillos.com\/ml\/wp-content\/uploads\/2019\/10\/arduino.png\" alt=\"\" class=\"arduino-pestana\"><!-- [et_pb_line_break_holder] -->\t<\/p>\n<h2>CONOC\u00c9 LOS KITS<\/h2>\n<p><!-- [et_pb_line_break_holder] -->\t<\/p>\n<p>De esta etapa:<\/p>\n<p><!-- [et_pb_line_break_holder] --><\/div>\n<p><!-- [et_pb_line_break_holder] --><a href=\"https:\/\/misladrillos.com\/ml\/r501\/\" class=\"link-kinder-bot\"><\/a><!-- [et_pb_line_break_holder] --><a href=\"https:\/\/misladrillos.com\/ml\/r502\/\" class=\"link-quin\"><\/a>[\/et_pb_code][et_pb_image src=\u00bbhttp:\/\/misladrillos.com\/ml\/wp-content\/uploads\/2019\/11\/502-mobile2.jpg\u00bb align=\u00bbcenter\u00bb force_fullwidth=\u00bbon\u00bb _builder_version=\u00bb4.0.2&#8243;][\/et_pb_image][\/et_pb_column][\/et_pb_row][\/et_pb_section][et_pb_section fb_built=\u00bb1&#8243; _builder_version=\u00bb4.0.2&#8243; background_color=\u00bb#ffbc51&#8243; custom_margin=\u00bb20px||||false|false\u00bb][et_pb_row column_structure=\u00bb2_5,3_5&#8243; _builder_version=\u00bb4.0.2&#8243; background_color=\u00bb#ffffff\u00bb width=\u00bb90%\u00bb custom_padding=\u00bb||60px||false|false\u00bb][et_pb_column type=\u00bb2_5&#8243; module_class=\u00bbcol1-bots\u00bb _builder_version=\u00bb4.0.2&#8243;][et_pb_code admin_label=\u00bbr502&#8243; _builder_version=\u00bb4.0.2&#8243;]<\/p>\n<h2 class=\"titulo-r\">R<span>502<\/span><\/h2>\n<p>[\/et_pb_code][et_pb_image src=\u00bbhttp:\/\/misladrillos.com\/ml\/wp-content\/uploads\/2019\/10\/maker.jpg\u00bb module_class=\u00bbimg-maker1&#8243; _builder_version=\u00bb4.0.2&#8243; custom_margin=\u00bb||0px||false|false\u00bb][\/et_pb_image][et_pb_image src=\u00bbhttp:\/\/misladrillos.com\/ml\/wp-content\/uploads\/2019\/11\/img-r502-2-1.jpg\u00bb align=\u00bbcenter\u00bb module_class=\u00bbactividad-img-sidebar\u00bb _builder_version=\u00bb4.0.2&#8243; custom_margin=\u00bb||||false|false\u00bb custom_padding=\u00bb70px||||false|false\u00bb][\/et_pb_image][et_pb_image src=\u00bbhttp:\/\/misladrillos.com\/ml\/wp-content\/uploads\/2019\/11\/img-r502-2-2.jpg\u00bb url=\u00bbhttps:\/\/misladrillos.com\/ml\/proyectos\/\u00bb url_new_window=\u00bbon\u00bb align=\u00bbcenter\u00bb _builder_version=\u00bb4.0.2&#8243;][\/et_pb_image][et_pb_image src=\u00bbhttp:\/\/misladrillos.com\/ml\/wp-content\/uploads\/2019\/11\/img-r502-2-4.jpg\u00bb url=\u00bbhttp:\/\/misladrillos.com\/manuales\/robotica\/instructivos\/Manual%20r8+.pdf\u00bb url_new_window=\u00bbon\u00bb align=\u00bbcenter\u00bb _builder_version=\u00bb4.0.2&#8243;][\/et_pb_image][et_pb_image src=\u00bbhttp:\/\/misladrillos.com\/ml\/wp-content\/uploads\/2019\/11\/img-r502-2-3.jpg\u00bb align=\u00bbcenter\u00bb _builder_version=\u00bb4.0.2&#8243;][\/et_pb_image][et_pb_image src=\u00bbhttp:\/\/misladrillos.com\/ml\/wp-content\/uploads\/2019\/11\/img-r502-2-5.jpg\u00bb url=\u00bbhttps:\/\/misladrillos.com\/educacion\/#\/first-steps\u00bb align=\u00bbcenter\u00bb _builder_version=\u00bb4.0.2&#8243;][\/et_pb_image][et_pb_code disabled_on=\u00bbon|on|on\u00bb admin_label=\u00bbdescarga\u00bb _builder_version=\u00bb4.0.2&#8243; custom_css_main_element=\u00bbtext-align:center;\u00bb disabled=\u00bbon\u00bb global_module=\u00bb838&#8243; saved_tabs=\u00bball\u00bb]<\/p>\n<div class=\"descarga-sidebar\"><!-- [et_pb_line_break_holder] -->\t<\/p>\n<h3>Descargas:<\/h3>\n<p><!-- [et_pb_line_break_holder] -->\t<\/p>\n<p>El software<\/p>\n<p><!-- [et_pb_line_break_holder] -->\t<a href=\"http:\/\/www.edubots.com.ar\/Edubrick\/Edubrick.zip\">BrickLab<\/a><!-- [et_pb_line_break_holder] -->\t<a href=\"http:\/\/www.edubots.com.ar\/ardublock\/ardublock-all.jar\">ArduBlock<\/a><!-- [et_pb_line_break_holder] --><\/div>\n<p>[\/et_pb_code][et_pb_code disabled_on=\u00bbon|on|on\u00bb admin_label=\u00bbregistro\u00bb _builder_version=\u00bb4.0.2&#8243; disabled=\u00bbon\u00bb global_module=\u00bb1303&#8243; saved_tabs=\u00bball\u00bb]<\/p>\n<div class=\"registro-sidebar\"><!-- [et_pb_line_break_holder] -->\t<a href=\"http:\/\/www.edubots.com.ar\/registracion\/\" target=\"_blank\" rel=\"noopener noreferrer\">Registrar el producto<\/a><!-- [et_pb_line_break_holder] -->\t<a href=\"http:\/\/www.edubots.com.ar\/registracion\/taller.html\" target=\"_blank\" rel=\"noopener noreferrer\">Acceder a la Plataforma de Actividades Pedag\u00f3gicas I<\/a><!-- [et_pb_line_break_holder] -->  <a href=\"https:\/\/probots.pedagogiadigital.com\/\" target=\"_blank\" rel=\"noopener noreferrer\">Acceder a la Plataforma de Actividades Pedag\u00f3gicas II<\/a><!-- [et_pb_line_break_holder] --><\/div>\n<p>[\/et_pb_code][et_pb_code admin_label=\u00bbplaylist\u00bb _builder_version=\u00bb4.0.2&#8243;]<\/p>\n<div class=\"registro-sidebar\" style=\"margin-top:0;\"><!-- [et_pb_line_break_holder] -->\t<a href=\"https:\/\/www.youtube.com\/playlist?list=PLskaa_jBiNEXOaD-kiILY7ssHUnWPvwWl\" target=\"_blank\" rel=\"noopener noreferrer\">Videos<\/a><!-- [et_pb_line_break_holder] --><\/div>\n<p>[\/et_pb_code][et_pb_button button_url=\u00bbhttps:\/\/misladrillos.com\/descargas\/buenos_aires\/actividades_pedagogicas.pdf\u00bb url_new_window=\u00bbon\u00bb button_text=\u00bbM\u00e1s actividades pedag\u00f3gicas\u00bb _builder_version=\u00bb4.0.2&#8243;][\/et_pb_button][\/et_pb_column][et_pb_column type=\u00bb3_5&#8243; module_class=\u00bbcol2-bots\u00bb _builder_version=\u00bb4.0.2&#8243;][et_pb_image src=\u00bbhttp:\/\/misladrillos.com\/ml\/wp-content\/uploads\/2019\/11\/502-intro.jpg\u00bb _builder_version=\u00bb4.0.2&#8243; custom_margin=\u00bb||0px||false|false\u00bb][\/et_pb_image][et_pb_image src=\u00bbhttp:\/\/misladrillos.com\/ml\/wp-content\/uploads\/2019\/10\/provincia1.jpg\u00bb _builder_version=\u00bb4.0.2&#8243;][\/et_pb_image][et_pb_text module_class=\u00bbtextos-kits\u00bb _builder_version=\u00bb4.0.2&#8243;]<strong>LA PROPUESTA PEDAG\u00d3GICA<\/strong><br \/>\nEl kit tiene como objetivo trabajar con los chicos en los conceptos fundamentales de tecnolog\u00eda y rob\u00f3tica. Las propuestas did\u00e1cticas ponen foco en los aspectos constructivos, mec\u00e1nicos y l\u00f3gicos de los robots, aplicando el nuevo concepto STEAM (Ciencia, Tecnolog\u00eda, Ingenier\u00eda, Arte, Matem\u00e1ticas) en la ense\u00f1anza de las distintas disciplinas.<\/p>\n<p>Adem\u00e1s, se propone una metodolog\u00eda de aula taller que permite desarrollar habilidades fundamentales para el siglo XXI, como el trabajo en equipo, la definici\u00f3n de roles y responsabilidades, el respeto por el otro, la capacidad de experimentaci\u00f3n, el error como elemento de aprendizaje, la presentaci\u00f3n oral y otras.<\/p>\n<p>Es fruto de nuestra experiencia de m\u00e1s de quince a\u00f1os en la inserci\u00f3n de tecnolog\u00eda con material concreto en las aulas de todos los niveles, tanto en el \u00e1rea de tecnolog\u00eda como en forma transversal a todas las disciplinas. Esta presentaci\u00f3n hace un breve recorrido sobre las bases de nuestra propuesta, con el objeto de establecer un punto de partida para trabajar en conjunto para un dise\u00f1o com\u00fan que tenga en cuenta las caracter\u00edsticas espec\u00edficas y heterog\u00e9neas de las aulas de toda la regi\u00f3n. De nada sirve la experiencia pasada si no es capaz de contemplar las ricas diferencias que encontramos no s\u00f3lo en los diversos espacios culturales, sino tambi\u00e9n en los momentos educativos de su aplicaci\u00f3n.<\/p>\n<p>Nuestra propuesta contempla todos los aspectos necesarios para una implementaci\u00f3n integral, sostenido en tres pilares:<\/p>\n<p>Los kits<br \/>\nLa capacitaci\u00f3n<br \/>\nLa propuesta pedag\u00f3gica que cuenta con una metodolog\u00eda para su uso en el aula, propuestas de actividades y acompa\u00f1amiento pedag\u00f3gico y t\u00e9cnico.<\/p>\n<p>Por \u00faltimo, entendemos que esta experiencia tambi\u00e9n permite vincular a los estudiantes a los nuevos paradigmas de nuestra sociedad, de una manera l\u00fadica y desafiante. En un mundo que cambia todos los d\u00edas atravesado por las nuevas tecnolog\u00edas, es nuestra responsabilidad formar a nuestros estudiantes de manera integral para estos nuevos desaf\u00edos.<\/p>\n<p><strong>EL KIT<\/strong><br \/>\nEl Kit de rob\u00f3tica educativa est\u00e1 formado por un conjunto de piezas de Mis Ladrillos compatibles con toda la l\u00ednea de productos de la empresa, a los cuales se suma el ladrillo inteligente llamado R4, sensores y motores externos, adem\u00e1s de piezas especiales para transmisi\u00f3n de movimientos. El ladrillo R4 est\u00e1 basado en tecnolog\u00eda Arduino, d\u00e1ndole compatibilidad con los sistemas y software Arduino presentes actualmente en el mercado.<\/p>\n<p><strong>R8+ &#8211; EL LADRILLO INTELIGENTE<\/strong><\/p>\n<p>El ladrillo inteligente R8 tiene incorporado un sensor infrarrojo que capta las se\u00f1ales del control remoto provisto, adem\u00e1s de un parlante que reproduce sonidos y leds indicadores programables.<\/p>\n<p>Los sensores y los motores (incluidos en el kit) se conectan externamente al ladrillo R8 mediante cables con ficha RJ11. Esta ficha es un est\u00e1ndar telef\u00f3nico com\u00fan en el mercado, lo que permite adquirir f\u00e1cilmente estos cables en distintas longitudes o reemplazar los extraviados.<\/p>\n<p>Al tener una controladora basada en Arduino, es posible conectar al ladrillo muchos tipos de sensores distintos, y utilizar cientos de programas disponibles en la web. Tanto el desarrollo del controlador como el lenguaje provisto para su programaci\u00f3n son libres, abiertos y gratuitos.<\/p>\n<p><strong>LOS PERIF\u00c9RICOS<\/strong><\/p>\n<p>Adem\u00e1s de las piezas est\u00e1ndar de Mis Ladrillos, el kit incluye piezas especiales: ruedas de diversos tama\u00f1os, engranajes de distintas medidas, ejes met\u00e1licos, ejes pl\u00e1sticos, bujes, exc\u00e9ntricos, ejes que se traban en el buje, llantas, bandas el\u00e1sticas de transmisi\u00f3n, poleas, orugas que tambi\u00e9n pueden utilizarse como correas y otros.<\/p>\n<p>Los motores cuentan con un poderoso reductor de engranajes de nylon de alta durabilidad. El LED bicolor rojo\/verde tambi\u00e9n puede combinar ambos colores para lograr amarillo.<\/p>\n<p>La bater\u00eda recargable de 5V cuenta con el mismo conector usb que se utiliza en la recarga de celulares. Esta bater\u00eda tiene la caracter\u00edstica de mantener la misma entrega de corriente en todo su ciclo, a pesar de estar recarg\u00e1ndose. Eso mejora la vida \u00fatil de los componentes (principalmente de los motores) y asegura un funcionamiento parejo del robot en todas las circunstancias.<\/p>\n<p>No ocurre de la misma manera en kits que trabajen con pilas alcalinas, que a medida que se descargan, tienen como consecuencia la degradaci\u00f3n del funcionamiento del dispositivo.<\/p>\n<p><img decoding=\"async\" loading=\"lazy\" class=\"aligncenter wp-image-857 size-full\" src=\"http:\/\/misladrillos.com\/w\/landing\/wp-content\/uploads\/2019\/11\/r502img.jpg\" alt=\"\" width=\"716\" height=\"358\" \/><\/p>\n<p><strong>EL SOFTWARE<\/strong><\/p>\n<p><a href=\"http:\/\/misladrillos.com\/w\/landing\/wp-content\/uploads\/2019\/11\/img-r501-6.jpg\"><img decoding=\"async\" loading=\"lazy\" class=\"wp-image-629 aligncenter size-full\" src=\"http:\/\/misladrillos.com\/w\/landing\/wp-content\/uploads\/2019\/11\/img-r501-6.jpg\" alt=\"\" width=\"268\" height=\"193\" \/><\/a><\/p>\n<p>El kit incluye un lenguaje gr\u00e1fico de programaci\u00f3n basado en Ardublock desarrollado especialmente para que los chicos adquieran las nociones b\u00e1sicas de sentencias y estructuras presentes en todos los lenguajes de programaci\u00f3n.<\/p>\n<p>Este lenguaje se utiliza en una computadora, descargando el programa al robot atrav\u00e9s de un cable USB. La interfaz es id\u00e9ntica a Scratch, pero tiene la ventaja de generar verdadero c\u00f3digo Arduino que se compila y se baja a la controladora para su funcionamiento aut\u00f3nomo.<\/p>\n<p>Como Ardublock se ejecuta sobre la interfaz de programaci\u00f3n de Arduino tradicional, el pasaje posterior a este ambiente de mayor poder es totalmente natural y transparente.<\/p>\n<p>ArduBlock es un entorno de programaci\u00f3n dise\u00f1ado con el objetivo de que programar sea simplemente \u00abarrastrar y soltar\u00bb. En lugar de escribir c\u00f3digo y preocuparse por la sintaxis, ArduBlock permite programar visualmente \u00abpegando\u00bb mosaicos de c\u00f3digo que s\u00f3lo encajan cuando son sint\u00e1ctica y sem\u00e1nticamente correctos, siguiendo la tradici\u00f3n de Scratch.<\/p>\n<p>ArduBlock se basa en la simplicidad de Arduino, y crea un pasaje ideal para principiantes de programaci\u00f3n hacia la rob\u00f3tica. ArduBlock es un plug-in en java para la IDE de Arduino, lo que lo hace multiplataforma (Window, Mac, Linux). Por otra parte, al generar c\u00f3digo Arduino, la transici\u00f3n de la programaci\u00f3n visual a la programaci\u00f3n de texto es mucho m\u00e1s f\u00e1cil, cuando el desarrollo de programas complejos hace inevitable el uso de esta \u00faltima modalidad.<\/p>\n<p><strong>EL KIT DE EXPANSI\u00d3N<\/strong><br \/>\nAmpl\u00eda a\u00fan m\u00e1s las posibilidades de tu kit de rob\u00f3tica gracias al completo conjunto de sensores y actuadores que ponemos a tu disposici\u00f3n. Todos pensados y desarrollados para acompa\u00f1ar el crecimiento de tus proyectos de la manera m\u00e1s pr\u00e1ctica e intuitiva.<\/p>\n<p>Siempre ser\u00e1 posible expandir la cantidad de piezas tanto para reponer eventuales p\u00e9rdidas como para generar a\u00fan m\u00e1s alternativas de juegos y actividades para los chicos. Nuestros kits de expansi\u00f3n incluso pueden ser personalizados de acuerdo a las distintas necesides que cada grupo escolar pueda presentar.<\/p>\n<p><strong>No es necesario que adquieras un kit completo!<\/strong><\/p>\n<p>Para actualizar tu kit basta con sumar los componentes correspondientes a cada modelo. Incluso pod\u00e9s personalizarlo adquiriendo \u00fanicamente lo que precises.<br \/>\nLos kits de expansi\u00f3n pueden incluir tanto sensores, actuadores, y motores, como piezas estructurales, llantas, poleas, ejes y engranajes de todos los tipos, cables, bater\u00edas, etc.<\/p>\n<p><a href=\"http:\/\/misladrillos.com\/w\/landing\/wp-content\/uploads\/2019\/11\/img-r501-9.jpg\"><img decoding=\"async\" loading=\"lazy\" class=\"wp-image-630 aligncenter size-full\" src=\"http:\/\/misladrillos.com\/w\/landing\/wp-content\/uploads\/2019\/11\/img-r501-9.jpg\" alt=\"\" width=\"283\" height=\"134\" \/><\/a>[\/et_pb_text][et_pb_text admin_label=\u00bbpedagog\u00edaPROBOTS\u00bb _builder_version=\u00bb4.0.2&#8243;]<\/p>\n<h3 class=\"titulo-bot2\">pedagog\u00eda<span>PROBOTS<\/span><\/h3>\n<p>[\/et_pb_text][et_pb_text admin_label=\u00bbKit de rob\u00f3tica educativa homologado\u00bb module_class=\u00bbkit-texto-3&#8243; _builder_version=\u00bb4.0.2&#8243;]<\/p>\n<p>Kit de rob\u00f3tica educativa homologado por el Gobierno de la Provincia de Buenos Aires. M\u00e1s de 500 piezas entre componentes estructurales, sensores y actuadores.<\/p>\n<p>[\/et_pb_text][\/et_pb_column][\/et_pb_row][et_pb_row _builder_version=\u00bb4.0.2&#8243; background_color=\u00bb#ffffff\u00bb width=\u00bb90%\u00bb custom_padding=\u00bb||80px||false|false\u00bb][et_pb_column type=\u00bb4_4&#8243; module_class=\u00bbcol-videos\u00bb _builder_version=\u00bb4.0.2&#8243;][et_pb_video src=\u00bbhttps:\/\/www.youtube.com\/watch?v=jFsd2Me3vXM&#038;list=PLskaa_jBiNEXOaD-kiILY7ssHUnWPvwWl&#038;index=2&#038;t=0s\u00bb _builder_version=\u00bb4.0.2&#8243; custom_margin=\u00bb||15px||false|false\u00bb][\/et_pb_video][et_pb_video src=\u00bbhttps:\/\/www.youtube.com\/watch?v=aPhIDdcg5oM&#038;list=PLskaa_jBiNEXOaD-kiILY7ssHUnWPvwWl&#038;index=3&#038;t=0s\u00bb _builder_version=\u00bb4.0.2&#8243; custom_margin=\u00bb||15px||false|false\u00bb][\/et_pb_video][et_pb_video src=\u00bbhttps:\/\/www.youtube.com\/watch?v=KK3l6IwX2KA&#038;list=PLskaa_jBiNEXOaD-kiILY7ssHUnWPvwWl&#038;index=4&#038;t=0s\u00bb _builder_version=\u00bb4.0.2&#8243; custom_margin=\u00bb||15px||false|false\u00bb][\/et_pb_video][\/et_pb_column][\/et_pb_row][\/et_pb_section]<\/p>\n","protected":false},"excerpt":{"rendered":"<p>[et_pb_section fb_built=\u00bb1&#8243; _builder_version=\u00bb4.0.2&#8243; background_color=\u00bb#ffbc51&#8243; custom_padding=\u00bb||0px||false|false\u00bb][et_pb_row disabled_on=\u00bbon|off|off\u00bb module_class=\u00bbintro-inicial\u00bb _builder_version=\u00bb4.0.2&#8243; background_image=\u00bbhttp:\/\/misladrillos.com\/ml\/wp-content\/uploads\/2019\/11\/501.jpg\u00bb background_size=\u00bbcontain\u00bb width=\u00bb90%\u00bb][et_pb_column type=\u00bb4_4&#8243; _builder_version=\u00bb4.0.2&#8243;][et_pb_code admin_label=\u00bbINTRO\u00bb _builder_version=\u00bb4.0.2&#8243;] Nivel PRIMARIA CONOC\u00c9 LOS KITS De esta etapa: [\/et_pb_code][\/et_pb_column][\/et_pb_row][et_pb_row disabled_on=\u00bboff|on|on\u00bb _builder_version=\u00bb4.0.2&#8243; background_image=\u00bbhttp:\/\/misladrillos.com\/ml\/wp-content\/uploads\/2019\/10\/back001.jpg\u00bb width=\u00bb90%\u00bb custom_margin=\u00bb0px||0px||false|false\u00bb custom_padding=\u00bb0px||0px||false|false\u00bb][et_pb_column type=\u00bb4_4&#8243; _builder_version=\u00bb4.0.2&#8243;][et_pb_code admin_label=\u00bbINTRO\u00bb _builder_version=\u00bb4.0.2&#8243;] Nivel PRIMARIA CONOC\u00c9 LOS KITS De esta etapa: [\/et_pb_code][et_pb_image src=\u00bbhttp:\/\/misladrillos.com\/ml\/wp-content\/uploads\/2019\/11\/502-mobile2.jpg\u00bb align=\u00bbcenter\u00bb force_fullwidth=\u00bbon\u00bb _builder_version=\u00bb4.0.2&#8243;][\/et_pb_image][\/et_pb_column][\/et_pb_row][\/et_pb_section][et_pb_section fb_built=\u00bb1&#8243; _builder_version=\u00bb4.0.2&#8243; background_color=\u00bb#ffbc51&#8243; custom_margin=\u00bb20px||||false|false\u00bb][et_pb_row column_structure=\u00bb2_5,3_5&#8243; _builder_version=\u00bb4.0.2&#8243; background_color=\u00bb#ffffff\u00bb width=\u00bb90%\u00bb [&hellip;]<\/p>\n","protected":false},"author":2,"featured_media":0,"parent":0,"menu_order":0,"comment_status":"closed","ping_status":"closed","template":"","meta":{"_et_pb_use_builder":"on","_et_pb_old_content":"","_joinchat":[]},"_links":{"self":[{"href":"https:\/\/misladrillos.com\/ml\/wp-json\/wp\/v2\/pages\/686"}],"collection":[{"href":"https:\/\/misladrillos.com\/ml\/wp-json\/wp\/v2\/pages"}],"about":[{"href":"https:\/\/misladrillos.com\/ml\/wp-json\/wp\/v2\/types\/page"}],"author":[{"embeddable":true,"href":"https:\/\/misladrillos.com\/ml\/wp-json\/wp\/v2\/users\/2"}],"replies":[{"embeddable":true,"href":"https:\/\/misladrillos.com\/ml\/wp-json\/wp\/v2\/comments?post=686"}],"version-history":[{"count":30,"href":"https:\/\/misladrillos.com\/ml\/wp-json\/wp\/v2\/pages\/686\/revisions"}],"predecessor-version":[{"id":2934,"href":"https:\/\/misladrillos.com\/ml\/wp-json\/wp\/v2\/pages\/686\/revisions\/2934"}],"wp:attachment":[{"href":"https:\/\/misladrillos.com\/ml\/wp-json\/wp\/v2\/media?parent=686"}],"curies":[{"name":"wp","href":"https:\/\/api.w.org\/{rel}","templated":true}]}}