{"id":605,"date":"2019-11-03T23:52:22","date_gmt":"2019-11-03T23:52:22","guid":{"rendered":"http:\/\/misladrillos.com\/ml\/?page_id=605"},"modified":"2019-12-20T16:31:46","modified_gmt":"2019-12-20T16:31:46","slug":"robotica-educativa","status":"publish","type":"page","link":"https:\/\/misladrillos.com\/ml\/robotica-educativa\/","title":{"rendered":"Rob\u00f3tica Educativa"},"content":{"rendered":"<p>[et_pb_section fb_built=\u00bb1&#8243; _builder_version=\u00bb4.0.2&#8243; background_color=\u00bb#ffbc51&#8243; custom_padding=\u00bb||0px||false|false\u00bb][et_pb_row disabled_on=\u00bbon|off|off\u00bb module_class=\u00bbintro-inicial\u00bb _builder_version=\u00bb4.0.2&#8243; background_image=\u00bbhttp:\/\/misladrillos.com\/ml\/wp-content\/uploads\/2019\/11\/intro_robotica-educativa.jpg\u00bb background_size=\u00bbcontain\u00bb width=\u00bb90%\u00bb][et_pb_column type=\u00bb4_4&#8243; _builder_version=\u00bb4.0.2&#8243;][et_pb_code admin_label=\u00bbINTRO\u00bb _builder_version=\u00bb4.0.2&#8243;]<\/p>\n<div class=\"inicial-box\"><!-- [et_pb_line_break_holder] -->\t<\/p>\n<div class=\"pest\"><!-- [et_pb_line_break_holder] -->\t\t<img decoding=\"async\" src=\"http:\/\/misladrillos.com\/ml\/wp-content\/uploads\/2019\/10\/pesta\u00f1a.png\" alt=\"\" class=\"inicial-pestana\"><!-- [et_pb_line_break_holder] -->\t\t<\/p>\n<h3>ROBOTICA EDUCATIVA<\/h3>\n<p><!-- [et_pb_line_break_holder] -->\t<\/div>\n<p>\t<!-- [et_pb_line_break_holder] -->\t<\/p>\n<h2>CONOC\u00c9 NUESTRA<\/h2>\n<p><!-- [et_pb_line_break_holder] -->\t<\/p>\n<p class=\"blanco-p\">PROPUESTA EDUCATIVA<\/p>\n<p><!-- [et_pb_line_break_holder] --><\/div>\n<p>[\/et_pb_code][\/et_pb_column][\/et_pb_row][et_pb_row disabled_on=\u00bboff|on|on\u00bb _builder_version=\u00bb4.0.2&#8243; background_image=\u00bbhttp:\/\/misladrillos.com\/ml\/wp-content\/uploads\/2019\/11\/robo-back.jpg\u00bb width=\u00bb90%\u00bb custom_margin=\u00bb0px||0px||false|false\u00bb custom_padding=\u00bb0px||0px||false|false\u00bb][et_pb_column type=\u00bb4_4&#8243; _builder_version=\u00bb4.0.2&#8243;][et_pb_code admin_label=\u00bbINTRO\u00bb _builder_version=\u00bb4.0.2&#8243;]<\/p>\n<div class=\"inicial-box\"><!-- [et_pb_line_break_holder] -->\t<\/p>\n<div class=\"pest\"><!-- [et_pb_line_break_holder] -->\t\t<img decoding=\"async\" src=\"http:\/\/misladrillos.com\/ml\/wp-content\/uploads\/2019\/10\/pesta\u00f1a.png\" alt=\"\" class=\"inicial-pestana\"><!-- [et_pb_line_break_holder] -->\t\t<\/p>\n<h3>ROBOTICA EDUCATIVA<\/h3>\n<p><!-- [et_pb_line_break_holder] -->\t<\/div>\n<p>\t<!-- [et_pb_line_break_holder] -->\t<\/p>\n<h2>CONOC\u00c9 NUESTRA<\/h2>\n<p><!-- [et_pb_line_break_holder] -->\t<\/p>\n<p class=\"blanco-p\">PROPUESTA EDUCATIVA<\/p>\n<p><!-- [et_pb_line_break_holder] --><\/div>\n<p>[\/et_pb_code][et_pb_image src=\u00bbhttp:\/\/misladrillos.com\/ml\/wp-content\/uploads\/2019\/11\/intro_robotica-educativa_mobile.jpg\u00bb align=\u00bbcenter\u00bb force_fullwidth=\u00bbon\u00bb _builder_version=\u00bb4.0.2&#8243;][\/et_pb_image][\/et_pb_column][\/et_pb_row][\/et_pb_section][et_pb_section fb_built=\u00bb1&#8243; _builder_version=\u00bb4.0.2&#8243; background_color=\u00bb#ffbc51&#8243; custom_margin=\u00bb5px||||false|false\u00bb][et_pb_row column_structure=\u00bb2_5,3_5&#8243; module_class=\u00bbrobo-col\u00bb _builder_version=\u00bb4.0.2&#8243; background_color=\u00bb#ffffff\u00bb width=\u00bb90%\u00bb custom_padding=\u00bb||60px||false|false\u00bb][et_pb_column type=\u00bb2_5&#8243; module_class=\u00bbcol1-bots\u00bb _builder_version=\u00bb4.0.2&#8243; background_image=\u00bbhttp:\/\/misladrillos.com\/ml\/wp-content\/uploads\/2019\/11\/robotica-img.png\u00bb background_size=\u00bbcontain\u00bb background_position=\u00bbtop_right\u00bb custom_padding=\u00bb312px||||false|false\u00bb][et_pb_code admin_label=\u00bbNuestra Historia\u00bb _builder_version=\u00bb4.0.2&#8243;]<\/p>\n<h3 class=\"nuestra-h\">Nuestra Historia<\/h3>\n<p><!-- [et_pb_line_break_holder] --><\/p>\n<p class=\"nuestra-p\">Somos una empresa argentina nacida en 1953 fabricando un juego de construcci\u00f3n de ladrillos de goma. <br \/>A fines de los 60 la goma es sustitu\u00edda por el pl\u00e1stico, y en la d\u00e9cada del 70 se exporta a muchos pa\u00edses de la regi\u00f3n. En los 90 se complementan los juegos f\u00edsicos con juegos virtuales. En la d\u00e9cada del 2000 se introduce la electr\u00f3nica y la rob\u00f3tica. Y a partir de 2010 se crea el \u00e1rea de rob\u00f3tica educativa, que r\u00e1pidamente pasa a ser core business.<\/p>\n<p>[\/et_pb_code][et_pb_image src=\u00bbhttp:\/\/misladrillos.com\/ml\/wp-content\/uploads\/2019\/11\/robotica1.jpg\u00bb align=\u00bbcenter\u00bb _builder_version=\u00bb4.0.2&#8243; custom_padding=\u00bb60px||||false|false\u00bb][\/et_pb_image][\/et_pb_column][et_pb_column type=\u00bb3_5&#8243; module_class=\u00bbcol2-bots\u00bb _builder_version=\u00bb4.0.2&#8243;][et_pb_code admin_label=\u00bb#MisLadrillos\u00bb _builder_version=\u00bb4.0.2&#8243;]<\/p>\n<p class=\"nuestra-p\">Desde <span class=\"negrito\">#MisLadrillos<\/span> pretendemos ser una herramienta para desarrollar las capacidades de las futuras generaciones.<\/p>\n<p><!-- [et_pb_line_break_holder] --><!-- [et_pb_line_break_holder] --><\/p>\n<p class=\"orange-r\">Adem\u00e1s de contrubuir al cambio del paradigma educativo ampliando las oportunidades de desarrollo humano para las generaciones venideras en latinoam\u00e9rica. Ser referentes de la innovaci\u00f3n tecnol\u00f3gica en el \u00e1mbito de la educaci\u00f3n para la regi\u00f3n.<\/p>\n<p><!-- [et_pb_line_break_holder] --><!-- [et_pb_line_break_holder] --><\/p>\n<p class=\"nuestra-p\">Nuestra propuesta contempla todos los aspectos necesarios para una implementaci\u00f3n integral, sostenido en tres pilares:<\/p>\n<p><!-- [et_pb_line_break_holder] --><!-- [et_pb_line_break_holder] --><\/p>\n<div class=\"cuadros-robotica\"><!-- [et_pb_line_break_holder] -->\t<a href=\"#\" class=\"boton-robo ama\"><span>Los kits<\/span><\/a><!-- [et_pb_line_break_holder] -->\t<a href=\"#\"  class=\"boton-robo celes\"><span>La capacitaci\u00f3n<\/span><\/a><!-- [et_pb_line_break_holder] -->\t<a href=\"#\"  class=\"boton-robo vio\"><span>La propuesta pedag\u00f3gica<\/span><\/a><!-- [et_pb_line_break_holder] --><\/div>\n<p>[\/et_pb_code][et_pb_text module_class=\u00bbtextos-kits\u00bb _builder_version=\u00bb4.0.2&#8243;]<\/p>\n<h5><strong>LA PROPUESTA PEDAG\u00d3GICA<\/strong><\/h5>\n<p><span style=\"font-weight: 400;\">En la Pedagog\u00eda PROBOTS, pensamos la rob\u00f3tica educativa como un medio de aprendizaje, a partir de la motivaci\u00f3n que provoca en los estudiantes el dise\u00f1o, la construcci\u00f3n y la programaci\u00f3n de sus propias creaciones.<\/span><\/p>\n<p><span style=\"font-weight: 400;\">\u00a0<\/span><\/p>\n<p><span style=\"font-weight: 400;\">Con Mis Ladrillos Probots, los estudiantes pueden crear f\u00e1cilmente sus propios robots a partir de bloques de encastre, que son luego controladas por un entorno de programaci\u00f3n.\u00a0 La creaci\u00f3n con las piezas encastrables acelera el trabajo constructivo maximizando el aprovechamiento del tiempo de trabajo en clase.<\/span><\/p>\n<p><span style=\"font-weight: 400;\">En rob\u00f3tica ,el aprendizaje est\u00e1 \u00edntimamente ligado a un hacer que es tanto f\u00edsico como mental, en un proceso bidireccional de pensar haciendo y hacer pensando. Se trata de una experiencia activa de construcci\u00f3n de conocimiento. Hacer es diagramar, investigar, intentar, equivocarse, reflexionar, corregir el curso y volver a intentar. En esta \u00e1rea se vislumbra como en ning\u00fan otra, el valor constructivo del error, cuyo an\u00e1lisis se convierte en fuente de aprendizaje.<\/span><\/p>\n<p><span style=\"font-weight: 400;\">El trabajo con rob\u00f3tica en entornos educativos, involucra a los alumnos en un proceso vivencial y grupal de resoluci\u00f3n de problemas, para cuya soluci\u00f3n ponen en acto (y por lo tanto, desarrollan) conocimientos del campo de la f\u00edsica, la mec\u00e1nica, la electr\u00f3nica y la inform\u00e1tica<\/span><\/p>\n<p><span style=\"font-weight: 400;\">Por \u00faltimo, la rob\u00f3tica educativa ofrece m\u00faltiples ventajas formativas:<\/span><\/p>\n<ul>\n<li style=\"font-weight: 400;\"><span style=\"font-weight: 400;\">Permite que los estudiantes construyan sus propias representaciones del entorno que nos rodea, facilitando un mejor entendimiento del mundo real.<\/span><\/li>\n<li style=\"font-weight: 400;\"><span style=\"font-weight: 400;\">Estimula el pensamiento creativo, anal\u00edtico, cr\u00edtico y de resoluci\u00f3n de problemas<\/span><\/li>\n<li style=\"font-weight: 400;\"><span style=\"font-weight: 400;\">Promueve el desarrollo de la imaginaci\u00f3n, la creatividad, la concentraci\u00f3n y las habilidades de construcci\u00f3n manual.<\/span><\/li>\n<li style=\"font-weight: 400;\"><span style=\"font-weight: 400;\">Facilita la emergencia del pensamiento cient\u00edfico a trav\u00e9s de la experimentaci\u00f3n<\/span><\/li>\n<li style=\"font-weight: 400;\"><span style=\"font-weight: 400;\">Al igual que el juego, ofrece al estudiante un espacio controlado en donde cometer errores sin consecuencias ulteriores.\u00a0<\/span><\/li>\n<\/ul>\n<h6>\u00a0<\/h6>\n<p>[\/et_pb_text][\/et_pb_column][\/et_pb_row][et_pb_row _builder_version=\u00bb4.0.2&#8243; background_color=\u00bb#ffffff\u00bb width=\u00bb90%\u00bb custom_padding=\u00bb||80px||false|false\u00bb][et_pb_column type=\u00bb4_4&#8243; module_class=\u00bbcol-videos\u00bb _builder_version=\u00bb4.0.2&#8243;][et_pb_image src=\u00bbhttp:\/\/misladrillos.com\/ml\/wp-content\/uploads\/2019\/10\/provincia1.jpg\u00bb align=\u00bbcenter\u00bb _builder_version=\u00bb4.0.2&#8243;][\/et_pb_image][\/et_pb_column][\/et_pb_row][\/et_pb_section]<\/p>\n","protected":false},"excerpt":{"rendered":"<p>[et_pb_section fb_built=\u00bb1&#8243; _builder_version=\u00bb4.0.2&#8243; background_color=\u00bb#ffbc51&#8243; custom_padding=\u00bb||0px||false|false\u00bb][et_pb_row disabled_on=\u00bbon|off|off\u00bb module_class=\u00bbintro-inicial\u00bb _builder_version=\u00bb4.0.2&#8243; background_image=\u00bbhttp:\/\/misladrillos.com\/ml\/wp-content\/uploads\/2019\/11\/intro_robotica-educativa.jpg\u00bb background_size=\u00bbcontain\u00bb width=\u00bb90%\u00bb][et_pb_column type=\u00bb4_4&#8243; _builder_version=\u00bb4.0.2&#8243;][et_pb_code admin_label=\u00bbINTRO\u00bb _builder_version=\u00bb4.0.2&#8243;] ROBOTICA EDUCATIVA CONOC\u00c9 NUESTRA PROPUESTA EDUCATIVA [\/et_pb_code][\/et_pb_column][\/et_pb_row][et_pb_row disabled_on=\u00bboff|on|on\u00bb _builder_version=\u00bb4.0.2&#8243; background_image=\u00bbhttp:\/\/misladrillos.com\/ml\/wp-content\/uploads\/2019\/11\/robo-back.jpg\u00bb width=\u00bb90%\u00bb custom_margin=\u00bb0px||0px||false|false\u00bb custom_padding=\u00bb0px||0px||false|false\u00bb][et_pb_column type=\u00bb4_4&#8243; _builder_version=\u00bb4.0.2&#8243;][et_pb_code admin_label=\u00bbINTRO\u00bb _builder_version=\u00bb4.0.2&#8243;] ROBOTICA EDUCATIVA CONOC\u00c9 NUESTRA PROPUESTA EDUCATIVA [\/et_pb_code][et_pb_image src=\u00bbhttp:\/\/misladrillos.com\/ml\/wp-content\/uploads\/2019\/11\/intro_robotica-educativa_mobile.jpg\u00bb align=\u00bbcenter\u00bb force_fullwidth=\u00bbon\u00bb _builder_version=\u00bb4.0.2&#8243;][\/et_pb_image][\/et_pb_column][\/et_pb_row][\/et_pb_section][et_pb_section fb_built=\u00bb1&#8243; _builder_version=\u00bb4.0.2&#8243; background_color=\u00bb#ffbc51&#8243; custom_margin=\u00bb5px||||false|false\u00bb][et_pb_row column_structure=\u00bb2_5,3_5&#8243; module_class=\u00bbrobo-col\u00bb _builder_version=\u00bb4.0.2&#8243; background_color=\u00bb#ffffff\u00bb width=\u00bb90%\u00bb custom_padding=\u00bb||60px||false|false\u00bb][et_pb_column type=\u00bb2_5&#8243; module_class=\u00bbcol1-bots\u00bb [&hellip;]<\/p>\n","protected":false},"author":2,"featured_media":0,"parent":0,"menu_order":0,"comment_status":"closed","ping_status":"closed","template":"","meta":{"_et_pb_use_builder":"on","_et_pb_old_content":"","_joinchat":[]},"_links":{"self":[{"href":"https:\/\/misladrillos.com\/ml\/wp-json\/wp\/v2\/pages\/605"}],"collection":[{"href":"https:\/\/misladrillos.com\/ml\/wp-json\/wp\/v2\/pages"}],"about":[{"href":"https:\/\/misladrillos.com\/ml\/wp-json\/wp\/v2\/types\/page"}],"author":[{"embeddable":true,"href":"https:\/\/misladrillos.com\/ml\/wp-json\/wp\/v2\/users\/2"}],"replies":[{"embeddable":true,"href":"https:\/\/misladrillos.com\/ml\/wp-json\/wp\/v2\/comments?post=605"}],"version-history":[{"count":47,"href":"https:\/\/misladrillos.com\/ml\/wp-json\/wp\/v2\/pages\/605\/revisions"}],"predecessor-version":[{"id":1683,"href":"https:\/\/misladrillos.com\/ml\/wp-json\/wp\/v2\/pages\/605\/revisions\/1683"}],"wp:attachment":[{"href":"https:\/\/misladrillos.com\/ml\/wp-json\/wp\/v2\/media?parent=605"}],"curies":[{"name":"wp","href":"https:\/\/api.w.org\/{rel}","templated":true}]}}