{"id":3095,"date":"2022-05-13T17:00:40","date_gmt":"2022-05-13T20:00:40","guid":{"rendered":"https:\/\/misladrillos.com\/ml\/?page_id=3095"},"modified":"2022-07-06T15:34:12","modified_gmt":"2022-07-06T18:34:12","slug":"primeros-pasos-r502","status":"publish","type":"page","link":"https:\/\/misladrillos.com\/ml\/primeros-pasos-r502\/","title":{"rendered":"C\u00f3mo usar tu kit R502"},"content":{"rendered":"<p>[et_pb_section fb_built=\u00bb1&#8243; _builder_version=\u00bb4.0.2&#8243;][et_pb_row _builder_version=\u00bb4.0.2&#8243;][et_pb_column type=\u00bb4_4&#8243; _builder_version=\u00bb4.0.2&#8243;][et_pb_text admin_label=\u00bbEspacio vacio\u00bb _builder_version=\u00bb4.0.2&#8243;][\/et_pb_text][et_pb_post_title _builder_version=\u00bb4.0.2&#8243;][\/et_pb_post_title][et_pb_text admin_label=\u00bbEspacio vacio\u00bb _builder_version=\u00bb4.0.2&#8243;][\/et_pb_text][\/et_pb_column][\/et_pb_row][et_pb_row _builder_version=\u00bb4.0.2&#8243;][et_pb_column type=\u00bb4_4&#8243; _builder_version=\u00bb4.0.2&#8243;][et_pb_text admin_label=\u00bbTexto primer linea\u00bb _builder_version=\u00bb4.0.2&#8243; text_font_size=\u00bb17px\u00bb text_orientation=\u00bbjustified\u00bb]<\/p>\n<p><span style=\"font-weight: 400;\">Este kit consiste de una valija pl\u00e1stica con todos los componentes electr\u00f3nicos, y de cinco bolsas conteniendo las piezas de encastre.<\/span><\/p>\n<p>[\/et_pb_text][et_pb_image src=\u00bbhttps:\/\/misladrillos.com\/ml\/wp-content\/uploads\/2022\/05\/im\u00e1genes-kit-R502-1024&#215;298.jpg\u00bb admin_label=\u00bbImagen valija y bolsas\u00bb _builder_version=\u00bb4.0.2&#8243;][\/et_pb_image][et_pb_text admin_label=\u00bbTexto contenido valija\u00bb _builder_version=\u00bb4.0.2&#8243; text_font_size=\u00bb17px\u00bb text_orientation=\u00bbjustified\u00bb link_option_url_new_window=\u00bbon\u00bb]<\/p>\n<p><span style=\"font-weight: 400;\">Adem\u00e1s de las piezas de encastre el kit contiene elementos muy importantes:<\/span><\/p>\n<p>&nbsp;<\/p>\n<ul>\n<li style=\"font-weight: 400;\" aria-level=\"1\"><b>1 Ladrillo inteligente: <\/b><span style=\"font-weight: 400;\">es el cerebro del kit donde se conectan motores y sensores, y donde se guardan los programas a ejecutar por el robot<\/span><\/li>\n<\/ul>\n<p>&nbsp;<\/p>\n<ul>\n<li aria-level=\"1\"><b>5 Sensores:<\/b><\/li>\n<\/ul>\n<ul>\n<li style=\"list-style-type: none;\">\n<ul>\n<li style=\"font-weight: 400;\" aria-level=\"2\"><span style=\"font-weight: 400;\">1 Sensor de luz, tambi\u00e9n llamado LDR. Nos permite determinar el nivel de iluminaci\u00f3n.<\/span><\/li>\n<li style=\"font-weight: 400;\" aria-level=\"2\"><span style=\"font-weight: 400;\">2 Sensores de proximidad, tambi\u00e9n llamados infrarrojos. Detectan proximidad a una distancia de 1cm. como m\u00e1ximo, o cambios de color (blanco \/ negro).<\/span><\/li>\n<li style=\"font-weight: 400;\" aria-level=\"2\"><span style=\"font-weight: 400;\">1 Sensor de sonidos, o micr\u00f3fono. Detecta sonidos b\u00e1sicos, como golpes o chasquidos.<\/span><\/li>\n<li style=\"font-weight: 400;\" aria-level=\"2\"><span style=\"font-weight: 400;\">1 Sensor pulsador. Act\u00faa como un bot\u00f3n.<\/span><\/li>\n<\/ul>\n<\/li>\n<\/ul>\n<p>&nbsp;<\/p>\n<ul>\n<li aria-level=\"1\"><b>4 Actuadores:<\/b><\/li>\n<\/ul>\n<ul>\n<li style=\"list-style-type: none;\">\n<ul>\n<li style=\"font-weight: 400;\" aria-level=\"2\"><span style=\"font-weight: 400;\">2 Motores. Permiten darle movimiento al robot. Pueden girar en ambos sentidos y a distintas velocidades.<\/span><\/li>\n<li style=\"font-weight: 400;\" aria-level=\"2\"><span style=\"font-weight: 400;\">1 Led (o luz). Permite controlar tres colores de manera independiente. Rojo, verde y azul, y sus respectivas combinaciones.<\/span><\/li>\n<li style=\"font-weight: 400;\" aria-level=\"2\"><span style=\"font-weight: 400;\">1 Micro Parlante. Est\u00e1 incorporado al ladrillo inteligente R8+, y\u00a0 da la posibilidad de emitir notas de manera independiente o componer una melod\u00eda.<\/span><\/li>\n<\/ul>\n<\/li>\n<\/ul>\n<p>&nbsp;<\/p>\n<ul>\n<li style=\"font-weight: 400;\" aria-level=\"1\"><b>1 Control remoto: <\/b><span style=\"font-weight: 400;\">Con siete botones programables. Permite controlar el robot a distancia<\/span><\/li>\n<\/ul>\n<p>[\/et_pb_text][et_pb_text admin_label=\u00bbTexto descrip de cada elemento\u00bb _builder_version=\u00bb4.0.2&#8243; text_font_size=\u00bb17px\u00bb]<\/p>\n<h2><b>Descripci\u00f3n de los elementos centrales del kit:<\/b><\/h2>\n<p>&nbsp;<\/p>\n<p><b>El ladrillo inteligente<\/b><\/p>\n<p><span style=\"font-weight: 400;\">El ladrillo inteligente R8+ es el \u201ccerebro\u201d del kit rob\u00f3tico.<\/span><\/p>\n<p><span style=\"font-weight: 400;\">Tiene ocho conectores laterales para motores, sensores y actuadores.<\/span><\/p>\n<p><span style=\"font-weight: 400;\">El conector superior sirve para programarlo y para darle alimentaci\u00f3n, ya sea desde la PC o desde la bater\u00eda.<\/span><\/p>\n<p>[\/et_pb_text][et_pb_image src=\u00bbhttps:\/\/misladrillos.com\/ml\/wp-content\/uploads\/2022\/05\/R82022-con-indicaciones-e1652473363712.jpg\u00bb admin_label=\u00bbImagen R8 con flechas\u00bb _builder_version=\u00bb4.0.2&#8243;][\/et_pb_image][et_pb_text admin_label=\u00bbTexto\u00bb _builder_version=\u00bb4.0.2&#8243; text_font_size=\u00bb17px\u00bb]<\/p>\n<p><span style=\"font-weight: 400;\">Posee un bot\u00f3n que permite encenderlo y apagarlo. Y un led (luz) que indica si est\u00e1 encendido o no.<\/span><\/p>\n<p><span style=\"font-weight: 400;\">Adem\u00e1s cuenta con un receptor para poder ser comandado por control remoto, y un micro parlante que se puede programar con sonidos o melod\u00edas.<\/span><\/p>\n<p>&nbsp;<\/p>\n<p><b>Motores<\/b><\/p>\n<p><span style=\"font-weight: 400;\">El kit cuenta con dos motores que se conectan al ladrillo inteligente y que permiten dar movimiento al robot. La conexi\u00f3n se hace a trav\u00e9s de cualquiera de los ocho puertos del ladrillo inteligente. Mediante la programaci\u00f3n se puede hacer que giren, se detengan, inviertan el sentido de giro, y var\u00eden su velocidad.<\/span><\/p>\n<p>[\/et_pb_text][et_pb_image src=\u00bbhttps:\/\/misladrillos.com\/ml\/wp-content\/uploads\/2022\/05\/Motor-2022.png\u00bb admin_label=\u00bbImagen motores\u00bb _builder_version=\u00bb4.0.2&#8243;][\/et_pb_image][et_pb_text admin_label=\u00bbEspacio vacio\u00bb _builder_version=\u00bb4.0.2&#8243;][\/et_pb_text][\/et_pb_column][\/et_pb_row][et_pb_row column_structure=\u00bb2_5,3_5&#8243; _builder_version=\u00bb4.0.2&#8243;][et_pb_column type=\u00bb2_5&#8243; _builder_version=\u00bb4.0.2&#8243;][et_pb_text admin_label=\u00bbTexto bateria\u00bb _builder_version=\u00bb4.0.2&#8243; text_font_size=\u00bb17px\u00bb]<\/p>\n<p><b>Bater\u00eda recargable<\/b><\/p>\n<p><span style=\"font-weight: 400;\">La bater\u00eda recargable se encarga de alimentar al ladrillo inteligente R8+ para que cumpla con el programa que se le haya cargado. Posee adem\u00e1s un conector para que se pueda cargarla desde un puerto USB de la PC o desde un cargador est\u00e1ndar de celular.\u00a0<\/span><\/p>\n<p>[\/et_pb_text][\/et_pb_column][et_pb_column type=\u00bb3_5&#8243; _builder_version=\u00bb4.0.2&#8243;][et_pb_image src=\u00bbhttps:\/\/misladrillos.com\/ml\/wp-content\/uploads\/2022\/05\/bater\u00eda-2022-e1652722210595.png\u00bb _builder_version=\u00bb4.0.2&#8243;][\/et_pb_image][\/et_pb_column][\/et_pb_row][et_pb_row _builder_version=\u00bb4.0.2&#8243;][et_pb_column type=\u00bb4_4&#8243; _builder_version=\u00bb4.0.2&#8243;][et_pb_text admin_label=\u00bbTexto conexion R8+\u00bb _builder_version=\u00bb4.0.2&#8243; text_font_size=\u00bb17px\u00bb]<\/p>\n<p><span style=\"font-weight: 400;\">Para conectar la bater\u00eda con el ladrillo inteligente se debe usar el cable m\u00e1s largo de esta y conectarlo en el conector superior del ladrillo inteligente.\u00a0<\/span><\/p>\n<p><span style=\"font-weight: 400;\">En las siguientes im\u00e1genes se puede\u00a0 observar este procedimiento m\u00e1s en detalle.<\/span><\/p>\n<p>[\/et_pb_text][\/et_pb_column][\/et_pb_row][et_pb_row column_structure=\u00bb1_2,1_2&#8243; _builder_version=\u00bb4.0.2&#8243;][et_pb_column type=\u00bb1_2&#8243; _builder_version=\u00bb4.0.2&#8243;][et_pb_image src=\u00bbhttps:\/\/misladrillos.com\/ml\/wp-content\/uploads\/2022\/05\/R8-conexi\u00f3n-usb-1-300&#215;273.png\u00bb admin_label=\u00bbImagen conexion R8 1&#8243; _builder_version=\u00bb4.0.2&#8243;][\/et_pb_image][\/et_pb_column][et_pb_column type=\u00bb1_2&#8243; _builder_version=\u00bb4.0.2&#8243;][et_pb_image src=\u00bbhttps:\/\/misladrillos.com\/ml\/wp-content\/uploads\/2022\/05\/R8-conexi\u00f3n-usb-2-300&#215;273.png\u00bb admin_label=\u00bbImagen conexion R8 2&#8243; _builder_version=\u00bb4.0.2&#8243;][\/et_pb_image][\/et_pb_column][\/et_pb_row][et_pb_row _builder_version=\u00bb4.0.2&#8243;][et_pb_column type=\u00bb4_4&#8243; _builder_version=\u00bb4.0.2&#8243;][et_pb_text admin_label=\u00bbEsto tambien aplica&#8230;\u00bb _builder_version=\u00bb4.0.2&#8243; text_font_size=\u00bb17px\u00bb]<\/p>\n<p><span style=\"font-weight: 400;\">Esto tambi\u00e9n aplica cuando se desea conectar el ladrillo inteligente con la PC, para poder programarlo o alimentarlo.<\/span><\/p>\n<p>[\/et_pb_text][et_pb_text admin_label=\u00bbTexto CONTROL REMOTO\u00bb _builder_version=\u00bb4.0.2&#8243; text_font_size=\u00bb17px\u00bb]<\/p>\n<p><b>Control remoto<\/b><\/p>\n<p><span style=\"font-weight: 400;\">Se pueden programar sus funciones para que el robot realice cualquier acci\u00f3n. A cada bot\u00f3n se le puede asignar una tarea en particular, hacer girar motores, variar su velocidad de giro, encender luces, emitir sonidos, etc.<\/span><\/p>\n<p>[\/et_pb_text][et_pb_image src=\u00bbhttps:\/\/misladrillos.com\/ml\/wp-content\/uploads\/2022\/05\/WP_20190430_13_16_15_Pro-e1652724149168.png\u00bb admin_label=\u00bbImagen control remoto\u00bb _builder_version=\u00bb4.0.2&#8243;][\/et_pb_image][et_pb_text admin_label=\u00bbTexto COMO SE CONECTAN LOS SENSORES\u00bb _builder_version=\u00bb4.0.2&#8243; text_font_size=\u00bb17px\u00bb]<\/p>\n<h2><b>\u00bfC\u00f3mo se conectan los sensores y actuadores?<\/b><\/h2>\n<p>&nbsp;<\/p>\n<p><span style=\"font-weight: 400;\">Para conectar los distintos sensores y actuadores con el ladrillo inteligente R8+ se deben\u00a0 utilizar los cables con fichas RJ12, y empujarlos dentro de los conectores como se muestra en la imagen, hasta sentir que la ficha hace un \u201cclick\u201d dentro del conector.<\/span><\/p>\n<p>[\/et_pb_text][et_pb_image src=\u00bbhttps:\/\/misladrillos.com\/ml\/wp-content\/uploads\/2022\/05\/R8-conexi\u00f3n-RJ-1y2.jpg\u00bb admin_label=\u00bbImagen r8+ click\u00bb _builder_version=\u00bb4.0.2&#8243;][\/et_pb_image][\/et_pb_column][\/et_pb_row][et_pb_row admin_label=\u00bbProgramar los robots\u00bb _builder_version=\u00bb4.0.2&#8243;][et_pb_column type=\u00bb4_4&#8243; _builder_version=\u00bb4.0.2&#8243;][et_pb_text admin_label=\u00bbTexto COMO SE PROGRAMA EL ROBOT\u00bb _builder_version=\u00bb4.0.2&#8243; text_font_size=\u00bb17px\u00bb]<\/p>\n<h1><b>Programar los robots<\/b><\/h1>\n<p>&nbsp;<\/p>\n<h2><b>\u00bfC\u00f3mo se programa el robot?<\/b><\/h2>\n<p>&nbsp;<\/p>\n<p><span style=\"font-weight: 400;\">Para lograr que el robot haga lo que se desea hay que darle instrucciones. Y estas instrucciones primero deben ser organizadas en un programa y luego bajarlas o descargarlas al robot.<\/span><\/p>\n<p><span style=\"font-weight: 400;\">El programa que se utiliza\u00a0 para esto se llama <\/span><b>mBlock <\/b><span style=\"font-weight: 400;\">y a continuaci\u00f3n se ver\u00e1n los pasos a seguir para ver desde c\u00f3mo instalarlo en la computadora hasta los elementos b\u00e1sicos que se necesitan para programar los robots.<\/span><\/p>\n<p>&nbsp;<\/p>\n<p><b>Descarga del mBlock:<\/b><\/p>\n<p><span style=\"font-weight: 400;\">Lo primero que se debe hacer es descargar el programa y, dependiendo del sistema operativo que se utilice, se debe elegir entre alguno de estos enlaces:<\/span><\/p>\n<p>[\/et_pb_text][\/et_pb_column][\/et_pb_row][et_pb_row column_structure=\u00bb1_2,1_2&#8243; admin_label=\u00bbbotones para descarga de mblock\u00bb _builder_version=\u00bb4.0.2&#8243;][et_pb_column type=\u00bb1_2&#8243; _builder_version=\u00bb4.0.2&#8243;][et_pb_image src=\u00bbhttps:\/\/misladrillos.com\/ml\/wp-content\/uploads\/2022\/05\/descargar-mblock-win.jpg\u00bb url=\u00bbhttps:\/\/www.misladrillos.com\/descargas\/V5.3.0.exe\u00bb admin_label=\u00bbImagen\u00bb _builder_version=\u00bb4.0.2&#8243;][\/et_pb_image][\/et_pb_column][et_pb_column type=\u00bb1_2&#8243; _builder_version=\u00bb4.0.2&#8243;][et_pb_image src=\u00bbhttps:\/\/misladrillos.com\/ml\/wp-content\/uploads\/2022\/05\/descargar-mblock-mac.jpg\u00bb url=\u00bbhttps:\/\/www.misladrillos.com\/descargas\/V5.3.0.pkg\u00bb _builder_version=\u00bb4.0.2&#8243;][\/et_pb_image][\/et_pb_column][\/et_pb_row][et_pb_row _builder_version=\u00bb4.0.2&#8243;][et_pb_column type=\u00bb4_4&#8243; _builder_version=\u00bb4.0.2&#8243;][et_pb_text admin_label=\u00bbEspacio vac\u00edo\u00bb _builder_version=\u00bb4.0.2&#8243;]<\/p>\n<p>&nbsp;<\/p>\n<p>&nbsp;<\/p>\n<p>[\/et_pb_text][et_pb_text admin_label=\u00bbTexto INST DE MBLOCK\u00bb _builder_version=\u00bb4.0.2&#8243; text_font_size=\u00bb17px\u00bb]<\/p>\n<p><span style=\"font-weight: 400;\">Para poder utilizar correctamente todas las caracter\u00edsticas de mBlock es necesario contar con un mouse o touchpad que funcione para realizar el Scroll en los conjuntos de acciones con la ruedita (en caso del mouse) o secci\u00f3n de Scroll (en caso del touchpad de la notebook y\/o netbook). En este ejemplo veremos la instalaci\u00f3n en Windows.<\/span><\/p>\n<p>&nbsp;<\/p>\n<p><b>Instalaci\u00f3n del mBlock<\/b><\/p>\n<p><span style=\"font-weight: 400;\">Para comenzar la instalaci\u00f3n, se ejecuta el archivo que se descarg\u00f3. Windows pedir\u00e1 autorizaci\u00f3n para instalar mBlock, as\u00ed que se debe permitir la instalaci\u00f3n.<\/span><\/p>\n<p><span style=\"font-weight: 400;\">La instalaci\u00f3n se va a hacer en el idioma ingl\u00e9s pero m\u00e1s tarde se puede cambiar a espa\u00f1ol. Al aparecer la siguiente ventana se debe hacer click en INSTALL.<\/span><\/p>\n<p>[\/et_pb_text][et_pb_image src=\u00bbhttps:\/\/misladrillos.com\/ml\/wp-content\/uploads\/2022\/05\/mblock-inst-1.jpg\u00bb admin_label=\u00bbImagen INST 1&#8243; _builder_version=\u00bb4.0.2&#8243;][\/et_pb_image][et_pb_text _builder_version=\u00bb4.0.2&#8243; text_font_size=\u00bb17px\u00bb]<\/p>\n<p><span style=\"font-weight: 400;\">Y luego de unos minutos el mBlock estar\u00e1 instalado!.<\/span><\/p>\n<p>&nbsp;<\/p>\n<p><b>mBlock &#8211; Configuraci\u00f3n inicial y primer contacto<\/b><\/p>\n<p><span style=\"font-weight: 400;\">Al iniciar mBlock se encuentra una pantalla como la que se ve a continuaci\u00f3n:<\/span><\/p>\n<p>[\/et_pb_text][et_pb_image src=\u00bbhttps:\/\/misladrillos.com\/ml\/wp-content\/uploads\/2022\/05\/mblock-inst-2.jpg\u00bb admin_label=\u00bbImagen INST 2&#8243; _builder_version=\u00bb4.0.2&#8243;][\/et_pb_image][et_pb_text _builder_version=\u00bb4.0.2&#8243; text_font_size=\u00bb17px\u00bb]<\/p>\n<p><span style=\"font-weight: 400;\">Se puede cambiar el idioma seleccion\u00e1ndolo desde este bot\u00f3n:<\/span><\/p>\n<p>[\/et_pb_text][et_pb_image src=\u00bbhttps:\/\/misladrillos.com\/ml\/wp-content\/uploads\/2022\/05\/mblock-inst-3.1.1.jpg\u00bb admin_label=\u00bbImagen INST 3.1.1&#8243; _builder_version=\u00bb4.0.2&#8243;][\/et_pb_image][et_pb_text _builder_version=\u00bb4.0.2&#8243; text_font_size=\u00bb17px\u00bb]<\/p>\n<p><span style=\"font-weight: 400;\">En el lado izquierdo de la pantalla se puede\u00a0 encontrar la secci\u00f3n de \u00abDispositivos\u00bb. Se debe\u00a0 borrar el dispositivo \u201cCodey\u201d mediante la \u201cx\u201d que tiene en su \u00e1ngulo superior derecho, y luego hacer click en el bot\u00f3n \u201ca\u00f1adir\u201d que est\u00e1 al lado.<\/span><\/p>\n<p>[\/et_pb_text][et_pb_image src=\u00bbhttps:\/\/misladrillos.com\/ml\/wp-content\/uploads\/2022\/05\/mblock-inst-4.1.jpg\u00bb _builder_version=\u00bb4.0.2&#8243;][\/et_pb_image][et_pb_text _builder_version=\u00bb4.0.2&#8243; text_font_size=\u00bb17px\u00bb]<\/p>\n<p><span style=\"font-weight: 400;\">Se desplegar\u00e1 una ventana con varias \u201cextensiones\u201d. Es importante buscar la correspondiente al <\/span><b>ladrillo inteligente R8+.<\/b><\/p>\n<p>[\/et_pb_text][et_pb_image src=\u00bbhttps:\/\/misladrillos.com\/ml\/wp-content\/uploads\/2022\/05\/mblock-inst-5.1.jpg\u00bb _builder_version=\u00bb4.0.2&#8243;][\/et_pb_image][et_pb_text _builder_version=\u00bb4.0.2&#8243; text_font_size=\u00bb17px\u00bb]<\/p>\n<p><span style=\"font-weight: 400;\">Se hace click en ella, marcar la estrella para que quede como dispositivo predeterminado y luego en \u201cAceptar\u201d. Ahora se debe cerrar mBlock y volver a abrirlo.<\/span><\/p>\n<p>&nbsp;<\/p>\n<p><span style=\"font-weight: 400;\">En este video de configuraci\u00f3n inicial y primer contacto se resume lo explicado<\/span><\/p>\n<p>[\/et_pb_text][et_pb_video src=\u00bbhttps:\/\/youtu.be\/okVX3qYhjQQ\u00bb _builder_version=\u00bb4.0.2&#8243;][\/et_pb_video][et_pb_text admin_label=\u00bbTexto vac\u00edo\u00bb _builder_version=\u00bb4.0.2&#8243;]<\/p>\n<p>&nbsp;<\/p>\n<p>&nbsp;<\/p>\n<p>&nbsp;<\/p>\n<p>[\/et_pb_text][\/et_pb_column][\/et_pb_row][et_pb_row admin_label=\u00bbCOMENZANDO A PROGRAMAR\u00bb _builder_version=\u00bb4.0.2&#8243;][et_pb_column type=\u00bb4_4&#8243; _builder_version=\u00bb4.0.2&#8243;][et_pb_text admin_label=\u00bbTexto\u00bb _builder_version=\u00bb4.0.2&#8243; text_font_size=\u00bb17px\u00bb]<\/p>\n<h2><b>Comenzando a programar<\/b><\/h2>\n<p><span style=\"font-weight: 400;\">Cuando se utiliza mBlock la programaci\u00f3n se realiza siempre con bloques que pueden contener diferentes funciones.<\/span><\/p>\n<p>&nbsp;<\/p>\n<p><b>Se puede hacer el programa o abrir un archivo que contenga un programa hecho anteriormente.<\/b><\/p>\n<p>&nbsp;<\/p>\n<p><span style=\"font-weight: 400;\">En la siguiente imagen se puede ver la secci\u00f3n de bloques, donde se encuentran\u00a0 todos los bloques disponibles para programar nuestro ladrillo inteligente R8+. Haciendo scroll hacia abajo se pueden ver muchos m\u00e1s.<\/span><\/p>\n<p>[\/et_pb_text][et_pb_image src=\u00bbhttps:\/\/misladrillos.com\/ml\/wp-content\/uploads\/2022\/05\/mblock-uso-1.1.jpg\u00bb _builder_version=\u00bb4.0.2&#8243;][\/et_pb_image][et_pb_text _builder_version=\u00bb4.0.2&#8243; text_font_size=\u00bb17px\u00bb]<\/p>\n<p><span style=\"font-weight: 400;\">Se deben arrastrar los bloques que se necesiten hacia el <\/span><b>\u00c1rea para Programar<\/b><span style=\"font-weight: 400;\"> (lado derecho de la pantalla) y all\u00ed armar el programa.<\/span><\/p>\n<p>&nbsp;<\/p>\n<p><span style=\"font-weight: 400;\">\u00a0Tambi\u00e9n es posible abrir un archivo que contenga un programa desde el men\u00fa superior \u201cArchivo\u201d. Cuando se despliegan las opciones se debe elegir \u201cImportar desde tu ordenador\u201d.\u00a0<\/span><\/p>\n<p><span style=\"font-weight: 400;\">Otra manera es arrastrar el archivo y soltarlo sobre la ventana de mBlock.<\/span><\/p>\n<p>[\/et_pb_text][et_pb_image src=\u00bbhttps:\/\/misladrillos.com\/ml\/wp-content\/uploads\/2022\/05\/mblock-uso-2.1.jpg\u00bb _builder_version=\u00bb4.0.2&#8243;][\/et_pb_image][et_pb_text _builder_version=\u00bb4.0.2&#8243; text_font_size=\u00bb17px\u00bb]<\/p>\n<h2><b>Creando un programa de ejemplo<\/b><\/h2>\n<p><span style=\"font-weight: 400;\">Con este programa se logra que el motor gire cuando se presiona el pulsador.<\/span><\/p>\n<p>[\/et_pb_text][et_pb_image src=\u00bbhttps:\/\/misladrillos.com\/ml\/wp-content\/uploads\/2022\/05\/Programa-ejemplo-1.1.jpg\u00bb _builder_version=\u00bb4.0.2&#8243;][\/et_pb_image][et_pb_text _builder_version=\u00bb4.0.2&#8243; text_font_size=\u00bb17px\u00bb]<\/p>\n<p><span style=\"font-weight: 400;\">En el siguiente enlace se puede ver el proceso de armado del programa, y la posterior subida al ladrillo inteligente R8+.<\/span><\/p>\n<p>[\/et_pb_text][et_pb_video src=\u00bbhttps:\/\/youtu.be\/DQC9F-yuo3g\u00bb _builder_version=\u00bb4.0.2&#8243; hover_enabled=\u00bb0&#8243;][\/et_pb_video][\/et_pb_column][\/et_pb_row][et_pb_row admin_label=\u00bbDESCARGAR PROGRAMAS AL LADRI INTELI\u00bb _builder_version=\u00bb4.0.2&#8243;][et_pb_column type=\u00bb4_4&#8243; _builder_version=\u00bb4.0.2&#8243;][et_pb_text admin_label=\u00bbTexto vac\u00edo\u00bb _builder_version=\u00bb4.0.2&#8243;]<\/p>\n<p>&nbsp;<\/p>\n<p>&nbsp;<\/p>\n<p>[\/et_pb_text][et_pb_text _builder_version=\u00bb4.0.2&#8243; text_font_size=\u00bb17px\u00bb]<\/p>\n<h2><b>Descargar programas al ladrillo inteligente R8+<\/b><\/h2>\n<h2><b>proceso<\/b><\/h2>\n<p>&nbsp;<\/p>\n<p><span style=\"font-weight: 400;\">Una vez que el programa est\u00e1 terminado se debe enviar al ladrillo inteligente. Esto se hace conect\u00e1ndolo con la computadora a trav\u00e9s del cable USB doble que acompa\u00f1a al kit.<\/span><\/p>\n<p>&nbsp;<\/p>\n<p>[\/et_pb_text][et_pb_image src=\u00bbhttps:\/\/misladrillos.com\/ml\/wp-content\/uploads\/2022\/05\/Cable-USB.jpg\u00bb _builder_version=\u00bb4.0.2&#8243;][\/et_pb_image][et_pb_text _builder_version=\u00bb4.0.2&#8243; text_font_size=\u00bb17px\u00bb]<\/p>\n<p><span style=\"font-weight: 400;\">Luego de conectar el ladrillo inteligente con la computadora se debe encender mediante el pulsador situado en la parte superior. <\/span><\/p>\n<p>[\/et_pb_text][et_pb_image src=\u00bbhttps:\/\/misladrillos.com\/ml\/wp-content\/uploads\/2022\/05\/R8-bot\u00f3n-on-off.jpg\u00bb _builder_version=\u00bb4.0.2&#8243;][\/et_pb_image][et_pb_text _builder_version=\u00bb4.0.2&#8243; text_font_size=\u00bb17px\u00bb]<\/p>\n<p><span style=\"font-weight: 400;\">De vuelta en mBlock, mediante el bot\u00f3n \u201cConectar\u201d, se establece la conexi\u00f3n entre el ladrillo inteligente R8+ y mBlock.<\/span><\/p>\n<p>[\/et_pb_text][et_pb_image src=\u00bbhttps:\/\/misladrillos.com\/ml\/wp-content\/uploads\/2022\/05\/mblock-uso-3.1.jpg\u00bb _builder_version=\u00bb4.0.2&#8243;][\/et_pb_image][et_pb_text _builder_version=\u00bb4.0.2&#8243; text_font_size=\u00bb17px\u00bb]<\/p>\n<p><span style=\"font-weight: 400;\">Al hacer click en \u201cConectar\u201d se abre una ventana en la que se debe especificar un COM a trav\u00e9s del cual se establecer\u00e1 la conexi\u00f3n. Este COM puede variar de una computadora a otra. Una vez seleccionado el COM se hace click en \u201cConectar\u201d.<\/span><\/p>\n<p>&nbsp;<\/p>\n<p><span style=\"font-weight: 400;\">En este momento se puede subir al ladrillo inteligente el programa que se haya hecho o que se haya cargado desde un archivo.<\/span><\/p>\n<p>&nbsp;<\/p>\n<p><span style=\"font-weight: 400;\">Se habilitar\u00e1 el bot\u00f3n \u201cSubir\u201d, y al hacer click en \u00e9l se mostrar\u00e1 una ventana con el progreso de carga, tal como se observa en la siguiente imagen.<\/span><\/p>\n<p>[\/et_pb_text][et_pb_image src=\u00bbhttps:\/\/misladrillos.com\/ml\/wp-content\/uploads\/2022\/05\/mblock-uso-4.jpg\u00bb _builder_version=\u00bb4.0.2&#8243;][\/et_pb_image][et_pb_text _builder_version=\u00bb4.0.2&#8243; text_font_size=\u00bb17px\u00bb]<\/p>\n<p><span style=\"font-weight: 400;\">Al finalizar este proceso el ladrillo inteligente R8+ estar\u00e1 programado y comenzar\u00e1 a ejecutar la secuencia de instrucciones.<\/span><\/p>\n<p>&nbsp;<\/p>\n<p>[\/et_pb_text][\/et_pb_column][\/et_pb_row][\/et_pb_section]<\/p>\n","protected":false},"excerpt":{"rendered":"<p>[et_pb_section fb_built=\u00bb1&#8243; _builder_version=\u00bb4.0.2&#8243;][et_pb_row _builder_version=\u00bb4.0.2&#8243;][et_pb_column type=\u00bb4_4&#8243; _builder_version=\u00bb4.0.2&#8243;][et_pb_text admin_label=\u00bbEspacio vacio\u00bb _builder_version=\u00bb4.0.2&#8243;][\/et_pb_text][et_pb_post_title _builder_version=\u00bb4.0.2&#8243;][\/et_pb_post_title][et_pb_text admin_label=\u00bbEspacio vacio\u00bb _builder_version=\u00bb4.0.2&#8243;][\/et_pb_text][\/et_pb_column][\/et_pb_row][et_pb_row _builder_version=\u00bb4.0.2&#8243;][et_pb_column type=\u00bb4_4&#8243; _builder_version=\u00bb4.0.2&#8243;][et_pb_text admin_label=\u00bbTexto primer linea\u00bb _builder_version=\u00bb4.0.2&#8243; text_font_size=\u00bb17px\u00bb text_orientation=\u00bbjustified\u00bb] Este kit consiste de una valija pl\u00e1stica con todos los componentes electr\u00f3nicos, y de cinco bolsas conteniendo las piezas de encastre. [\/et_pb_text][et_pb_image src=\u00bbhttps:\/\/misladrillos.com\/ml\/wp-content\/uploads\/2022\/05\/im\u00e1genes-kit-R502-1024&#215;298.jpg\u00bb admin_label=\u00bbImagen valija y bolsas\u00bb _builder_version=\u00bb4.0.2&#8243;][\/et_pb_image][et_pb_text admin_label=\u00bbTexto contenido valija\u00bb _builder_version=\u00bb4.0.2&#8243; text_font_size=\u00bb17px\u00bb [&hellip;]<\/p>\n","protected":false},"author":5,"featured_media":0,"parent":0,"menu_order":0,"comment_status":"closed","ping_status":"closed","template":"","meta":{"_et_pb_use_builder":"on","_et_pb_old_content":"","_joinchat":[]},"_links":{"self":[{"href":"https:\/\/misladrillos.com\/ml\/wp-json\/wp\/v2\/pages\/3095"}],"collection":[{"href":"https:\/\/misladrillos.com\/ml\/wp-json\/wp\/v2\/pages"}],"about":[{"href":"https:\/\/misladrillos.com\/ml\/wp-json\/wp\/v2\/types\/page"}],"author":[{"embeddable":true,"href":"https:\/\/misladrillos.com\/ml\/wp-json\/wp\/v2\/users\/5"}],"replies":[{"embeddable":true,"href":"https:\/\/misladrillos.com\/ml\/wp-json\/wp\/v2\/comments?post=3095"}],"version-history":[{"count":34,"href":"https:\/\/misladrillos.com\/ml\/wp-json\/wp\/v2\/pages\/3095\/revisions"}],"predecessor-version":[{"id":3304,"href":"https:\/\/misladrillos.com\/ml\/wp-json\/wp\/v2\/pages\/3095\/revisions\/3304"}],"wp:attachment":[{"href":"https:\/\/misladrillos.com\/ml\/wp-json\/wp\/v2\/media?parent=3095"}],"curies":[{"name":"wp","href":"https:\/\/api.w.org\/{rel}","templated":true}]}}