{"id":2894,"date":"2021-04-06T18:04:31","date_gmt":"2021-04-06T21:04:31","guid":{"rendered":"https:\/\/misladrillos.com\/ml\/?page_id=2894"},"modified":"2021-04-06T18:04:35","modified_gmt":"2021-04-06T21:04:35","slug":"nosotros","status":"publish","type":"page","link":"https:\/\/misladrillos.com\/ml\/nosotros\/","title":{"rendered":"Nosotros"},"content":{"rendered":"<p>[et_pb_section fb_built=\u00bb1&#8243; _builder_version=\u00bb4.0.2&#8243;][et_pb_row _builder_version=\u00bb4.0.2&#8243;][et_pb_column _builder_version=\u00bb4.0.2&#8243; type=\u00bb4_4&#8243;][et_pb_code _builder_version=\u00bb4.0.2&#8243; hover_enabled=\u00bb0&#8243;] <link rel=\"stylesheet\" href=\"https:\/\/maxcdn.bootstrapcdn.com\/bootstrap\/4.0.0\/css\/bootstrap.min.css\"<!-- [et_pb_line_break_holder] -->          integrity=\u00bbsha384-Gn5384xqQ1aoWXA+058RXPxPg6fy4IWvTNh0E263XmFcJlSAwiGgFAW\/dAiS6JXm\u00bb crossorigin=\u00bbanonymous\u00bb><!-- [et_pb_line_break_holder] --><!-- [et_pb_line_break_holder] -->     <\/p>\n<div class=\"container-fluid\"><!-- [et_pb_line_break_holder] -->          <\/p>\n<div class=\"row col-md-6 offset-md-3\"><!-- [et_pb_line_break_holder] -->               <\/p>\n<h3 class=\"h3\">Nuestra Historia<\/h3>\n<p><!-- [et_pb_line_break_holder] -->               <\/p>\n<p class=\"lead\"><!-- [et_pb_line_break_holder] -->                    Somos una empresa argentina nacida en 1953 fabricando un juego de construcci\u00f3n de ladrillos de goma.<!-- [et_pb_line_break_holder] -->                    A fines de los 60 la goma es sustitu\u00edda por el pl\u00e1stico, y en la d\u00e9cada del 70 se exporta a muchos<!-- [et_pb_line_break_holder] -->                    pa\u00edses<!-- [et_pb_line_break_holder] -->                    de la regi\u00f3n. En los 90 se complementan los juegos f\u00edsicos con juegos virtuales. En la d\u00e9cada del<!-- [et_pb_line_break_holder] -->                    2000 se<!-- [et_pb_line_break_holder] -->                    introduce la electr\u00f3nica y la rob\u00f3tica. Y a partir de 2010 se crea el \u00e1rea de rob\u00f3tica educativa,<!-- [et_pb_line_break_holder] -->                    que<!-- [et_pb_line_break_holder] -->                    r\u00e1pidamente pasa a ser core business.<!-- [et_pb_line_break_holder] -->               <\/p>\n<p><!-- [et_pb_line_break_holder] -->          <\/div>\n<p><!-- [et_pb_line_break_holder] -->          <\/p>\n<hr>\n<p><!-- [et_pb_line_break_holder] -->          <\/p>\n<div class=\"row col-md-6 offset-md-3\"><!-- [et_pb_line_break_holder] -->               <\/p>\n<h3 class=\"h3\">Eventos, notas y otros medios<\/h3>\n<p><!-- [et_pb_line_break_holder] -->          <\/div>\n<p><!-- [et_pb_line_break_holder] -->          <\/p>\n<div class=\"row col-md-6 offset-md-3 mt-5\"><!-- [et_pb_line_break_holder] -->               <\/p>\n<h4 class=\"h4\">Maqueta presentada en el Virtual Educa 2019<\/h4>\n<p><!-- [et_pb_line_break_holder] -->               <iframe class=\"w-100\" height=\"350\" src=\"https:\/\/www.youtube.com\/embed\/I5puYZ37zhs\"<!-- [et_pb_line_break_holder] -->                    title=\u00bbYouTube video player\u00bb frameborder=\u00bb0&#8243;<!-- [et_pb_line_break_holder] -->                    allow=\u00bbaccelerometer; autoplay; clipboard-write; encrypted-media; gyroscope; picture-in-picture\u00bb<!-- [et_pb_line_break_holder] -->                    allowfullscreen><\/iframe><!-- [et_pb_line_break_holder] --><!-- [et_pb_line_break_holder] -->          <\/div>\n<p><!-- [et_pb_line_break_holder] -->          <\/p>\n<div class=\"row col-md-6 offset-md-3 mt-5\"><!-- [et_pb_line_break_holder] -->               <\/p>\n<h4 class=\"h4\">Presentaci\u00f3n en tv de c\u00f3rdoba 2019<\/h4>\n<p><!-- [et_pb_line_break_holder] -->               <iframe class=\"w-100\" height=\"350\" src=\"https:\/\/www.youtube.com\/embed\/qsbW5FegW44\"<!-- [et_pb_line_break_holder] -->                    title=\u00bbYouTube video player\u00bb frameborder=\u00bb0&#8243;<!-- [et_pb_line_break_holder] -->                    allow=\u00bbaccelerometer; autoplay; clipboard-write; encrypted-media; gyroscope; picture-in-picture\u00bb<!-- [et_pb_line_break_holder] -->                    allowfullscreen><\/iframe><!-- [et_pb_line_break_holder] --><!-- [et_pb_line_break_holder] -->          <\/div>\n<p><!-- [et_pb_line_break_holder] -->          <\/p>\n<div class=\"row col-md-6 offset-md-3 mt-5\"><!-- [et_pb_line_break_holder] -->               <\/p>\n<h4 class=\"h4\">Maqueta presentada en el Virtual Educa 2018<\/h4>\n<p><!-- [et_pb_line_break_holder] -->               <iframe class=\"w-100\" height=\"350\" src=\"https:\/\/www.youtube.com\/embed\/_kuE3jZ1zQ4\"<!-- [et_pb_line_break_holder] -->                    title=\u00bbYouTube video player\u00bb frameborder=\u00bb0&#8243;<!-- [et_pb_line_break_holder] -->                    allow=\u00bbaccelerometer; autoplay; clipboard-write; encrypted-media; gyroscope; picture-in-picture\u00bb<!-- [et_pb_line_break_holder] -->                    allowfullscreen><\/iframe><!-- [et_pb_line_break_holder] --><!-- [et_pb_line_break_holder] -->          <\/div>\n<p><!-- [et_pb_line_break_holder] -->           <!--27\/7\/2018--><!-- [et_pb_line_break_holder] -->          <\/p>\n<div class=\"row col-md-6 offset-md-3 mt-5\"><!-- [et_pb_line_break_holder] -->               <\/p>\n<h4 class=\"h4\">Nuevo R8+ de 8 puertos 2018<\/h4>\n<p><!-- [et_pb_line_break_holder] -->               <a href=\"http:\/\/misladrillos.com\/ml\/manuales\/robotica\/instructivos\/Manual%20r8+.pdf\"><!-- [et_pb_line_break_holder] -->                    <img decoding=\"async\" src=\"https:\/\/misladrillos.com\/ml\/joomla\/images\/R8web.png\" alt=\"\" width=\"100%\"<!-- [et_pb_line_break_holder] -->                         height=\u00bb162&#8243; \/><\/a><!-- [et_pb_line_break_holder] --><!-- [et_pb_line_break_holder] -->          <\/div>\n<p><!-- [et_pb_line_break_holder] -->          <\/p>\n<div class=\"row col-md-6 offset-md-3 mt-5\"><!-- [et_pb_line_break_holder] -->               <\/p>\n<h4 class=\"h4\">Entrevista a Hern\u00e1n de Mayolas 2018<\/h4>\n<p><!-- [et_pb_line_break_holder] -->               <iframe width=\"100%\" height=\"300\" scrolling=\"no\" frameborder=\"no\" allow=\"autoplay\"<!-- [et_pb_line_break_holder] -->                    src=\u00bbhttps:\/\/w.soundcloud.com\/player\/?url=https%3A\/\/api.soundcloud.com\/tracks\/424332720&#038;color=%23ff5500&#038;auto_play=false&#038;hide_related=false&#038;show_comments=true&#038;show_user=true&#038;show_reposts=false&#038;show_teaser=true&#038;visual=true\u00bb><\/iframe><!-- [et_pb_line_break_holder] -->               <div<!-- [et_pb_line_break_holder] -->                    style=\u00bbfont-size: 10px; color: #cccccc;line-break: anywhere;word-break: normal;overflow: hidden;white-space: nowrap;text-overflow: ellipsis; font-family: Interstate,Lucida Grande,Lucida Sans Unicode,Lucida Sans,Garuda,Verdana,Tahoma,sans-serif;font-weight: 100;\u00bb><!-- [et_pb_line_break_holder] -->                    <a href=\"https:\/\/soundcloud.com\/mediosandinosmza\" title=\"Radio Andina\" target=\"_blank\"<!-- [et_pb_line_break_holder] -->                         style=\u00bbcolor: #cccccc; text-decoration: none;\u00bb>Radio Andina<\/a> \u00b7 <a<!-- [et_pb_line_break_holder] -->                         href=\u00bbhttps:\/\/soundcloud.com\/mediosandinosmza\/todo-por-la-tarde-hernan-mayolas-03-04-18&#8243;<!-- [et_pb_line_break_holder] -->                         title=\u00bbTodo por la Tarde &#8211; Hern\u00e1n Mayolas (03-04-18)\u00bb target=\u00bb_blank\u00bb<!-- [et_pb_line_break_holder] -->                         style=\u00bbcolor: #cccccc; text-decoration: none;\u00bb>Todo por la Tarde &#8211; Hern\u00e1n Mayolas<!-- [et_pb_line_break_holder] -->                         (03-04-18)<\/a><!-- [et_pb_line_break_holder] -->               <\/div>\n<p><!-- [et_pb_line_break_holder] --><!-- [et_pb_line_break_holder] -->          <\/div>\n<p><!-- [et_pb_line_break_holder] -->          <\/p>\n<div class=\"row col-md-6 offset-md-3 mt-5\"><!-- [et_pb_line_break_holder] -->               <\/p>\n<h4 class=\"h4\">Presentacion Robotica Educativa 2018<\/h4>\n<p><!-- [et_pb_line_break_holder] -->               <iframe class=\"w-100\" height=\"350\" src=\"https:\/\/www.youtube.com\/embed\/Z8fkUqyF0ok\"<!-- [et_pb_line_break_holder] -->                    title=\u00bbYouTube video player\u00bb frameborder=\u00bb0&#8243;<!-- [et_pb_line_break_holder] -->                    allow=\u00bbaccelerometer; autoplay; clipboard-write; encrypted-media; gyroscope; picture-in-picture\u00bb<!-- [et_pb_line_break_holder] -->                    allowfullscreen><\/iframe><!-- [et_pb_line_break_holder] --><!-- [et_pb_line_break_holder] -->          <\/div>\n<p><!-- [et_pb_line_break_holder] -->          <\/p>\n<div class=\"row col-md-6 offset-md-3 mt-5\"><!-- [et_pb_line_break_holder] -->               <\/p>\n<h4 class=\"h4\">Mis Ladrillos y el programa Aprend\u00e9 Programando 2017<\/h4>\n<p><!-- [et_pb_line_break_holder] -->               <iframe class=\"w-100\" height=\"350\" src=\"https:\/\/www.youtube.com\/embed\/A0AnkQ_1Tps\"<!-- [et_pb_line_break_holder] -->                    title=\u00bbYouTube video player\u00bb frameborder=\u00bb0&#8243;<!-- [et_pb_line_break_holder] -->                    allow=\u00bbaccelerometer; autoplay; clipboard-write; encrypted-media; gyroscope; picture-in-picture\u00bb<!-- [et_pb_line_break_holder] -->                    allowfullscreen><\/iframe><!-- [et_pb_line_break_holder] --><!-- [et_pb_line_break_holder] -->          <\/div>\n<p><!-- [et_pb_line_break_holder] --><!-- [et_pb_line_break_holder] -->     <\/div>\n<p><!-- [et_pb_line_break_holder] -->     <script src=\"https:\/\/code.jquery.com\/jquery-3.2.1.slim.min.js\"<!-- [et_pb_line_break_holder] -->          integrity=\"sha384-KJ3o2DKtIkvYIK3UENzmM7KCkRr\/rE9\/Qpg6aAZGJwFDMVNA\/GpGFF93hXpG5KkN\"<!-- [et_pb_line_break_holder] -->          crossorigin=\"anonymous\"><\/script><!-- [et_pb_line_break_holder] -->     <script src=\"https:\/\/cdnjs.cloudflare.com\/ajax\/libs\/popper.js\/1.12.9\/umd\/popper.min.js\"<!-- [et_pb_line_break_holder] -->          integrity=\"sha384-ApNbgh9B+Y1QKtv3Rn7W3mgPxhU9K\/ScQsAP7hUibX39j7fakFPskvXusvfa0b4Q\"<!-- [et_pb_line_break_holder] -->          crossorigin=\"anonymous\"><\/script><!-- [et_pb_line_break_holder] -->     <script src=\"https:\/\/maxcdn.bootstrapcdn.com\/bootstrap\/4.0.0\/js\/bootstrap.min.js\"<!-- [et_pb_line_break_holder] -->          integrity=\"sha384-JZR6Spejh4U02d8jOt6vLEHfe\/JQGiRRSQQxSfFWpi1MquVdAyjUar5+76PVCmYl\"<!-- [et_pb_line_break_holder] -->          crossorigin=\"anonymous\"><\/script>[\/et_pb_code][\/et_pb_column][\/et_pb_row][\/et_pb_section]<\/p>\n","protected":false},"excerpt":{"rendered":"<p>[et_pb_section fb_built=\u00bb1&#8243; _builder_version=\u00bb4.0.2&#8243;][et_pb_row _builder_version=\u00bb4.0.2&#8243;][et_pb_column _builder_version=\u00bb4.0.2&#8243; type=\u00bb4_4&#8243;][et_pb_code _builder_version=\u00bb4.0.2&#8243; hover_enabled=\u00bb0&#8243;] integrity=\u00bbsha384-Gn5384xqQ1aoWXA+058RXPxPg6fy4IWvTNh0E263XmFcJlSAwiGgFAW\/dAiS6JXm\u00bb crossorigin=\u00bbanonymous\u00bb Nuestra Historia Somos una empresa argentina nacida en 1953 fabricando un juego de construcci\u00f3n de ladrillos de goma. A fines de los 60 la goma es sustitu\u00edda por el pl\u00e1stico, y en la d\u00e9cada del 70 se exporta a muchos pa\u00edses de la regi\u00f3n. En [&hellip;]<\/p>\n","protected":false},"author":9,"featured_media":0,"parent":0,"menu_order":0,"comment_status":"closed","ping_status":"closed","template":"","meta":{"_et_pb_use_builder":"on","_et_pb_old_content":"","_joinchat":[]},"_links":{"self":[{"href":"https:\/\/misladrillos.com\/ml\/wp-json\/wp\/v2\/pages\/2894"}],"collection":[{"href":"https:\/\/misladrillos.com\/ml\/wp-json\/wp\/v2\/pages"}],"about":[{"href":"https:\/\/misladrillos.com\/ml\/wp-json\/wp\/v2\/types\/page"}],"author":[{"embeddable":true,"href":"https:\/\/misladrillos.com\/ml\/wp-json\/wp\/v2\/users\/9"}],"replies":[{"embeddable":true,"href":"https:\/\/misladrillos.com\/ml\/wp-json\/wp\/v2\/comments?post=2894"}],"version-history":[{"count":4,"href":"https:\/\/misladrillos.com\/ml\/wp-json\/wp\/v2\/pages\/2894\/revisions"}],"predecessor-version":[{"id":2900,"href":"https:\/\/misladrillos.com\/ml\/wp-json\/wp\/v2\/pages\/2894\/revisions\/2900"}],"wp:attachment":[{"href":"https:\/\/misladrillos.com\/ml\/wp-json\/wp\/v2\/media?parent=2894"}],"curies":[{"name":"wp","href":"https:\/\/api.w.org\/{rel}","templated":true}]}}