{"id":277,"date":"2019-10-24T20:25:39","date_gmt":"2019-10-24T20:25:39","guid":{"rendered":"http:\/\/misladrillos.com\/ml\/?page_id=277"},"modified":"2020-12-30T21:50:23","modified_gmt":"2020-12-30T21:50:23","slug":"kinder-bot","status":"publish","type":"page","link":"https:\/\/misladrillos.com\/ml\/kinder-bot\/","title":{"rendered":"Kinder Bot"},"content":{"rendered":"<p>[et_pb_section fb_built=\u00bb1&#8243; _builder_version=\u00bb4.0.2&#8243; background_color=\u00bb#ffbc51&#8243; custom_padding=\u00bb||0px||false|false\u00bb][et_pb_row disabled_on=\u00bbon|off|off\u00bb module_class=\u00bbintro-inicial\u00bb _builder_version=\u00bb4.0.2&#8243; background_image=\u00bbhttp:\/\/misladrillos.com\/ml\/wp-content\/uploads\/2019\/10\/intro-inicial.jpg\u00bb background_size=\u00bbcontain\u00bb width=\u00bb90%\u00bb][et_pb_column type=\u00bb4_4&#8243; _builder_version=\u00bb4.0.2&#8243;][et_pb_code admin_label=\u00bbINTRO\u00bb _builder_version=\u00bb4.0.2&#8243;]<\/p>\n<div class=\"inicial-box\"><!-- [et_pb_line_break_holder] -->\t<\/p>\n<div class=\"pest\"><!-- [et_pb_line_break_holder] -->\t\t<img decoding=\"async\" src=\"http:\/\/misladrillos.com\/ml\/wp-content\/uploads\/2019\/10\/pesta\u00f1a.png\" alt=\"\" class=\"inicial-pestana\"><!-- [et_pb_line_break_holder] -->\t\t<\/p>\n<h3>Nivel INICIAL<\/h3>\n<p><!-- [et_pb_line_break_holder] -->\t<\/div>\n<p>\t<!-- [et_pb_line_break_holder] -->\t<img decoding=\"async\" src=\"http:\/\/misladrillos.com\/ml\/wp-content\/uploads\/2019\/10\/arduino.png\" alt=\"\" class=\"arduino-pestana\"><!-- [et_pb_line_break_holder] -->\t<\/p>\n<h2>CONOC\u00c9 LOS KITS<\/h2>\n<p><!-- [et_pb_line_break_holder] -->\t<\/p>\n<p>De esta etapa:<\/p>\n<p><!-- [et_pb_line_break_holder] --><\/div>\n<p><!-- [et_pb_line_break_holder] --><a href=\"http:\/\/misladrillos.com\/ml\/kinder-bot\/\" class=\"link-kinder-bot\"><\/a><!-- [et_pb_line_break_holder] --><a href=\"http:\/\/misladrillos.com\/ml\/r500\/\" class=\"link-quin\"><\/a>[\/et_pb_code][\/et_pb_column][\/et_pb_row][et_pb_row disabled_on=\u00bboff|on|on\u00bb _builder_version=\u00bb4.0.2&#8243; background_image=\u00bbhttp:\/\/misladrillos.com\/ml\/wp-content\/uploads\/2019\/10\/back001.jpg\u00bb width=\u00bb90%\u00bb custom_margin=\u00bb0px||0px||false|false\u00bb custom_padding=\u00bb0px||0px||false|false\u00bb][et_pb_column type=\u00bb4_4&#8243; _builder_version=\u00bb4.0.2&#8243;][et_pb_code admin_label=\u00bbINTRO\u00bb _builder_version=\u00bb4.0.2&#8243;]<\/p>\n<div class=\"inicial-box\"><!-- [et_pb_line_break_holder] -->\t<\/p>\n<div class=\"pest\"><!-- [et_pb_line_break_holder] -->\t\t<img decoding=\"async\" src=\"http:\/\/misladrillos.com\/ml\/wp-content\/uploads\/2019\/10\/pesta\u00f1a.png\" alt=\"\" class=\"inicial-pestana\"><!-- [et_pb_line_break_holder] -->\t\t<\/p>\n<h3>Nivel INICIAL<\/h3>\n<p><!-- [et_pb_line_break_holder] -->\t<\/div>\n<p>\t<!-- [et_pb_line_break_holder] -->\t<img decoding=\"async\" src=\"http:\/\/misladrillos.com\/ml\/wp-content\/uploads\/2019\/10\/arduino.png\" alt=\"\" class=\"arduino-pestana\"><!-- [et_pb_line_break_holder] -->\t<\/p>\n<h2>CONOC\u00c9 LOS KITS<\/h2>\n<p><!-- [et_pb_line_break_holder] -->\t<\/p>\n<p>De esta etapa:<\/p>\n<p><!-- [et_pb_line_break_holder] --><\/div>\n<p><!-- [et_pb_line_break_holder] --><a href=\"http:\/\/misladrillos.com\/ml\/kinder-bot\/\" class=\"link-kinder-bot\"><\/a><!-- [et_pb_line_break_holder] --><a href=\"http:\/\/misladrillos.com\/ml\/r500\/\" class=\"link-quin\"><\/a>[\/et_pb_code][et_pb_image src=\u00bbhttp:\/\/misladrillos.com\/ml\/wp-content\/uploads\/2019\/10\/kits-img.jpg\u00bb align=\u00bbcenter\u00bb force_fullwidth=\u00bbon\u00bb _builder_version=\u00bb4.0.2&#8243;][\/et_pb_image][\/et_pb_column][\/et_pb_row][\/et_pb_section][et_pb_section fb_built=\u00bb1&#8243; _builder_version=\u00bb4.0.2&#8243; background_color=\u00bb#ffbc51&#8243; custom_margin=\u00bb20px||||false|false\u00bb][et_pb_row column_structure=\u00bb2_5,3_5&#8243; _builder_version=\u00bb4.0.2&#8243; background_color=\u00bb#ffffff\u00bb width=\u00bb90%\u00bb custom_padding=\u00bb||60px||false|false\u00bb][et_pb_column type=\u00bb2_5&#8243; module_class=\u00bbcol1-bots\u00bb _builder_version=\u00bb4.0.2&#8243;][et_pb_text admin_label=\u00bbKinder BOT\u00bb _builder_version=\u00bb4.0.2&#8243; custom_margin=\u00bb||0px||false|false\u00bb custom_padding=\u00bb||0px||false|false\u00bb]<\/p>\n<h2 class=\"titulo-bot\">Kinder <span>BOT<\/span><\/h2>\n<p>[\/et_pb_text][et_pb_image src=\u00bbhttp:\/\/misladrillos.com\/ml\/wp-content\/uploads\/2019\/10\/maker.jpg\u00bb module_class=\u00bbimg-maker1&#8243; _builder_version=\u00bb4.0.2&#8243; custom_margin=\u00bb||0px||false|false\u00bb][\/et_pb_image][et_pb_image src=\u00bbhttp:\/\/misladrillos.com\/ml\/wp-content\/uploads\/2019\/10\/cuadro-kinder-bot2.png\u00bb align=\u00bbcenter\u00bb _builder_version=\u00bb4.0.2&#8243;][\/et_pb_image][et_pb_image src=\u00bbhttp:\/\/misladrillos.com\/ml\/wp-content\/uploads\/2020\/02\/r100_activ.jpg\u00bb align=\u00bbright\u00bb module_class=\u00bbactividad-img-sidebar\u00bb _builder_version=\u00bb4.0.2&#8243; custom_margin=\u00bb||||false|false\u00bb][\/et_pb_image][et_pb_image src=\u00bbhttp:\/\/misladrillos.com\/ml\/wp-content\/uploads\/2020\/02\/r100_botones-2.jpg\u00bb url=\u00bbhttp:\/\/misladrillos.com\/descargas\/Kinderbot_v3.apk\u00bb align=\u00bbright\u00bb admin_label=\u00bblink descarga app\u00bb module_class=\u00bbactividad-img-sidebar\u00bb _builder_version=\u00bb4.0.2&#8243;][\/et_pb_image][et_pb_image src=\u00bbhttp:\/\/misladrillos.com\/ml\/wp-content\/uploads\/2020\/12\/r100_botones-2.jpg\u00bb url=\u00bbhttps:\/\/misladrillos.com\/manuales\/robotica\/Manual_uso_Kinderbot_WEB.pdf\u00bb url_new_window=\u00bbon\u00bb align=\u00bbright\u00bb admin_label=\u00bblink manual\u00bb module_class=\u00bbactividad-img-sidebar\u00bb _builder_version=\u00bb4.0.2&#8243;][\/et_pb_image][et_pb_image src=\u00bbhttp:\/\/misladrillos.com\/ml\/wp-content\/uploads\/2020\/12\/r100_botones-3b.jpg\u00bb url=\u00bbhttps:\/\/www.youtube.com\/playlist?list=PLskaa_jBiNEVvlxAMM1Xf_BdvSCFZ64nk\u00bb url_new_window=\u00bbon\u00bb align=\u00bbright\u00bb admin_label=\u00bbmodos de uso\u00bb module_class=\u00bbactividad-img-sidebar\u00bb _builder_version=\u00bb4.0.2&#8243; hover_enabled=\u00bb0&#8243;][\/et_pb_image][et_pb_code disabled_on=\u00bbon|on|on\u00bb admin_label=\u00bbdescarga\u00bb _builder_version=\u00bb4.0.2&#8243; custom_css_main_element=\u00bbtext-align:center;\u00bb disabled=\u00bbon\u00bb global_module=\u00bb838&#8243; saved_tabs=\u00bball\u00bb]<\/p>\n<div class=\"descarga-sidebar\"><!-- [et_pb_line_break_holder] -->\t<\/p>\n<h3>Descargas:<\/h3>\n<p><!-- [et_pb_line_break_holder] -->\t<\/p>\n<p>El software<\/p>\n<p><!-- [et_pb_line_break_holder] -->\t<a href=\"http:\/\/www.edubots.com.ar\/Edubrick\/Edubrick.zip\">BrickLab<\/a><!-- [et_pb_line_break_holder] -->\t<a href=\"http:\/\/www.edubots.com.ar\/ardublock\/ardublock-all.jar\">ArduBlock<\/a><!-- [et_pb_line_break_holder] --><\/div>\n<p>[\/et_pb_code][et_pb_code disabled_on=\u00bbon|on|on\u00bb admin_label=\u00bbregistro\u00bb _builder_version=\u00bb4.0.2&#8243; disabled=\u00bbon\u00bb global_module=\u00bb1303&#8243;]<\/p>\n<div class=\"registro-sidebar\"><!-- [et_pb_line_break_holder] -->\t<a href=\"http:\/\/www.edubots.com.ar\/registracion\/\" target=\"_blank\" rel=\"noopener noreferrer\">Registrar el producto<\/a><!-- [et_pb_line_break_holder] -->\t<a href=\"http:\/\/www.edubots.com.ar\/registracion\/taller.html\" target=\"_blank\" rel=\"noopener noreferrer\">Acceder a la Plataforma de Actividades Pedag\u00f3gicas I<\/a><!-- [et_pb_line_break_holder] -->  <a href=\"https:\/\/probots.pedagogiadigital.com\/\" target=\"_blank\" rel=\"noopener noreferrer\">Acceder a la Plataforma de Actividades Pedag\u00f3gicas II<\/a><!-- [et_pb_line_break_holder] --><\/div>\n<p>[\/et_pb_code][\/et_pb_column][et_pb_column type=\u00bb3_5&#8243; module_class=\u00bbcol2-bots\u00bb _builder_version=\u00bb4.0.2&#8243;][et_pb_image src=\u00bbhttp:\/\/misladrillos.com\/ml\/wp-content\/uploads\/2020\/02\/kinderbot-rojo-para-pack-2-1024&#215;398.jpg\u00bb _builder_version=\u00bb4.0.2&#8243; custom_margin=\u00bb||0px||false|false\u00bb][\/et_pb_image][et_pb_image src=\u00bbhttp:\/\/misladrillos.com\/ml\/wp-content\/uploads\/2019\/10\/provincia1.jpg\u00bb _builder_version=\u00bb4.0.2&#8243;][\/et_pb_image][et_pb_text module_class=\u00bbtextos-kits\u00bb _builder_version=\u00bb4.0.2&#8243;]<\/p>\n<p><strong>LA PROPUESTA PEDAG\u00d3GICA<\/strong><\/p>\n<p><span style=\"font-weight: 400;\">Kinderbot busca\u00a0 promover en los ni\u00f1os y\u00a0 ni\u00f1as peque\u00f1os el desarrollo del pensamiento computacional a trav\u00e9s de la programaci\u00f3n, en el marco de propuestas de ense\u00f1anza valiosas y significativas.\u00a0<\/span><\/p>\n<p><span style=\"font-weight: 400;\">Las orientaciones did\u00e1cticas que acompa\u00f1an el kit ponen foco en los aspectos constructivos, mec\u00e1nicos y l\u00f3gicos de los robots, bajo el enfoque STEAM (Ciencia, Tecnolog\u00eda, Ingenier\u00eda, Arte, Matem\u00e1ticas integradas) sin dejar de lado su necesaria articulaci\u00f3n con las diversas \u00e1reas del conocimiento que son propias de la educaci\u00f3n en los primeros a\u00f1os.<\/span><\/p>\n<p><span style=\"font-weight: 400;\">Nuestra propuesta es fruto de m\u00e1s de quince a\u00f1os de experiencia en la inserci\u00f3n de tecnolog\u00eda con material concreto en las aulas de todos los niveles, tanto en el \u00e1rea de tecnolog\u00eda como en forma transversal a todas las disciplinas.<\/span><\/p>\n<p><span style=\"font-weight: 400;\">Nuestra propuesta contempla todos los aspectos necesarios para una implementaci\u00f3n integral, sostenida en tres pilares:<\/span><\/p>\n<p><strong>EL KIT<\/strong><\/p>\n<ul>\n<li style=\"font-weight: 400;\"><b>Kinderbot<\/b><span style=\"font-weight: 400;\">: es un robot de bloques constructivos, adaptable a la imaginaci\u00f3n infantil y pedag\u00f3gica a trav\u00e9s de fichas de encastre. <\/span><span style=\"font-weight: 400;\">Sus movimientos se adaptan perfectamente a las lonas disponibles para Beebot. Puede utilizarse en cualquier superficie con lo cual es posible prescindir de alfombras.<\/span><\/li>\n<li style=\"font-weight: 400;\"><b>Piezas complementarias: <\/b><span style=\"font-weight: 400;\">conjunto de <\/span><span style=\"font-weight: 400;\">100 piezas de Mis Ladrillos Preescolar compatibles con toda la l\u00ednea de productos de la empresa, con las cuales poder cambiar la forma de nuestro KinderBot, crear obst\u00e1culos, recorridos, o cualquier elemento que pueda formar parte de las actividades.<\/span><\/li>\n<li style=\"font-weight: 400;\"><b>Control remoto infrarrojo<\/b><span style=\"font-weight: 400;\">: contiene botones de colores para facilitar la identificaci\u00f3n de direcciones. Contempla modo directo para un uso exploratorio con los ni\u00f1os m\u00e1s peque\u00f1os.<\/span><\/li>\n<li style=\"font-weight: 400;\"><b>Bater\u00eda recargable <\/b>de 5V, cuenta con el mismo conector usb que se utiliza en la recarga de celulares. Esta bater\u00eda tiene la caracter\u00edstica de mantener la misma entrega de corriente en todo su ciclo, a pesar de estar recarg\u00e1ndose. Eso mejora la vida \u00fatil de los componentes (principalmente de los motores) y asegura un funcionamiento parejo del robot en todas las circunstancias.<\/li>\n<li><b>Paneles magn\u00e9ticos: <\/b>para ampliar, a\u00fan m\u00e1s, las posibilidades de personalizaci\u00f3n de KinderBot. Su superficie permite escribir y pintar con marcadores para pizarras, as\u00ed como alojar fotos, im\u00e1genes, o dibujos previamente hechos en papel.<\/li>\n<\/ul>\n<p><img decoding=\"async\" loading=\"lazy\" class=\"aligncenter wp-image-1701 size-large\" src=\"http:\/\/misladrillos.com\/ml\/wp-content\/uploads\/2020\/02\/kinderbot-2-laterales-magne-2-1024x430.jpg\" alt=\"\" width=\"1024\" height=\"430\" srcset=\"http:\/\/misladrillos.com\/ml\/wp-content\/uploads\/2020\/02\/kinderbot-2-laterales-magne-2-1024x430.jpg 1024w, http:\/\/misladrillos.com\/ml\/wp-content\/uploads\/2020\/02\/kinderbot-2-laterales-magne-2-980x412.jpg 980w, http:\/\/misladrillos.com\/ml\/wp-content\/uploads\/2020\/02\/kinderbot-2-laterales-magne-2-480x202.jpg 480w\" sizes=\"((min-width: 0px) and (max-width: 480px)) 480px, ((min-width: 481px) and (max-width: 980px)) 980px, (min-width: 981px) 1024px, 100vw\" \/><\/p>\n<p><strong>ORIENTACIONES DID\u00c1CTICAS<\/strong><\/p>\n<p><span style=\"font-weight: 400;\">Las actividades contenidas en nuestras orientaciones did\u00e1cticas, contemplan las diversas estructuras propias del nivel inicial (unidades did\u00e1cticas y proyectos de trabajo), abordando la ense\u00f1anza de la programaci\u00f3n y rob\u00f3tica desde una metodolog\u00eda de ense\u00f1anza que respeta los pilares did\u00e1cticos del nivel (la centralidad del juego, la ense\u00f1anza comprendida como construcci\u00f3n de escenarios, el principio de globalizaci\u00f3n y articulaci\u00f3n curricular, la b\u00fasqueda del desarrollo personal, social y la alfabetizaci\u00f3n cultural, la multitarea, el trabajo conjunto con las familias) y la de las diversas \u00e1reas del conocimiento.\u00a0 Adem\u00e1s, se propone una metodolog\u00eda de aula taller que permite desarrollar habilidades fundamentales para el siglo XXI: colaboraci\u00f3n, creatividad, comprensi\u00f3n, comunicaci\u00f3n, car\u00e1cter (Maggio, 2019)<\/span><\/p>\n<p>En nuestras orientaciones, se incluyen recorridos de aprendizaje desde la sala de 3 a\u00f1os, que abarcan la totalidad de los NAP de Educaci\u00f3n Digital, Programaci\u00f3n y Rob\u00f3tica, desde un enfoque integral que contempla su articulaci\u00f3n con otras \u00e1reas del conocimiento.<\/p>\n<p><span style=\"font-weight: 400;\">Los itinerarios contemplan metodolog\u00edas did\u00e1cticas pensadas para que sea los propios educadores de sala quien tomen el liderazgo del trabajo en esta \u00e1rea, sobre la base de su invalorable conocimiento pedag\u00f3gico general, y el de las necesidades e intereses de cada particular grupo de alumnos que le toca formar.<\/span><\/p>\n<p>&nbsp;<\/p>\n<p><b>CAPACITACI\u00d3N, ACOMPA\u00d1AMIENTO Y COMUNIDAD<\/b><\/p>\n<p><span style=\"font-weight: 400;\">Desde una metodolog\u00eda TPACK (Technogical, Pedagogical, Content Knowledge) ofrecemos formaci\u00f3n t\u00e9cnica y pedag\u00f3gica para que los educadores puedan:<\/span><\/p>\n<ol>\n<li style=\"font-weight: 400;\"><span style=\"font-weight: 400;\">Conocer en profundidad el robot de Kinderbot, sus posibilidades y modos de funcionamiento<\/span><\/li>\n<li style=\"font-weight: 400;\"><span style=\"font-weight: 400;\">Crear, implementar y evaluar actividades \u00e1ulicas de calidad con Kinderbot, adecuadas al proyecto educativo institucional y a las necesidades formativas de cada grupo<\/span><\/li>\n<\/ol>\n<p><span style=\"font-weight: 400;\">Nuestra comprobada experiencia indica que la capacitaci\u00f3n inicial es un primer paso insoslayable para la apropiaci\u00f3n de los contenidos del \u00e1rea por parte de los educadores y para que las innovaciones tengan lugar en los entornos educativos. No obstante, tambi\u00e9n ofrecemos un dispositivo de acompa\u00f1amiento\/seguimiento para aquellas instituciones en las que el proyecto Kinderbot sea el primer paso en el desarrollo de la cultura TIC institucional.<\/span><\/p>\n<p>&nbsp;<\/p>\n<p><strong>1 KIT = M\u00faltiples posibilidades<\/strong><\/p>\n<p><span style=\"font-weight: 400;\">Los movimientos de KinderBot pueden ser comandados a trav\u00e9s del control remoto provisto en el kit, con el cual se pueden tanto dar \u00f3rdenes directas como programar una secuencia de comandos que el robot luego deber\u00e1 llevar a cabo de manera aut\u00f3noma.<\/span><\/p>\n<p><span style=\"font-weight: 400;\">De la misma manera, y a trav\u00e9s del receptor Bluetooth incorporado en su electr\u00f3nica, KinderBot es capaz de recibir instrucciones desde un dispositivo Android como una tablet o un celular, desde el cual tambi\u00e9n puede manejarse directamente o programarse con los movimientos que luego recrear\u00e1.<\/span><\/p>\n<p><span style=\"font-weight: 400;\">Esta posibilidad de ser programado con secuencias de movimientos se aprovecha al m\u00e1ximo en conjunto con las distintas alternativas que ofrecen, por ejemplo, las lonas impresas. Estas pueden ser de diversos formatos y con variados dise\u00f1os, para ofrecer a los chicos un sinf\u00edn de estimulantes desaf\u00edos.<\/span><\/p>\n<p><span style=\"font-weight: 400;\">A esto se suman las 100 piezas que componen el kit educativo con las cuales podremos, por ejemplo, cambiar la forma de KinderBot o crear obst\u00e1culos para luego ser sorteados. Las piezas representan un valioso aliado para ser aprovechado tanto en casa como en el aula.<\/span><img decoding=\"async\" loading=\"lazy\" class=\"aligncenter wp-image-1700 size-large\" src=\"http:\/\/misladrillos.com\/ml\/wp-content\/uploads\/2020\/02\/kinderbot-naranja-modo-cangrejo-1024x532.jpg\" alt=\"\" width=\"1024\" height=\"532\" srcset=\"http:\/\/misladrillos.com\/ml\/wp-content\/uploads\/2020\/02\/kinderbot-naranja-modo-cangrejo-1024x532.jpg 1024w, http:\/\/misladrillos.com\/ml\/wp-content\/uploads\/2020\/02\/kinderbot-naranja-modo-cangrejo-980x510.jpg 980w, http:\/\/misladrillos.com\/ml\/wp-content\/uploads\/2020\/02\/kinderbot-naranja-modo-cangrejo-480x250.jpg 480w\" sizes=\"((min-width: 0px) and (max-width: 480px)) 480px, ((min-width: 481px) and (max-width: 980px)) 980px, (min-width: 981px) 1024px, 100vw\" \/><\/p>\n<p><strong>El KIT DE EXPANSI\u00d3N<\/strong><\/p>\n<p>Siempre ser\u00e1 posible expandir la cantidad de piezas tanto para reponer eventuales p\u00e9rdidas como para generar a\u00fan m\u00e1s alternativas de juegos y actividades para los chicos. Nuestros kits de expansi\u00f3n incluso pueden ser personalizados de acuerdo a las distintas necesidades que cada grupo escolar pueda presentar.<\/p>\n<p>El conjunto KinderBot est\u00e1 pensado, junto con sus kits de expansi\u00f3n, para brindar horas de diversi\u00f3n y aprendizaje a trav\u00e9s de las m\u00e1s divertidas y desafiantes actividades.<\/p>\n<p>&nbsp;<\/p>\n<p><strong>KINDERBOT Y LOS CHICOS<\/strong><\/p>\n<p><span style=\"font-weight: 400;\">Kinderbot es un robot que comprende una equilibrada dosis de figuraci\u00f3n y estructuraci\u00f3n, lo cual le da amplias oportunidades de juego y aprendizaje.<\/span><\/p>\n<p><span style=\"font-weight: 400;\">Bajo la ilimitada imaginaci\u00f3n infantil y gracias a su ductilidad, Kinderbot puede ser una mariposa, un monstruo, una ambulancia, una creaci\u00f3n de Mondrian, una mu\u00f1eca, un dinosaurio. Pueden serlo r\u00e1pidamente, de modo relativamente duradero y a la vez flexible. Y puede ser todo ello a la vez, gracias a su presentaci\u00f3n bajo 6 colores diversos. Esto ofrece posibilidades \u00fanicas de integraci\u00f3n con la curr\u00edcula del nivel, dado que el propio robot se constituye en un material did\u00e1ctico en s\u00ed mismo, independientemente del medio por el que se desplaza (alfombras\u00a0 o lonas) como sucede con otros robots fuertemente estructurados o realizados con material de deshecho.\u00a0<\/span><\/p>\n<p><span style=\"font-weight: 400;\">Las 6 versiones de Kinderbots, junto con sus kits de expansi\u00f3n, permiten el trabajo en una real multitarea (grupos de ni\u00f1os que, a elecci\u00f3n propia, realizan diversas tareas a la vez), permitiendo que los ni\u00f1os de apropien de los recortes seleccionados por los maestros desde la propia configuraci\u00f3n del robot hasta la resoluci\u00f3n de los desaf\u00edos did\u00e1cticos y l\u00f3gicos que se les propongan.<\/span><\/p>\n<p><span style=\"font-weight: 400;\">Los ni\u00f1os r\u00e1pidamente reconocen a Kinderbot como parte de los juegos de construcci\u00f3n que conocen, y los integran a ellos,\u00a0 facilitando el desarrollo de su creatividad, inventiva, y el conocimiento de las propiedades f\u00edsicas de los objetos, rasgos propios de los juegos de construcci\u00f3n.<\/span><\/p>\n<p><span style=\"font-weight: 400;\">Adem\u00e1s, al programar Kinderbot utilizando los bloques de programaci\u00f3n, los ni\u00f1os no s\u00f3lo trabajan conceptos matem\u00e1ticos como cantidad, m\u00f3dulo y sentido espacial, sino que tambi\u00e9n pueden expandir las exploraciones matem\u00e1ticas hacia otros conceptos, trabajando agrupamientos e identificando regularidades.<\/span><\/p>\n<p><span style=\"font-weight: 400;\">Por \u00faltimo, entendemos que esta experiencia tambi\u00e9n permite vincular a los estudiantes a los nuevos paradigmas de nuestra sociedad, de una manera l\u00fadica y desafiante. En un mundo que cambia todos los d\u00edas atravesado por las nuevas tecnolog\u00edas, es nuestra responsabilidad formar a nuestros estudiantes de manera integral para enfrentar los nuevos desaf\u00edos.<\/span><\/p>\n<p>[\/et_pb_text][et_pb_text admin_label=\u00bbpedagog\u00edaPROBOTS\u00bb _builder_version=\u00bb4.0.2&#8243;]<\/p>\n<h3 class=\"titulo-bot2\">pedagog\u00eda<span>PROBOTS<\/span><\/h3>\n<p>[\/et_pb_text][et_pb_text admin_label=\u00bbKit de rob\u00f3tica educativa homologado\u00bb module_class=\u00bbkit-texto-3&#8243; _builder_version=\u00bb4.0.2&#8243;]Kit de rob\u00f3tica educativa homologado por el Gobierno de la Provincia de Buenos Aires. M\u00e1s de 100 piezas entre componentes estructurales, juegos de cartas, y lona impresa para actividades.[\/et_pb_text][\/et_pb_column][\/et_pb_row][et_pb_row _builder_version=\u00bb4.0.2&#8243; background_color=\u00bb#ffffff\u00bb width=\u00bb90%\u00bb custom_padding=\u00bb||80px||false|false\u00bb][et_pb_column type=\u00bb4_4&#8243; module_class=\u00bbcol-videos\u00bb _builder_version=\u00bb4.0.2&#8243;][et_pb_video src=\u00bbhttps:\/\/youtu.be\/1DHDVU1cyps\u00bb _builder_version=\u00bb4.0.2&#8243; custom_margin=\u00bb||15px||false|false\u00bb][\/et_pb_video][et_pb_video src=\u00bbhttps:\/\/youtu.be\/pyjigzHslbU\u00bb _builder_version=\u00bb4.0.2&#8243; custom_margin=\u00bb||15px||false|false\u00bb][\/et_pb_video][et_pb_video src=\u00bbhttps:\/\/youtu.be\/N9r8A9l1Xlo\u00bb _builder_version=\u00bb4.0.2&#8243; custom_margin=\u00bb||15px||false|false\u00bb][\/et_pb_video][et_pb_video src=\u00bbhttps:\/\/youtu.be\/oKpTjM_j8vU\u00bb _builder_version=\u00bb4.0.2&#8243; custom_margin=\u00bb||15px||false|false\u00bb][\/et_pb_video][et_pb_video src=\u00bbhttps:\/\/youtu.be\/Vm50fAAlcV4&#8243; _builder_version=\u00bb4.0.2&#8243; custom_margin=\u00bb||15px||false|false\u00bb][\/et_pb_video][et_pb_video src=\u00bbhttps:\/\/youtu.be\/JzQsE8JwXv0&#8243; _builder_version=\u00bb4.0.2&#8243; custom_margin=\u00bb||15px||false|false\u00bb][\/et_pb_video][\/et_pb_column][\/et_pb_row][\/et_pb_section]<\/p>\n","protected":false},"excerpt":{"rendered":"<p>[et_pb_section fb_built=\u00bb1&#8243; _builder_version=\u00bb4.0.2&#8243; background_color=\u00bb#ffbc51&#8243; custom_padding=\u00bb||0px||false|false\u00bb][et_pb_row disabled_on=\u00bbon|off|off\u00bb module_class=\u00bbintro-inicial\u00bb _builder_version=\u00bb4.0.2&#8243; background_image=\u00bbhttp:\/\/misladrillos.com\/ml\/wp-content\/uploads\/2019\/10\/intro-inicial.jpg\u00bb background_size=\u00bbcontain\u00bb width=\u00bb90%\u00bb][et_pb_column type=\u00bb4_4&#8243; _builder_version=\u00bb4.0.2&#8243;][et_pb_code admin_label=\u00bbINTRO\u00bb _builder_version=\u00bb4.0.2&#8243;] Nivel INICIAL CONOC\u00c9 LOS KITS De esta etapa: [\/et_pb_code][\/et_pb_column][\/et_pb_row][et_pb_row disabled_on=\u00bboff|on|on\u00bb _builder_version=\u00bb4.0.2&#8243; background_image=\u00bbhttp:\/\/misladrillos.com\/ml\/wp-content\/uploads\/2019\/10\/back001.jpg\u00bb width=\u00bb90%\u00bb custom_margin=\u00bb0px||0px||false|false\u00bb custom_padding=\u00bb0px||0px||false|false\u00bb][et_pb_column type=\u00bb4_4&#8243; _builder_version=\u00bb4.0.2&#8243;][et_pb_code admin_label=\u00bbINTRO\u00bb _builder_version=\u00bb4.0.2&#8243;] Nivel INICIAL CONOC\u00c9 LOS KITS De esta etapa: [\/et_pb_code][et_pb_image src=\u00bbhttp:\/\/misladrillos.com\/ml\/wp-content\/uploads\/2019\/10\/kits-img.jpg\u00bb align=\u00bbcenter\u00bb force_fullwidth=\u00bbon\u00bb _builder_version=\u00bb4.0.2&#8243;][\/et_pb_image][\/et_pb_column][\/et_pb_row][\/et_pb_section][et_pb_section fb_built=\u00bb1&#8243; _builder_version=\u00bb4.0.2&#8243; background_color=\u00bb#ffbc51&#8243; custom_margin=\u00bb20px||||false|false\u00bb][et_pb_row column_structure=\u00bb2_5,3_5&#8243; _builder_version=\u00bb4.0.2&#8243; background_color=\u00bb#ffffff\u00bb width=\u00bb90%\u00bb [&hellip;]<\/p>\n","protected":false},"author":2,"featured_media":0,"parent":0,"menu_order":0,"comment_status":"closed","ping_status":"closed","template":"","meta":{"_et_pb_use_builder":"on","_et_pb_old_content":"","_joinchat":[]},"_links":{"self":[{"href":"https:\/\/misladrillos.com\/ml\/wp-json\/wp\/v2\/pages\/277"}],"collection":[{"href":"https:\/\/misladrillos.com\/ml\/wp-json\/wp\/v2\/pages"}],"about":[{"href":"https:\/\/misladrillos.com\/ml\/wp-json\/wp\/v2\/types\/page"}],"author":[{"embeddable":true,"href":"https:\/\/misladrillos.com\/ml\/wp-json\/wp\/v2\/users\/2"}],"replies":[{"embeddable":true,"href":"https:\/\/misladrillos.com\/ml\/wp-json\/wp\/v2\/comments?post=277"}],"version-history":[{"count":83,"href":"https:\/\/misladrillos.com\/ml\/wp-json\/wp\/v2\/pages\/277\/revisions"}],"predecessor-version":[{"id":2581,"href":"https:\/\/misladrillos.com\/ml\/wp-json\/wp\/v2\/pages\/277\/revisions\/2581"}],"wp:attachment":[{"href":"https:\/\/misladrillos.com\/ml\/wp-json\/wp\/v2\/media?parent=277"}],"curies":[{"name":"wp","href":"https:\/\/api.w.org\/{rel}","templated":true}]}}