{"id":2518,"date":"2021-01-04T19:35:10","date_gmt":"2021-01-04T19:35:10","guid":{"rendered":"http:\/\/misladrillos.com\/ml\/?page_id=2518"},"modified":"2021-01-04T19:36:14","modified_gmt":"2021-01-04T19:36:14","slug":"primeros-pasos-con-kinderbot","status":"publish","type":"page","link":"https:\/\/misladrillos.com\/ml\/primeros-pasos-con-kinderbot\/","title":{"rendered":"Primeros pasos con Kinderbot"},"content":{"rendered":"<p>[et_pb_section fb_built=\u00bb1&#8243; _builder_version=\u00bb4.0.2&#8243;][et_pb_row _builder_version=\u00bb4.0.2&#8243;][et_pb_column type=\u00bb4_4&#8243; _builder_version=\u00bb4.0.2&#8243;][et_pb_post_title _builder_version=\u00bb4.0.2&#8243;][\/et_pb_post_title][et_pb_text admin_label=\u00bbMensaje1&#8243; _builder_version=\u00bb4.0.2&#8243;]Gracias por elegir Kinderbot de Mis Ladrillos, a continuaci\u00f3n usted tendr\u00e1 una gu\u00eda r\u00e1pida sobre como utilizar este producto para poder verlo en acci\u00f3n.[\/et_pb_text][et_pb_text admin_label=\u00bbMensaje2&#8243; _builder_version=\u00bb4.0.2&#8243; custom_margin=\u00bb||0px||false|false\u00bb custom_padding=\u00bb||0px||false|false\u00bb]Para poder utilizar el Kinderbot se necesita el control remoto que viene incluido dentro del kit o bien en su defecto utilizar la aplicaci\u00f3n que provee Mis Ladrillos, la cual puede usted seguir el siguiente enlace para <a href=\"http:\/\/misladrillos.com\/descargas\/Kinderbot_v3.apk\" target=\"_blank\" rel=\"noopener noreferrer\" data-wplink-edit=\"true\">obtener la aplicaci\u00f3n Kinderbot<\/a>.<br \/>\n<strong>Recuerde que la versi\u00f3n m\u00ednima de Android para utilizar la app es 5.0<\/strong><\/p>\n<p>Tambi\u00e9n puede escanear el siguiente c\u00f3digo QR para descargar la aplicaci\u00f3n.[\/et_pb_text][et_pb_image src=\u00bbhttp:\/\/misladrillos.com\/ml\/wp-content\/uploads\/2020\/02\/r100_botones-2.jpg\u00bb _builder_version=\u00bb4.0.2&#8243;][\/et_pb_image][et_pb_text admin_label=\u00bbMensajeApp1&#8243; _builder_version=\u00bb4.0.2&#8243;]<\/p>\n<h3>Descarga e instalaci\u00f3n de la app<\/h3>\n<p>Una vez escaneado el c\u00f3digo qr o presionado sobre el enlace deberemos esperar a que se termine de descargar.[\/et_pb_text][et_pb_image src=\u00bbhttp:\/\/misladrillos.com\/ml\/wp-content\/uploads\/2020\/12\/kinderbot1.jpg\u00bb admin_label=\u00bbImagen1&#8243; _builder_version=\u00bb4.0.2&#8243; width=\u00bb75%\u00bb max_width=\u00bb75%\u00bb height=\u00bb600px\u00bb max_height=\u00bb650px\u00bb][\/et_pb_image][et_pb_image src=\u00bbhttp:\/\/misladrillos.com\/ml\/wp-content\/uploads\/2020\/12\/kinderbot2.jpg\u00bb admin_label=\u00bbImagen2&#8243; _builder_version=\u00bb4.0.2&#8243; width=\u00bb75%\u00bb max_width=\u00bb75%\u00bb height=\u00bb600px\u00bb max_height=\u00bb650px\u00bb][\/et_pb_image][et_pb_image src=\u00bbhttp:\/\/misladrillos.com\/ml\/wp-content\/uploads\/2020\/12\/kinderbot3.jpg\u00bb admin_label=\u00bbImagen3&#8243; _builder_version=\u00bb4.0.2&#8243; width=\u00bb75%\u00bb max_width=\u00bb75%\u00bb height=\u00bb600px\u00bb max_height=\u00bb650px\u00bb][\/et_pb_image][et_pb_image src=\u00bbhttp:\/\/misladrillos.com\/ml\/wp-content\/uploads\/2020\/12\/kinderbot5.jpg\u00bb admin_label=\u00bbImagen4&#8243; _builder_version=\u00bb4.0.2&#8243; width=\u00bb75%\u00bb max_width=\u00bb75%\u00bb height=\u00bb600px\u00bb max_height=\u00bb650px\u00bb][\/et_pb_image][et_pb_image src=\u00bbhttp:\/\/misladrillos.com\/ml\/wp-content\/uploads\/2020\/12\/kinderbot6.jpg\u00bb admin_label=\u00bbImagen5&#8243; _builder_version=\u00bb4.0.2&#8243; width=\u00bb75%\u00bb max_width=\u00bb75%\u00bb height=\u00bb600px\u00bb max_height=\u00bb650px\u00bb][\/et_pb_image][et_pb_text admin_label=\u00bbMensaje3&#8243; _builder_version=\u00bb4.0.2&#8243;]<\/p>\n<h3>Poniendo en marcha el Kinderbot<\/h3>\n<p>Cabe destacar que el Kinderbot posee tres modos de uso, el \u00abModo Libre\u00bb que esta por defecto al encenderlo, el \u00abModo Fijo\u00bb o \u00abModo Paso a Paso\u00bb y el \u00abModo Programaci\u00f3n\u00bb o \u00abModo Secuencial\u00bb.<br \/>\nEn el \u00abModo Libre\u00bb usted podr\u00e1 manipular el Kinderbot de forma libre y sin restricciones mediante el control remoto o la aplicaci\u00f3n.<br \/>\nEn el \u00abModo Fijo\u00bb o \u00abModo Paso a Paso\u00bb usted manipular\u00e1 el Kinderbot pero con la leve diferencia que se ejecutar\u00e1 una sola acci\u00f3n a la vez, es decir, si se presiona adelante, no podr\u00e1 cambiar la direcci\u00f3n del producto hasta que termine su acci\u00f3n de avanzar.<br \/>\nEn el \u00abModo Programacion\u00bb o \u00abModo Secuencial\u00bb usted podr\u00e1 establecer acciones de movimiento para que cuando se presione el bot\u00f3n de ejecutar o play el Kinderbot las realice seg\u00fan el orden asignado.<\/p>\n<p>Una vez instalada la aplicaci\u00f3n o teniendo el control remoto en mano, procederemos a encender el Kinderbot.[\/et_pb_text][et_pb_image src=\u00bbhttp:\/\/misladrillos.com\/ml\/wp-content\/uploads\/2020\/12\/kinderbot0a.jpg\u00bb admin_label=\u00bbImagen6&#8243; _builder_version=\u00bb4.0.2&#8243; width=\u00bb75%\u00bb max_width=\u00bb75%\u00bb height=\u00bb600px\u00bb max_height=\u00bb650px\u00bb][\/et_pb_image][et_pb_image src=\u00bbhttp:\/\/misladrillos.com\/ml\/wp-content\/uploads\/2020\/12\/kinderbot0b.jpg\u00bb admin_label=\u00bbImagen7&#8243; _builder_version=\u00bb4.0.2&#8243; width=\u00bb75%\u00bb max_width=\u00bb75%\u00bb height=\u00bb600px\u00bb max_height=\u00bb650px\u00bb][\/et_pb_image][et_pb_text admin_label=\u00bbMensajeApp2&#8243; _builder_version=\u00bb4.0.2&#8243;]<\/p>\n<h3>Tutorial aplicaci\u00f3n<\/h3>\n<p>Abriremos la aplicaci\u00f3n que descargamos anteriormente en este tutorial.[\/et_pb_text][et_pb_image src=\u00bbhttp:\/\/misladrillos.com\/ml\/wp-content\/uploads\/2020\/12\/kinderbot8.jpg\u00bb admin_label=\u00bbImagen8&#8243; _builder_version=\u00bb4.0.2&#8243; width=\u00bb75%\u00bb max_width=\u00bb75%\u00bb][\/et_pb_image][et_pb_text admin_label=\u00bbMensajeApp3&#8243; _builder_version=\u00bb4.0.2&#8243;]<\/p>\n<h4>Nos vamos al modo \u00abCONTROL\u00bb de la aplicaci\u00f3n.<\/h4>\n<p>[\/et_pb_text][et_pb_image src=\u00bbhttp:\/\/misladrillos.com\/ml\/wp-content\/uploads\/2020\/12\/kinderbot9.jpg\u00bb admin_label=\u00bbImagen9&#8243; _builder_version=\u00bb4.0.2&#8243; width=\u00bb75%\u00bb max_width=\u00bb75%\u00bb][\/et_pb_image][et_pb_text admin_label=\u00bbMensajeApp4&#8243; _builder_version=\u00bb4.0.2&#8243;]<\/p>\n<h4>Presionamos sobre \u00abCONEXION\u00bb.<\/h4>\n<p>[\/et_pb_text][et_pb_image src=\u00bbhttp:\/\/misladrillos.com\/ml\/wp-content\/uploads\/2020\/12\/kinderbot10.jpg\u00bb admin_label=\u00bbImagen10&#8243; _builder_version=\u00bb4.0.2&#8243; width=\u00bb75%\u00bb max_width=\u00bb75%\u00bb][\/et_pb_image][et_pb_text admin_label=\u00bbMensajeApp5&#8243; _builder_version=\u00bb4.0.2&#8243;]<\/p>\n<h4>Presionamos sobre \u00abActualizar\u00bb.<\/h4>\n<p>[\/et_pb_text][et_pb_image src=\u00bbhttp:\/\/misladrillos.com\/ml\/wp-content\/uploads\/2020\/12\/kinderbot11.jpg\u00bb admin_label=\u00bbImagen11&#8243; _builder_version=\u00bb4.0.2&#8243; width=\u00bb75%\u00bb max_width=\u00bb75%\u00bb][\/et_pb_image][et_pb_text admin_label=\u00bbMensajeApp6&#8243; _builder_version=\u00bb4.0.2&#8243;]<\/p>\n<h4>En el selector desplegable se mostraran los dispositivos Kinderbot previamente vinculados, de no aparecer en esta lista, pruebe vincular de nuevo el kinderbot al tel\u00e9fono.<\/h4>\n<p>[\/et_pb_text][et_pb_image src=\u00bbhttp:\/\/misladrillos.com\/ml\/wp-content\/uploads\/2020\/12\/kinderbot12.jpg\u00bb admin_label=\u00bbImagen12&#8243; _builder_version=\u00bb4.0.2&#8243; width=\u00bb75%\u00bb max_width=\u00bb75%\u00bb][\/et_pb_image][et_pb_text admin_label=\u00bbMensajeApp7&#8243; _builder_version=\u00bb4.0.2&#8243;]<\/p>\n<h4>Presionamos sobre \u00abCONECTAR\u00bb y el Kinderbot deber\u00eda hacer un sonido.<\/h4>\n<p>[\/et_pb_text][et_pb_image src=\u00bbhttp:\/\/misladrillos.com\/ml\/wp-content\/uploads\/2020\/12\/kinderbot13.jpg\u00bb admin_label=\u00bbImagen13&#8243; _builder_version=\u00bb4.0.2&#8243; width=\u00bb75%\u00bb max_width=\u00bb75%\u00bb][\/et_pb_image][et_pb_text admin_label=\u00bbMensajeApp8&#8243; _builder_version=\u00bb4.0.2&#8243;]<\/p>\n<h4>Mediante este bot\u00f3n central usted puede alternar entre el \u00abModo Libre\u00bb y el \u00abModo Paso a Paso\u00bb o \u00abModo Fijo\u00bb.<\/h4>\n<p>[\/et_pb_text][et_pb_image src=\u00bbhttp:\/\/misladrillos.com\/ml\/wp-content\/uploads\/2020\/12\/kinderbot14.jpg\u00bb admin_label=\u00bbImagen14&#8243; _builder_version=\u00bb4.0.2&#8243; width=\u00bb75%\u00bb max_width=\u00bb75%\u00bb][\/et_pb_image][et_pb_text admin_label=\u00bbMensajeApp9&#8243; _builder_version=\u00bb4.0.2&#8243;]<\/p>\n<h4>Antes de salir al men\u00fa principal, recuerde desconectar el Kinderbot desde el panel de conexi\u00f3n de la aplicaci\u00f3n, al desconectar el Kinderbot deber\u00eda hacer un sonido. Ahora una vez en el men\u00fa principal nos vamos al modo \u00abDESAFIOS\u00bb.<\/h4>\n<p>[\/et_pb_text][et_pb_image src=\u00bbhttp:\/\/misladrillos.com\/ml\/wp-content\/uploads\/2020\/12\/kinderbot8.jpg\u00bb admin_label=\u00bbImagen15&#8243; _builder_version=\u00bb4.0.2&#8243; width=\u00bb75%\u00bb max_width=\u00bb75%\u00bb][\/et_pb_image][et_pb_text admin_label=\u00bbMensajeApp10&#8243; _builder_version=\u00bb4.0.2&#8243;]<\/p>\n<h4>Deberemos conectar nuevamente el Kinderbot, para ello presionaremos sobre los tres puntos.<\/h4>\n<p>[\/et_pb_text][et_pb_image src=\u00bbhttp:\/\/misladrillos.com\/ml\/wp-content\/uploads\/2020\/12\/kinderbot15.jpg\u00bb admin_label=\u00bbImagen16&#8243; _builder_version=\u00bb4.0.2&#8243; width=\u00bb75%\u00bb max_width=\u00bb75%\u00bb][\/et_pb_image][et_pb_text admin_label=\u00bbMensajeApp11&#8243; _builder_version=\u00bb4.0.2&#8243;]<\/p>\n<h4>Al tocar \u00abCONEXION\u00bb se abrir\u00e1 el panel de conexi\u00f3n que vimos en el modo \u00abCONTROL\u00bb de la aplicaci\u00f3n, el proceso de conexi\u00f3n es el mismo.<\/h4>\n<p>[\/et_pb_text][et_pb_image src=\u00bbhttp:\/\/misladrillos.com\/ml\/wp-content\/uploads\/2020\/12\/kinderbot16.jpg\u00bb admin_label=\u00bbImagen17&#8243; _builder_version=\u00bb4.0.2&#8243; width=\u00bb75%\u00bb max_width=\u00bb75%\u00bb][\/et_pb_image][et_pb_text admin_label=\u00bbMensajeApp12&#8243; _builder_version=\u00bb4.0.2&#8243;]<\/p>\n<h4>Si la conexi\u00f3n fue exitosa, el Kinderbot deber\u00eda hacer un sonido y en la aplicaci\u00f3n el Kinderbot deber\u00eda ponerse del color del Kinderbot conectado. Ocultamos el panel mediante el bot\u00f3n triangular. Arrastraremos el Kinderbot a la grilla y ya podremos usarlo en el \u00abModo Paso a Paso\u00bb o \u00abModo Fijo\u00bb.<\/h4>\n<p>[\/et_pb_text][et_pb_image src=\u00bbhttp:\/\/misladrillos.com\/ml\/wp-content\/uploads\/2020\/12\/kinderbot17.jpg\u00bb admin_label=\u00bbImagen18&#8243; _builder_version=\u00bb4.0.2&#8243; width=\u00bb75%\u00bb max_width=\u00bb75%\u00bb][\/et_pb_image][et_pb_text admin_label=\u00bbMensajeApp13&#8243; _builder_version=\u00bb4.0.2&#8243;]<\/p>\n<h4>Presionando sobre el bot\u00f3n del Joystick se cambiar\u00e1 al \u00abModo Programacion\u00bb o \u00abModo Secuencial\u00bb.<\/h4>\n<p>[\/et_pb_text][et_pb_image src=\u00bbhttp:\/\/misladrillos.com\/ml\/wp-content\/uploads\/2020\/12\/kinderbot18.jpg\u00bb admin_label=\u00bbImagen19&#8243; _builder_version=\u00bb4.0.2&#8243; width=\u00bb75%\u00bb max_width=\u00bb75%\u00bb][\/et_pb_image][et_pb_text admin_label=\u00bbMensajeApp14&#8243; _builder_version=\u00bb4.0.2&#8243;]<\/p>\n<h4>Desde esta pantalla se podr\u00e1n asignar los movimientos que deseamos que haga el Kinderbot.<\/h4>\n<p>[\/et_pb_text][et_pb_image src=\u00bbhttp:\/\/misladrillos.com\/ml\/wp-content\/uploads\/2020\/12\/kinderbot19.jpg\u00bb admin_label=\u00bbImagen20&#8243; _builder_version=\u00bb4.0.2&#8243; width=\u00bb75%\u00bb max_width=\u00bb75%\u00bb][\/et_pb_image][et_pb_text admin_label=\u00bbMensajeApp15&#8243; _builder_version=\u00bb4.0.2&#8243;]<\/p>\n<h4>Luego de asignar las acciones a realizar presionaremos play para ejecutar los movimientos.<\/h4>\n<p>[\/et_pb_text][et_pb_image src=\u00bbhttp:\/\/misladrillos.com\/ml\/wp-content\/uploads\/2020\/12\/kinderbot20.jpg\u00bb admin_label=\u00bbImagen21&#8243; _builder_version=\u00bb4.0.2&#8243; width=\u00bb75%\u00bb max_width=\u00bb75%\u00bb][\/et_pb_image][et_pb_text admin_label=\u00bbMensajeApp16&#8243; _builder_version=\u00bb4.0.2&#8243;]<\/p>\n<h4>Desde el men\u00fa, se puede colocar el asistente, que nos provee una vista previa de hacia donde se dirigir\u00e1 nuestro Kinderbot conectado.<\/h4>\n<p>[\/et_pb_text][et_pb_image src=\u00bbhttp:\/\/misladrillos.com\/ml\/wp-content\/uploads\/2020\/12\/kinderbot21.jpg\u00bb admin_label=\u00bbImagen22&#8243; _builder_version=\u00bb4.0.2&#8243; width=\u00bb75%\u00bb max_width=\u00bb75%\u00bb][\/et_pb_image][et_pb_image src=\u00bbhttp:\/\/misladrillos.com\/ml\/wp-content\/uploads\/2020\/12\/kinderbot22.jpg\u00bb admin_label=\u00bbImagen23&#8243; _builder_version=\u00bb4.0.2&#8243; width=\u00bb75%\u00bb max_width=\u00bb75%\u00bb][\/et_pb_image][et_pb_text admin_label=\u00bbMensajeApp17&#8243; _builder_version=\u00bb4.0.2&#8243;]<\/p>\n<h4>Con esto se finaliza el tutorial para controlar su Kinderbot mediante la aplicaci\u00f3n Android<\/h4>\n<p><strong>RECUERDE<\/strong><br \/>\n*Antes de salir al men\u00fa principal desconecte el kinderbot mediante el panel de conexi\u00f3n de la aplicaci\u00f3n.<br \/>\n*Si el Kinderbot a conectar no aparece en la lista de conexi\u00f3n cuando se presiona sobre actualizar, pruebe desvinculando los Kinderbot existentes y volviendo a vincular el deseado.<br \/>\n*Si al cambiar de modo dentro de la aplicaci\u00f3n el Kinderbot no responde, pruebe cerrando completamente la aplicaci\u00f3n (incluso de segundo plano) y vuelva a intentar.[\/et_pb_text][et_pb_text admin_label=\u00bbMensaje4&#8243; _builder_version=\u00bb4.0.2&#8243;]<\/p>\n<h3>Tutorial Control Remoto<\/h3>\n<p><strong>Importante aclarar que desde el control remoto se debe pasar siempre por el \u00abModo Libre\u00bb para cambiar a otro modo, es decir para pasar del \u00abModo Paso a Paso\u00bb al \u00abModo Programaci\u00f3n\u00bb se debe pasar primero al \u00abModo Libre\u00bb y luego al \u00abModo Programaci\u00f3n\u00bb.<\/strong>[\/et_pb_text][et_pb_text admin_label=\u00bbMensaje5&#8243; _builder_version=\u00bb4.0.2&#8243;]<\/p>\n<h4>Pasar de Modo Libre a Modo Paso a Paso presionando la secuencia: BORRAR &#8211; EJECUTAR &#8211; BORRAR<\/h4>\n<p>[\/et_pb_text][et_pb_video src=\u00bbhttps:\/\/youtu.be\/rJYBBgGGLgc\u00bb admin_label=\u00bbV\u00eddeo1&#8243; _builder_version=\u00bb4.0.2&#8243;][\/et_pb_video][et_pb_text admin_label=\u00bbMensaje6&#8243; _builder_version=\u00bb4.0.2&#8243;]<\/p>\n<h4>Pasar de Modo Paso a Paso a Modo Libre presionando la secuencia: BORRAR &#8211; EJECUTAR &#8211; BORRAR<\/h4>\n<p>[\/et_pb_text][et_pb_video src=\u00bbhttps:\/\/www.youtube.com\/watch?v=WJSLm1EMv9A\u00bb admin_label=\u00bbV\u00eddeo2&#8243; _builder_version=\u00bb4.0.2&#8243;][\/et_pb_video][et_pb_text admin_label=\u00bbMensaje7&#8243; _builder_version=\u00bb4.0.2&#8243;]<\/p>\n<h4>Pasar de Modo Libre a Modo Programaci\u00f3n presionando la secuencia: BORRAR &#8211; EJECUTAR &#8211; PAUSA<\/h4>\n<p>[\/et_pb_text][et_pb_video src=\u00bbhttps:\/\/www.youtube.com\/watch?v=Ml68PJYfdeY&#038;feature=youtu.be\u00bb admin_label=\u00bbV\u00eddeo3&#8243; _builder_version=\u00bb4.0.2&#8243;][\/et_pb_video][et_pb_text admin_label=\u00bbMensaje8&#8243; _builder_version=\u00bb4.0.2&#8243;]<\/p>\n<h4>Pasar de Modo Programaci\u00f3n a Modo Libre presionando la secuencia: BORRAR &#8211; EJECUTAR &#8211; PAUSA<\/h4>\n<p>[\/et_pb_text][et_pb_video src=\u00bbhttps:\/\/www.youtube.com\/watch?v=ZmSh9FaTAEg&#038;feature=youtu.be\u00bb admin_label=\u00bbV\u00eddeo4&#8243; _builder_version=\u00bb4.0.2&#8243;][\/et_pb_video][et_pb_text admin_label=\u00bbMensaje9&#8243; _builder_version=\u00bb4.0.2&#8243;]<\/p>\n<h4>Con esto se finaliza el tutorial para controlar su Kinderbot mediante el control remoto<\/h4>\n<p><strong>RECUERDE<\/strong><br \/>\n*Mantener presionado el boton hasta que el Kinderbot haga un segundo sonido durante la secuencia de cambio de modo.<br \/>\n*El Kinderbot debe hacer tres sonidos mas si el cambio de modo es correcto.[\/et_pb_text][\/et_pb_column][\/et_pb_row][\/et_pb_section]<\/p>\n","protected":false},"excerpt":{"rendered":"<p>[et_pb_section fb_built=\u00bb1&#8243; _builder_version=\u00bb4.0.2&#8243;][et_pb_row _builder_version=\u00bb4.0.2&#8243;][et_pb_column type=\u00bb4_4&#8243; _builder_version=\u00bb4.0.2&#8243;][et_pb_post_title _builder_version=\u00bb4.0.2&#8243;][\/et_pb_post_title][et_pb_text admin_label=\u00bbMensaje1&#8243; _builder_version=\u00bb4.0.2&#8243;]Gracias por elegir Kinderbot de Mis Ladrillos, a continuaci\u00f3n usted tendr\u00e1 una gu\u00eda r\u00e1pida sobre como utilizar este producto para poder verlo en acci\u00f3n.[\/et_pb_text][et_pb_text admin_label=\u00bbMensaje2&#8243; _builder_version=\u00bb4.0.2&#8243; custom_margin=\u00bb||0px||false|false\u00bb custom_padding=\u00bb||0px||false|false\u00bb]Para poder utilizar el Kinderbot se necesita el control remoto que viene incluido dentro del kit o bien en su [&hellip;]<\/p>\n","protected":false},"author":9,"featured_media":0,"parent":0,"menu_order":0,"comment_status":"closed","ping_status":"closed","template":"","meta":{"_et_pb_use_builder":"on","_et_pb_old_content":"","_joinchat":[]},"_links":{"self":[{"href":"https:\/\/misladrillos.com\/ml\/wp-json\/wp\/v2\/pages\/2518"}],"collection":[{"href":"https:\/\/misladrillos.com\/ml\/wp-json\/wp\/v2\/pages"}],"about":[{"href":"https:\/\/misladrillos.com\/ml\/wp-json\/wp\/v2\/types\/page"}],"author":[{"embeddable":true,"href":"https:\/\/misladrillos.com\/ml\/wp-json\/wp\/v2\/users\/9"}],"replies":[{"embeddable":true,"href":"https:\/\/misladrillos.com\/ml\/wp-json\/wp\/v2\/comments?post=2518"}],"version-history":[{"count":55,"href":"https:\/\/misladrillos.com\/ml\/wp-json\/wp\/v2\/pages\/2518\/revisions"}],"predecessor-version":[{"id":2630,"href":"https:\/\/misladrillos.com\/ml\/wp-json\/wp\/v2\/pages\/2518\/revisions\/2630"}],"wp:attachment":[{"href":"https:\/\/misladrillos.com\/ml\/wp-json\/wp\/v2\/media?parent=2518"}],"curies":[{"name":"wp","href":"https:\/\/api.w.org\/{rel}","templated":true}]}}