{"id":2301,"date":"2020-12-29T15:58:52","date_gmt":"2020-12-29T15:58:52","guid":{"rendered":"http:\/\/misladrillos.com\/ml\/?page_id=2301"},"modified":"2020-12-29T19:39:40","modified_gmt":"2020-12-29T19:39:40","slug":"primeros-pasos-con-microbit-y-mis-ladrillos","status":"publish","type":"page","link":"https:\/\/misladrillos.com\/ml\/primeros-pasos-con-microbit-y-mis-ladrillos\/","title":{"rendered":"Primeros pasos con micro:bit y Mis Ladrillos"},"content":{"rendered":"<p>[et_pb_section fb_built=\u00bb1&#8243; _builder_version=\u00bb4.0.2&#8243;][et_pb_row _builder_version=\u00bb4.0.2&#8243;][et_pb_column type=\u00bb4_4&#8243; _builder_version=\u00bb4.0.2&#8243;][et_pb_text admin_label=\u00bbEspacio vacio\u00bb _builder_version=\u00bb4.0.2&#8243;][\/et_pb_text][et_pb_post_title _builder_version=\u00bb4.0.2&#8243;][\/et_pb_post_title][et_pb_text admin_label=\u00bbEspacio vacio\u00bb _builder_version=\u00bb4.0.2&#8243;][\/et_pb_text][\/et_pb_column][\/et_pb_row][et_pb_row _builder_version=\u00bb4.0.2&#8243;][et_pb_column type=\u00bb4_4&#8243; _builder_version=\u00bb4.0.2&#8243;][et_pb_text admin_label=\u00bbMensaje0&#8243; _builder_version=\u00bb4.0.2&#8243; text_orientation=\u00bbjustified\u00bb]Gracias por elegir este producto de Mis Ladrillos. En esta pagina usted encontrar\u00e1 lo necesario para poner en acci\u00f3n el kit R-503 Microbit.[\/et_pb_text][et_pb_text admin_label=\u00bbMensaje1&#8243; _builder_version=\u00bb4.0.2&#8243; text_orientation=\u00bbjustified\u00bb link_option_url_new_window=\u00bbon\u00bb]Si desea una gu\u00eda sencilla sobre el uso del editor de bloques de micro:bit puede continuar leyendo, de lo contrario descargue el programa ya para usarlo desde aqu\u00ed -> <a class=\"download-link\" title=\"\" href=\"https:\/\/misladrillos.com\/ml\/download\/2483\/\" rel=\"nofollow\">\n\tmicrobit-semaforo\t(454 descargas)\n<\/a>.[\/et_pb_text][et_pb_text admin_label=\u00bbMensaje2&#8243; _builder_version=\u00bb4.0.2&#8243;]Comencemos con descargar o entrar al editor de bloques que provee Microsoft Makecode para micro:bit, para ello podemos acceder desde el navegador al <a href=\"https:\/\/makecode.microbit.org\/\" data-wplink-edit=\"true\">editor de bloques para micro:bit<\/a>.[\/et_pb_text][et_pb_text admin_label=\u00bbMensaje3&#8243; _builder_version=\u00bb4.0.2&#8243;]Si usted est\u00e1 usando Windows 10 puede instalar el editor obteni\u00e9ndola desde la Microsoft Store siguiendo este enlace al <a href=\"https:\/\/www.microsoft.com\/store\/productId\/9PJC7SV48LCX\" data-wplink-edit=\"true\">editor de bloques para micro:bit<\/a>.[\/et_pb_text][et_pb_text admin_label=\u00bbMensaje4&#8243; _builder_version=\u00bb4.0.2&#8243;]A su vez, si se desea trabajar en un ambiente sin conexi\u00f3n a internet se puede obtener la aplicaci\u00f3n tanto para Windows como para Mac OS siguiendo este enlace al <a href=\"https:\/\/makecode.microbit.org\/offline-app\" data-wplink-edit=\"true\">editor de bloques para micro:bit<\/a>.[\/et_pb_text][et_pb_text admin_label=\u00bbEspacio vacio\u00bb _builder_version=\u00bb4.0.2&#8243;][\/et_pb_text][\/et_pb_column][\/et_pb_row][et_pb_row _builder_version=\u00bb4.0.2&#8243;][et_pb_column type=\u00bb4_4&#8243; _builder_version=\u00bb4.0.2&#8243;][et_pb_text admin_label=\u00bbTitulo tutorial\u00bb _builder_version=\u00bb4.0.2&#8243;]<\/p>\n<h4>Tutorial editor micro:bit y Neopixel con Mis Ladrillos.<\/h4>\n<p>[\/et_pb_text][et_pb_text admin_label=\u00bbMensajeI1&#8243; _builder_version=\u00bb4.0.2&#8243;]<\/p>\n<h5>Una vez abierto el editor nos encontraremos con una interfaz como la de la siguiente imagen y haremos click sobre \u00abNuevo Proyecto\u00bb.<\/h5>\n<p>[\/et_pb_text][et_pb_image src=\u00bbhttp:\/\/misladrillos.com\/ml\/wp-content\/uploads\/2020\/12\/microbit0-1.png\u00bb admin_label=\u00bbImagen1&#8243; _builder_version=\u00bb4.0.2&#8243; custom_margin=\u00bb||100px||false|false\u00bb][\/et_pb_image][et_pb_text admin_label=\u00bbMensajeI2&#8243; _builder_version=\u00bb4.0.2&#8243;]<\/p>\n<h5>Le pondremos \u00absemaforo\u00bb como nombre y haremos click sobre \u00abCrear\u00bb.<\/h5>\n<p>[\/et_pb_text][et_pb_image src=\u00bbhttp:\/\/misladrillos.com\/ml\/wp-content\/uploads\/2020\/12\/microbit1-1.png\u00bb admin_label=\u00bbImagen2&#8243; _builder_version=\u00bb4.0.2&#8243; custom_margin=\u00bb||100px||false|false\u00bb][\/et_pb_image][et_pb_text admin_label=\u00bbMensajeI3&#8243; _builder_version=\u00bb4.0.2&#8243;]<\/p>\n<h5>Ya creamos nuestro primer proyecto para micro:bit, veremos una interfaz como la de la siguiente imagen.<\/h5>\n<p>[\/et_pb_text][et_pb_image src=\u00bbhttp:\/\/misladrillos.com\/ml\/wp-content\/uploads\/2020\/12\/microbit2-1.png\u00bb admin_label=\u00bbImagen3&#8243; _builder_version=\u00bb4.0.2&#8243; custom_margin=\u00bb||100px||false|false\u00bb][\/et_pb_image][et_pb_text admin_label=\u00bbMensajeI4&#8243; _builder_version=\u00bb4.0.2&#8243;]<\/p>\n<h5>Ahora deberemos incluir la extensi\u00f3n de Mis Ladrillos para poder utilizar los sensores y actuadores del kit, para ello, deberemos hacer click en el apartado \u00abExtensiones\u00bb de la secci\u00f3n \u00abAvanzado\u00bb.<\/h5>\n<p>[\/et_pb_text][et_pb_image src=\u00bbhttp:\/\/misladrillos.com\/ml\/wp-content\/uploads\/2020\/12\/microbit3-1.png\u00bb admin_label=\u00bbImagen4&#8243; _builder_version=\u00bb4.0.2&#8243; custom_margin=\u00bb||100px||false|false\u00bb][\/et_pb_image][et_pb_text admin_label=\u00bbMensajeI5&#8243; _builder_version=\u00bb4.0.2&#8243;]<\/p>\n<h5>Se abrir\u00e1 el explorador de extensiones, deber\u00eda mostrarse algo similar a la siguiente imagen.<\/h5>\n<p>[\/et_pb_text][et_pb_image src=\u00bbhttp:\/\/misladrillos.com\/ml\/wp-content\/uploads\/2020\/12\/microbit4-1.png\u00bb admin_label=\u00bbImagen5&#8243; _builder_version=\u00bb4.0.2&#8243; custom_margin=\u00bb||100px||false|false\u00bb][\/et_pb_image][et_pb_text admin_label=\u00bbMensajeI6&#8243; _builder_version=\u00bb4.0.2&#8243;]<\/p>\n<h5>En el buscador vamos a ingresar el nombre de la extensi\u00f3n de Mis Ladrillos que se llama \u00abProbot\u00bb. Para encontrar dicha extensi\u00f3n escribiremos \u00abjukoleda\/pxt-probot\u00bb, cuando aparezcan los resultados deberemos hacer click sobre el que dice \u00abprobot\u00bb.<\/h5>\n<p>[\/et_pb_text][et_pb_image src=\u00bbhttp:\/\/misladrillos.com\/ml\/wp-content\/uploads\/2020\/12\/microbit5-1.png\u00bb admin_label=\u00bbImagen6&#8243; _builder_version=\u00bb4.0.2&#8243; custom_margin=\u00bb||100px||false|false\u00bb][\/et_pb_image][et_pb_text admin_label=\u00bbMensajeI7&#8243; _builder_version=\u00bb4.0.2&#8243;]<\/p>\n<h5>Luego de hacer click deber\u00eda volver a llevarnos al editor y deberemos esperar a que se cargue la extensi\u00f3n hasta que aparezca en las secciones de bloques.<\/h5>\n<p>[\/et_pb_text][et_pb_image src=\u00bbhttp:\/\/misladrillos.com\/ml\/wp-content\/uploads\/2020\/12\/microbit6-1.png\u00bb admin_label=\u00bbImagen7&#8243; _builder_version=\u00bb4.0.2&#8243; custom_margin=\u00bb||100px||false|false\u00bb][\/et_pb_image][et_pb_text admin_label=\u00bbMensajeI8&#8243; _builder_version=\u00bb4.0.2&#8243;]<\/p>\n<h5>Para continuar utilizaremos el ladrillo R8 micro:bit, la placa micro:bit y el modulo de 8 leds Neopixel que vienen incluidos dentro del kit.<\/h5>\n<p>[\/et_pb_text][et_pb_image src=\u00bbhttp:\/\/misladrillos.com\/ml\/wp-content\/uploads\/2020\/12\/microbit26.jpg\u00bb admin_label=\u00bbImagen8&#8243; _builder_version=\u00bb4.0.2&#8243; width=\u00bb80%\u00bb max_width=\u00bb80%\u00bb min_height=\u00bb700px\u00bb height=\u00bb750px\u00bb max_height=\u00bb850px\u00bb custom_margin=\u00bb||100px||false|false\u00bb][\/et_pb_image][et_pb_text admin_label=\u00bbMensajeI9&#8243; _builder_version=\u00bb4.0.2&#8243;]<\/p>\n<h5>Continuamos con la construcci\u00f3n del programa, seleccionaremos el bloque que inicializa las funciones de los leds Neopixel.<\/h5>\n<p>[\/et_pb_text][et_pb_image src=\u00bbhttp:\/\/misladrillos.com\/ml\/wp-content\/uploads\/2020\/12\/microbit7-1.png\u00bb admin_label=\u00bbImagen9&#8243; _builder_version=\u00bb4.0.2&#8243; custom_margin=\u00bb||100px||false|false\u00bb][\/et_pb_image][et_pb_text admin_label=\u00bbMensajeI10&#8243; _builder_version=\u00bb4.0.2&#8243;]<\/p>\n<h5>Colocaremos el bloque dentro del bloque \u00abal iniciar\u00bb y mantendremos el uso de la variable con el nombre \u00ableds_neopixel\u00bb.<\/h5>\n<p>[\/et_pb_text][et_pb_image src=\u00bbhttp:\/\/misladrillos.com\/ml\/wp-content\/uploads\/2020\/12\/microbit8-1.png\u00bb admin_label=\u00bbImagen10&#8243; _builder_version=\u00bb4.0.2&#8243; custom_margin=\u00bb||100px||false|false\u00bb][\/et_pb_image][et_pb_text admin_label=\u00bbMensajeI11&#8243; _builder_version=\u00bb4.0.2&#8243;]<\/p>\n<h5>Ahora elegiremos el bloque que nos permite cambiar de color de leds.<\/h5>\n<p>[\/et_pb_text][et_pb_image src=\u00bbhttp:\/\/misladrillos.com\/ml\/wp-content\/uploads\/2020\/12\/microbit9-1.png\u00bb admin_label=\u00bbImagen11&#8243; _builder_version=\u00bb4.0.2&#8243; custom_margin=\u00bb||100px||false|false\u00bb][\/et_pb_image][et_pb_text admin_label=\u00bbMensajeI12&#8243; _builder_version=\u00bb4.0.2&#8243;]<\/p>\n<h5>Colocaremos el bloque dentro del bloque \u00abpara siempre\u00bb y lo duplicaremos 3 veces seleccionando \u00abDuplicar\u00bb luego de hacer click con el bot\u00f3n secundario sobre el bloque o en su defecto volvemos a repetir el proceso de colocar el bloque 3 veces m\u00e1s.<\/h5>\n<p>[\/et_pb_text][et_pb_image src=\u00bbhttp:\/\/misladrillos.com\/ml\/wp-content\/uploads\/2020\/12\/microbit10-1.png\u00bb admin_label=\u00bbImagen12&#8243; _builder_version=\u00bb4.0.2&#8243; custom_margin=\u00bb||100px||false|false\u00bb][\/et_pb_image][et_pb_text admin_label=\u00bbMensajeI13&#8243; _builder_version=\u00bb4.0.2&#8243;]<\/p>\n<h5>Una vez duplicados y colocados dentro de \u00abpara siempre\u00bb, cambiaremos el color a mostrar como indica en la siguiente imagen.<\/h5>\n<p>[\/et_pb_text][et_pb_image src=\u00bbhttp:\/\/misladrillos.com\/ml\/wp-content\/uploads\/2020\/12\/microbit11-1.png\u00bb admin_label=\u00bbImagen13&#8243; _builder_version=\u00bb4.0.2&#8243; custom_margin=\u00bb||100px||false|false\u00bb][\/et_pb_image][et_pb_text admin_label=\u00bbMensajeI14&#8243; _builder_version=\u00bb4.0.2&#8243;]<\/p>\n<h5>Ahora vamos a incluir un bucle para hacer que el sem\u00e1foro tenga una espera de segundos antes de cambiar de color.<\/h5>\n<p>[\/et_pb_text][et_pb_image src=\u00bbhttp:\/\/misladrillos.com\/ml\/wp-content\/uploads\/2020\/12\/microbit12-1.png\u00bb admin_label=\u00bbImagen14&#8243; _builder_version=\u00bb4.0.2&#8243; custom_margin=\u00bb||100px||false|false\u00bb][\/et_pb_image][et_pb_text admin_label=\u00bbMensajeI15&#8243; _builder_version=\u00bb4.0.2&#8243;]<\/p>\n<h5>Colocaremos el bucle dentro de \u00abpara siempre\u00bb debajo del primer bloque que cambia el color.<\/h5>\n<p>[\/et_pb_text][et_pb_image src=\u00bbhttp:\/\/misladrillos.com\/ml\/wp-content\/uploads\/2020\/12\/microbit13-1.png\u00bb admin_label=\u00bbImagen15&#8243; _builder_version=\u00bb4.0.2&#8243; custom_margin=\u00bb||100px||false|false\u00bb][\/et_pb_image][et_pb_text admin_label=\u00bbMensajeI16&#8243; _builder_version=\u00bb4.0.2&#8243;]<\/p>\n<h5>Ahora colocaremos el bloque \u00abmostrar numero\u00bb dentro del bloque del bucle.<\/h5>\n<p>[\/et_pb_text][et_pb_image src=\u00bbhttp:\/\/misladrillos.com\/ml\/wp-content\/uploads\/2020\/12\/microbit14-1.png\u00bb admin_label=\u00bbImagen16&#8243; _builder_version=\u00bb4.0.2&#8243; custom_margin=\u00bb||20px||false|false\u00bb][\/et_pb_image][et_pb_image src=\u00bbhttp:\/\/misladrillos.com\/ml\/wp-content\/uploads\/2020\/12\/microbit15-1.png\u00bb admin_label=\u00bbImagen17&#8243; _builder_version=\u00bb4.0.2&#8243; custom_margin=\u00bb||100px||false|false\u00bb][\/et_pb_image][et_pb_text admin_label=\u00bbMensajeI18&#8243; _builder_version=\u00bb4.0.2&#8243;]<\/p>\n<h5>A continuaci\u00f3n colocaremos una pausa dentro del bucle debajo de \u00abmostrar numero\u00bb, la pausa nos servir\u00e1 para fijar la medida de tiempo.<\/h5>\n<p>[\/et_pb_text][et_pb_image src=\u00bbhttp:\/\/misladrillos.com\/ml\/wp-content\/uploads\/2020\/12\/microbit16-1.png\u00bb admin_label=\u00bbImagen18&#8243; _builder_version=\u00bb4.0.2&#8243; custom_margin=\u00bb||100px||false|false\u00bb][\/et_pb_image][et_pb_text admin_label=\u00bbMensajeI19&#8243; _builder_version=\u00bb4.0.2&#8243;]<\/p>\n<h5>Una vez colocado el bloque en el bucle cambiaremos el valor de la pausa a \u00ab1 segundo\u00bb.<\/h5>\n<p>[\/et_pb_text][et_pb_image src=\u00bbhttp:\/\/misladrillos.com\/ml\/wp-content\/uploads\/2020\/12\/microbit17-1.png\u00bb admin_label=\u00bbImagen19&#8243; _builder_version=\u00bb4.0.2&#8243; custom_margin=\u00bb||100px||false|false\u00bb][\/et_pb_image][et_pb_text admin_label=\u00bbMensajeI20&#8243; _builder_version=\u00bb4.0.2&#8243;]<\/p>\n<h5>Ahora elegiremos una operaci\u00f3n matem\u00e1tica y remplazaremos el valor de mostrar numero por esta operaci\u00f3n como indican las im\u00e1genes.<\/h5>\n<p>[\/et_pb_text][et_pb_image src=\u00bbhttp:\/\/misladrillos.com\/ml\/wp-content\/uploads\/2020\/12\/microbit18-1.png\u00bb admin_label=\u00bbImagen20&#8243; _builder_version=\u00bb4.0.2&#8243; custom_margin=\u00bb||50px||false|false\u00bb][\/et_pb_image][et_pb_image src=\u00bbhttp:\/\/misladrillos.com\/ml\/wp-content\/uploads\/2020\/12\/microbit19-1.png\u00bb admin_label=\u00bbImagen21&#8243; _builder_version=\u00bb4.0.2&#8243; custom_margin=\u00bb||100px||false|false\u00bb][\/et_pb_image][et_pb_text admin_label=\u00bbMensajeI20&#8243; _builder_version=\u00bb4.0.2&#8243;]<\/p>\n<h5>Seleccionamos la variable \u00abindex\u00bb y la colocaremos en la parte derecha de la operaci\u00f3n matem\u00e1tica, en la parte izquierda escribiremos un \u00ab5\u00bb.<\/h5>\n<p>[\/et_pb_text][et_pb_image src=\u00bbhttp:\/\/misladrillos.com\/ml\/wp-content\/uploads\/2020\/12\/microbit20-1.png\u00bb admin_label=\u00bbImagen22&#8243; _builder_version=\u00bb4.0.2&#8243; custom_margin=\u00bb||50px||false|false\u00bb][\/et_pb_image][et_pb_image src=\u00bbhttp:\/\/misladrillos.com\/ml\/wp-content\/uploads\/2020\/12\/microbit21-1.png\u00bb admin_label=\u00bbImagen23&#8243; _builder_version=\u00bb4.0.2&#8243; custom_margin=\u00bb||100px||false|false\u00bb][\/et_pb_image][et_pb_text admin_label=\u00bbMensajeI24&#8243; _builder_version=\u00bb4.0.2&#8243;]<\/p>\n<h5>Ahora duplicaremos 3 veces el bucle que armamos y los colocaremos uno debajo de cada bloque de cambio de color.<\/h5>\n<p>[\/et_pb_text][et_pb_image src=\u00bbhttp:\/\/misladrillos.com\/ml\/wp-content\/uploads\/2020\/12\/microbit22-1.png\u00bb admin_label=\u00bbImagen24&#8243; _builder_version=\u00bb4.0.2&#8243; custom_margin=\u00bb||100px||false|false\u00bb][\/et_pb_image][et_pb_text admin_label=\u00bbMensajeI25&#8243; _builder_version=\u00bb4.0.2&#8243;]<\/p>\n<h5>Finalmente tendremos nuestro programa de sem\u00e1foro que luce as\u00ed.<\/h5>\n<p>[\/et_pb_text][et_pb_image src=\u00bbhttp:\/\/misladrillos.com\/ml\/wp-content\/uploads\/2020\/12\/microbit23-1.png\u00bb admin_label=\u00bbImagen25&#8243; _builder_version=\u00bb4.0.2&#8243; custom_margin=\u00bb||100px||false|false\u00bb][\/et_pb_image][et_pb_text admin_label=\u00bbMensajeI26&#8243; _builder_version=\u00bb4.0.2&#8243;]<\/p>\n<h5>Para continuar deberemos descargar este programa para poder verlo en acci\u00f3n.<\/h5>\n<p>[\/et_pb_text][et_pb_image src=\u00bbhttp:\/\/misladrillos.com\/ml\/wp-content\/uploads\/2020\/12\/microbit24-1.png\u00bb admin_label=\u00bbImagen26&#8243; _builder_version=\u00bb4.0.2&#8243; custom_margin=\u00bb||50px||false|false\u00bb][\/et_pb_image][et_pb_image src=\u00bbhttp:\/\/misladrillos.com\/ml\/wp-content\/uploads\/2020\/12\/microbit25-1.png\u00bb admin_label=\u00bbImagen27&#8243; _builder_version=\u00bb4.0.2&#8243; custom_margin=\u00bb||100px||false|false\u00bb][\/et_pb_image][et_pb_text admin_label=\u00bbMensajeI28&#8243; _builder_version=\u00bb4.0.2&#8243;]<\/p>\n<h5>Ahora ensamblaremos las partes del kit que mencionamos anteriormente. Colocaremos la placa micro:bit emparejando el cero del ladrillo con el de la placa micro:bit.<\/h5>\n<p>[\/et_pb_text][et_pb_image src=\u00bbhttp:\/\/misladrillos.com\/ml\/wp-content\/uploads\/2020\/12\/microbit272-min.jpg\u00bb admin_label=\u00bbImagen28&#8243; _builder_version=\u00bb4.0.2&#8243; width=\u00bb80%\u00bb max_width=\u00bb80%\u00bb min_height=\u00bb700px\u00bb height=\u00bb750px\u00bb max_height=\u00bb850px\u00bb custom_margin=\u00bb||100px||false|false\u00bb][\/et_pb_image][et_pb_text admin_label=\u00bbMensajeI29&#8243; _builder_version=\u00bb4.0.2&#8243;]<\/p>\n<h5>Conectamos los leds Neopixel al ladrillo.<\/h5>\n<p>[\/et_pb_text][et_pb_image src=\u00bbhttp:\/\/misladrillos.com\/ml\/wp-content\/uploads\/2020\/12\/microbit282-min.jpg\u00bb admin_label=\u00bbImagen29&#8243; _builder_version=\u00bb4.0.2&#8243; width=\u00bb80%\u00bb max_width=\u00bb80%\u00bb min_height=\u00bb700px\u00bb height=\u00bb750px\u00bb max_height=\u00bb850px\u00bb custom_margin=\u00bb||100px||false|false\u00bb][\/et_pb_image][et_pb_text admin_label=\u00bbMensajeI30&#8243; _builder_version=\u00bb4.0.2&#8243;]<\/p>\n<h5>Conectaremos el cable micro-usb a la placa micro:bit para poder transferir el programa.<\/h5>\n<p>[\/et_pb_text][et_pb_image src=\u00bbhttp:\/\/misladrillos.com\/ml\/wp-content\/uploads\/2020\/12\/microbit292-min.jpg\u00bb admin_label=\u00bbImagen30&#8243; _builder_version=\u00bb4.0.2&#8243; width=\u00bb80%\u00bb max_width=\u00bb80%\u00bb min_height=\u00bb700px\u00bb height=\u00bb750px\u00bb max_height=\u00bb850px\u00bb custom_margin=\u00bb||100px||false|false\u00bb][\/et_pb_image][et_pb_text admin_label=\u00bbMensajeI31&#8243; _builder_version=\u00bb4.0.2&#8243;]<\/p>\n<h5>Finalmente copiaremos el archivo que descargamos anteriormente desde el editor de bloques hacia la placa micro:bit.<\/h5>\n<p>[\/et_pb_text][et_pb_image src=\u00bbhttp:\/\/misladrillos.com\/ml\/wp-content\/uploads\/2020\/12\/microbit30-1.png\u00bb admin_label=\u00bbImagen31&#8243; _builder_version=\u00bb4.0.2&#8243; custom_margin=\u00bb||50px||false|false\u00bb][\/et_pb_image][et_pb_text admin_label=\u00bbMensajeI31&#8243; _builder_version=\u00bb4.0.2&#8243;]<\/p>\n<h5>De esta manera hemos finalizado el asistente inicial habiendo programado nuestra placa micro:bit para funcionar como sem\u00e1foro.<\/h5>\n<p>[\/et_pb_text][\/et_pb_column][\/et_pb_row][et_pb_row column_structure=\u00bb1_3,1_3,1_3&#8243; _builder_version=\u00bb4.0.2&#8243;][et_pb_column type=\u00bb1_3&#8243; _builder_version=\u00bb4.0.2&#8243;][\/et_pb_column][et_pb_column type=\u00bb1_3&#8243; _builder_version=\u00bb4.0.2&#8243;][\/et_pb_column][et_pb_column type=\u00bb1_3&#8243; _builder_version=\u00bb4.0.2&#8243;][\/et_pb_column][\/et_pb_row][\/et_pb_section]<\/p>\n","protected":false},"excerpt":{"rendered":"<p>[et_pb_section fb_built=\u00bb1&#8243; _builder_version=\u00bb4.0.2&#8243;][et_pb_row _builder_version=\u00bb4.0.2&#8243;][et_pb_column type=\u00bb4_4&#8243; _builder_version=\u00bb4.0.2&#8243;][et_pb_text admin_label=\u00bbEspacio vacio\u00bb _builder_version=\u00bb4.0.2&#8243;][\/et_pb_text][et_pb_post_title _builder_version=\u00bb4.0.2&#8243;][\/et_pb_post_title][et_pb_text admin_label=\u00bbEspacio vacio\u00bb _builder_version=\u00bb4.0.2&#8243;][\/et_pb_text][\/et_pb_column][\/et_pb_row][et_pb_row _builder_version=\u00bb4.0.2&#8243;][et_pb_column type=\u00bb4_4&#8243; _builder_version=\u00bb4.0.2&#8243;][et_pb_text admin_label=\u00bbMensaje0&#8243; _builder_version=\u00bb4.0.2&#8243; text_orientation=\u00bbjustified\u00bb]Gracias por elegir este producto de Mis Ladrillos. En esta pagina usted encontrar\u00e1 lo necesario para poner en acci\u00f3n el kit R-503 Microbit.[\/et_pb_text][et_pb_text admin_label=\u00bbMensaje1&#8243; _builder_version=\u00bb4.0.2&#8243; text_orientation=\u00bbjustified\u00bb link_option_url_new_window=\u00bbon\u00bb]Si desea una gu\u00eda sencilla sobre el uso del editor de [&hellip;]<\/p>\n","protected":false},"author":9,"featured_media":0,"parent":0,"menu_order":0,"comment_status":"closed","ping_status":"closed","template":"","meta":{"_et_pb_use_builder":"on","_et_pb_old_content":"","_joinchat":[]},"_links":{"self":[{"href":"https:\/\/misladrillos.com\/ml\/wp-json\/wp\/v2\/pages\/2301"}],"collection":[{"href":"https:\/\/misladrillos.com\/ml\/wp-json\/wp\/v2\/pages"}],"about":[{"href":"https:\/\/misladrillos.com\/ml\/wp-json\/wp\/v2\/types\/page"}],"author":[{"embeddable":true,"href":"https:\/\/misladrillos.com\/ml\/wp-json\/wp\/v2\/users\/9"}],"replies":[{"embeddable":true,"href":"https:\/\/misladrillos.com\/ml\/wp-json\/wp\/v2\/comments?post=2301"}],"version-history":[{"count":110,"href":"https:\/\/misladrillos.com\/ml\/wp-json\/wp\/v2\/pages\/2301\/revisions"}],"predecessor-version":[{"id":2501,"href":"https:\/\/misladrillos.com\/ml\/wp-json\/wp\/v2\/pages\/2301\/revisions\/2501"}],"wp:attachment":[{"href":"https:\/\/misladrillos.com\/ml\/wp-json\/wp\/v2\/media?parent=2301"}],"curies":[{"name":"wp","href":"https:\/\/api.w.org\/{rel}","templated":true}]}}