{"id":1429,"date":"2019-11-29T20:52:42","date_gmt":"2019-11-29T20:52:42","guid":{"rendered":"http:\/\/misladrillos.com\/ml\/?page_id=1429"},"modified":"2019-12-02T19:55:08","modified_gmt":"2019-12-02T19:55:08","slug":"r500-control-remoto","status":"publish","type":"page","link":"https:\/\/misladrillos.com\/ml\/r500-control-remoto\/","title":{"rendered":"R500 Control remoto"},"content":{"rendered":"<p>[et_pb_section fb_built=\u00bb1&#8243; _builder_version=\u00bb4.0.2&#8243; background_color=\u00bb#ffbc51&#8243; custom_padding=\u00bb||0px||false|false\u00bb][et_pb_row disabled_on=\u00bbon|off|off\u00bb module_class=\u00bbintro-inicial\u00bb _builder_version=\u00bb4.0.2&#8243; background_image=\u00bbhttp:\/\/misladrillos.com\/ml\/wp-content\/uploads\/2019\/10\/intro-inicial.jpg\u00bb background_size=\u00bbcontain\u00bb width=\u00bb90%\u00bb][et_pb_column type=\u00bb4_4&#8243; _builder_version=\u00bb4.0.2&#8243;][et_pb_code admin_label=\u00bbINTRO\u00bb _builder_version=\u00bb4.0.2&#8243;]<\/p>\n<div class=\"inicial-box\"><!-- [et_pb_line_break_holder] -->\t<\/p>\n<div class=\"pest\"><!-- [et_pb_line_break_holder] -->\t\t<img decoding=\"async\" src=\"http:\/\/misladrillos.com\/ml\/wp-content\/uploads\/2019\/10\/pesta\u00f1a.png\" alt=\"\" class=\"inicial-pestana\"><!-- [et_pb_line_break_holder] -->\t\t<\/p>\n<h3>Nivel INICIAL<\/h3>\n<p><!-- [et_pb_line_break_holder] -->\t<\/div>\n<p>\t<!-- [et_pb_line_break_holder] -->\t<img decoding=\"async\" src=\"http:\/\/misladrillos.com\/ml\/wp-content\/uploads\/2019\/10\/arduino.png\" alt=\"\" class=\"arduino-pestana\"><!-- [et_pb_line_break_holder] -->\t<\/p>\n<h2>CONOC\u00c9 LOS KITS<\/h2>\n<p><!-- [et_pb_line_break_holder] -->\t<\/p>\n<p>De esta etapa:<\/p>\n<p><!-- [et_pb_line_break_holder] --><\/div>\n<p><!-- [et_pb_line_break_holder] --><a href=\"http:\/\/misladrillos.com\/ml\/kinder-bot\/\" class=\"link-kinder-bot\"><\/a><!-- [et_pb_line_break_holder] --><a href=\"http:\/\/misladrillos.com\/ml\/r500\/\" class=\"link-quin\"><\/a>[\/et_pb_code][\/et_pb_column][\/et_pb_row][et_pb_row disabled_on=\u00bboff|on|on\u00bb _builder_version=\u00bb4.0.2&#8243; background_image=\u00bbhttp:\/\/misladrillos.com\/ml\/wp-content\/uploads\/2019\/10\/back001.jpg\u00bb width=\u00bb90%\u00bb custom_margin=\u00bb0px||0px||false|false\u00bb custom_padding=\u00bb0px||0px||false|false\u00bb][et_pb_column type=\u00bb4_4&#8243; _builder_version=\u00bb4.0.2&#8243;][et_pb_code admin_label=\u00bbINTRO\u00bb _builder_version=\u00bb4.0.2&#8243;]<\/p>\n<div class=\"inicial-box\"><!-- [et_pb_line_break_holder] -->\t<\/p>\n<div class=\"pest\"><!-- [et_pb_line_break_holder] -->\t\t<img decoding=\"async\" src=\"http:\/\/misladrillos.com\/ml\/wp-content\/uploads\/2019\/10\/pesta\u00f1a.png\" alt=\"\" class=\"inicial-pestana\"><!-- [et_pb_line_break_holder] -->\t\t<\/p>\n<h3>Nivel INICIAL<\/h3>\n<p><!-- [et_pb_line_break_holder] -->\t<\/div>\n<p>\t<!-- [et_pb_line_break_holder] -->\t<img decoding=\"async\" src=\"http:\/\/misladrillos.com\/ml\/wp-content\/uploads\/2019\/10\/arduino.png\" alt=\"\" class=\"arduino-pestana\"><!-- [et_pb_line_break_holder] -->\t<\/p>\n<h2>CONOC\u00c9 LOS KITS<\/h2>\n<p><!-- [et_pb_line_break_holder] -->\t<\/p>\n<p>De esta etapa:<\/p>\n<p><!-- [et_pb_line_break_holder] --><\/div>\n<p><!-- [et_pb_line_break_holder] --><a href=\"http:\/\/misladrillos.com\/ml\/kinder-bot\/\" class=\"link-kinder-bot\"><\/a><!-- [et_pb_line_break_holder] --><a href=\"http:\/\/misladrillos.com\/ml\/r500\/\" class=\"link-quin\"><\/a>[\/et_pb_code][et_pb_image src=\u00bbhttp:\/\/misladrillos.com\/ml\/wp-content\/uploads\/2019\/10\/kits-img.jpg\u00bb align=\u00bbcenter\u00bb force_fullwidth=\u00bbon\u00bb _builder_version=\u00bb4.0.2&#8243;][\/et_pb_image][\/et_pb_column][\/et_pb_row][\/et_pb_section][et_pb_section fb_built=\u00bb1&#8243; _builder_version=\u00bb4.0.2&#8243; background_color=\u00bb#ffbc51&#8243; custom_margin=\u00bb20px||||false|false\u00bb][et_pb_row column_structure=\u00bb2_5,3_5&#8243; _builder_version=\u00bb4.0.2&#8243; background_color=\u00bb#ffffff\u00bb width=\u00bb90%\u00bb custom_padding=\u00bb||60px||false|false\u00bb][et_pb_column type=\u00bb2_5&#8243; module_class=\u00bbcol1-bots\u00bb _builder_version=\u00bb4.0.2&#8243;][et_pb_text admin_label=\u00bbR500&#8243; _builder_version=\u00bb4.0.2&#8243; custom_margin=\u00bb||0px||false|false\u00bb custom_padding=\u00bb||0px||false|false\u00bb]<\/p>\n<h2 class=\"titulo-r\">R<span>500<\/span><\/h2>\n<p>[\/et_pb_text][et_pb_image src=\u00bbhttp:\/\/misladrillos.com\/ml\/wp-content\/uploads\/2019\/10\/maker.jpg\u00bb disabled_on=\u00bboff|off|off\u00bb module_class=\u00bbimg-maker1&#8243; _builder_version=\u00bb4.0.2&#8243; custom_margin=\u00bb||0px||false|false\u00bb][\/et_pb_image][et_pb_image src=\u00bbhttp:\/\/misladrillos.com\/ml\/wp-content\/uploads\/2019\/12\/botones-control-remoto-izq.jpg\u00bb url_new_window=\u00bbon\u00bb align=\u00bbcenter\u00bb src_last_edited=\u00bboff|desktop\u00bb disabled_on=\u00bboff|off|off\u00bb module_class=\u00bbactividad-img-sidebar\u00bb _builder_version=\u00bb4.0.2&#8243; custom_margin=\u00bb||||false|false\u00bb custom_padding=\u00bb35px||||false|false\u00bb src__hover_enabled=\u00bboff|desktop\u00bb][\/et_pb_image][\/et_pb_column][et_pb_column type=\u00bb3_5&#8243; module_class=\u00bbcol2-bots\u00bb _builder_version=\u00bb4.0.2&#8243;][et_pb_image src=\u00bbhttp:\/\/misladrillos.com\/ml\/wp-content\/uploads\/2019\/10\/r500.jpg\u00bb _builder_version=\u00bb4.0.2&#8243; custom_margin=\u00bb||0px||false|false\u00bb][\/et_pb_image][et_pb_text admin_label=\u00bbKit de rob\u00f3tica educativa homologado\u00bb module_class=\u00bbkit-texto-4&#8243; _builder_version=\u00bb4.0.2&#8243;]Kit de rob\u00f3tica educativa homologado por el Gobierno de la Provincia de Buenos Aires.<br \/>\nM\u00e1s de 500 piezas entre componentes estructurales,sensores y actuadores.[\/et_pb_text][et_pb_image src=\u00bbhttp:\/\/misladrillos.com\/ml\/wp-content\/uploads\/2019\/10\/provincia1.jpg\u00bb _builder_version=\u00bb4.0.2&#8243;][\/et_pb_image][et_pb_image src=\u00bbhttp:\/\/misladrillos.com\/ml\/wp-content\/uploads\/2019\/12\/botones-control-remoto-der.jpg\u00bb disabled_on=\u00bboff|off|off\u00bb _builder_version=\u00bb4.0.2&#8243;][\/et_pb_image][et_pb_text disabled_on=\u00bbon|on|on\u00bb module_class=\u00bbtextos-kits\u00bb _builder_version=\u00bb4.0.2&#8243; disabled=\u00bbon\u00bb]<strong>LA PROPUESTA PEDAG\u00d3GICA<\/strong><\/p>\n<p>El kit tiene como objetivo trabajar con los chicos en los conceptos fundamentales de tecnolog\u00eda y rob\u00f3tica. Las propuestas did\u00e1cticas ponen foco en los aspectos constructivos, mec\u00e1nicos y l\u00f3gicos de los robots, aplicando el nuevo concepto STEAM (Ciencia, Tecnolog\u00eda, Ingenier\u00eda, Arte, Matem\u00e1ticas) en la ense\u00f1anza de las distintas disciplinas. <\/p>\n<p>Adem\u00e1s, se propone una metodolog\u00eda de aula taller que permite desarrollar habilidades fundamentales para el siglo XXI, como el trabajo en equipo, la definici\u00f3n de roles y responsabilidades, el respeto por el otro, la capacidad de experimentaci\u00f3n, el error como elemento de aprendizaje, la presentaci\u00f3n oral y otras. <\/p>\n<p>Es fruto de nuestra experiencia de m\u00e1s de quince a\u00f1os en la inserci\u00f3n de tecnolog\u00eda con material concreto en las aulas de todos los niveles, tanto en el \u00e1rea de tecnolog\u00eda como en forma transversal a todas las disciplinas. Esta presentaci\u00f3n hace un breve recorrido sobre las bases de nuestra propuesta, con el objeto de establecer un punto de partida para trabajar en conjunto para un dise\u00f1o com\u00fan que tenga en cuenta las caracter\u00edsticas espec\u00edficas y heterog\u00e9neas de las aulas de toda la regi\u00f3n. De nada sirve la experiencia pasada si no es capaz de contemplar las ricas diferencias que encontramos no s\u00f3lo en los diversos espacios culturales, sino tambi\u00e9n en los momentos educativos de su aplicaci\u00f3n. <\/p>\n<p>Nuestra propuesta contempla todos los aspectos necesarios para una implementaci\u00f3n integral, sostenido en tres pilares: <\/p>\n<p><strong>Los kits <\/strong><br \/>\n<strong>La capacitaci\u00f3n <\/strong><br \/>\n<strong>La propuesta pedag\u00f3gica<\/strong> que cuenta con una metodolog\u00eda para su uso en el aula, propuestas de actividades y acompa\u00f1amiento pedag\u00f3gico y t\u00e9cnico. <\/p>\n<p>Por \u00faltimo, entendemos que esta experiencia tambi\u00e9n permite vincular a los estudiantes a los nuevos paradigmas de nuestra sociedad, de una manera l\u00fadica y desafiante. En un mundo que cambia todos los d\u00edas atravesado por las nuevas tecnolog\u00edas, es nuestra responsabilidad formar a nuestros estudiantes de manera integral para estos nuevos desaf\u00edos.<\/p>\n<p><strong>EL KIT<\/strong><\/p>\n<p>El Kit de rob\u00f3tica educativa est\u00e1 formado por un conjunto de piezas de Mis Ladrillos compatibles con toda la l\u00ednea de productos de la empresa, a los cuales se suma el motor inteligente denominado QX-4000, el control remoto infrarrojo, programable, que lo comanda, adem\u00e1s de piezas especiales para transmisi\u00f3n de movimientos.<\/p>\n<p><strong>QX-4000 el motor inteligente<\/strong><\/p>\n<p>El motor inteligente QX-4000 tiene incorporado un led indicador y un sensor infrarrojo que capta las se\u00f1ales del control remoto provisto as\u00ed como de un control remoto universal como los utilizados en electrodom\u00e9sticos. Esto le otorga la versatilidad de poder ser comandado por m\u00e1s de un dispositivo.<\/p>\n<p>El receptor infrarrojo se ubica en un bloque independiente del motor permitiendo as\u00ed ser posicionado de manera de optimizar la recepci\u00f3n de la se\u00f1al. De esta forma tambi\u00e9n se favorece la visibilidad del led indicador con el que este cuenta.<\/p>\n<p><strong>Las piezas especiales<\/strong><\/p>\n<p>Adem\u00e1s de las piezas est\u00e1ndar de Mis Ladrillos, el kit incluye piezas especiales: ruedas de diversos tama\u00f1os, engranajes de distintas medidas, ejes met\u00e1licos, ejes pl\u00e1sticos, bujes, exc\u00e9ntricos, ejes que se traban en el buje, llantas, bandas el\u00e1sticas de transmisi\u00f3n, poleas, orugas que tambi\u00e9n pueden utilizarse como correas y otros. <\/p>\n<p>Los motores cuentan con un poderoso reductor de engranajes de nylon de alta durabilidad. La bater\u00eda recargable de 5V cuenta con el mismo conector usb que se utiliza en la recarga de celulares. Esta bater\u00eda tiene la caracter\u00edstica de mantener la misma entrega de corriente en todo su ciclo, a pesar de estar recarg\u00e1ndose. Eso mejora la vida \u00fatil de los componentes (principalmente de los motores) y asegura un funcionamiento parejo del robot en todas las circunstancias. No ocurre de la misma manera en kits que trabajen con pilas alcalinas, que a medida que se descargan, tienen como consecuencia la degradaci\u00f3n del funcionamiento del dispositivo.<\/p>\n<p><strong>Las actividades<\/strong><\/p>\n<p>Este kit est\u00e1 dirigido a estudiantes de 5 a\u00f1os en adelante, edad en la cual los ni\u00f1os obtienen el desarrollo cognitivo necesario para comprender los conceptos b\u00e1sicos de la rob\u00f3tica, comenzando por los relacionados a la mec\u00e1nica y transmisi\u00f3n, y avanzando luego en aspectos de electr\u00f3nica, motorizaci\u00f3n, sensado y programaci\u00f3n. <\/p>\n<p>El pensamiento puede desprenderse de materiales o situaciones concretas, apareciendo la posibilidad de operar sobre proposiciones l\u00f3gicas de manera abstracta, debiendo haber adquirido ya reversibilidad en las operaciones matem\u00e1ticas y las nociones de conservaci\u00f3n por completo. <\/p>\n<p>En esta etapa ya se ha adquirido completamente la posibilidad de utilizar razonamiento hipot\u00e9tico-deductivo.<\/p>\n<p><strong>El kit de expansi\u00f3n<\/strong><\/p>\n<p>Siempre ser\u00e1 posible expandir la cantidad de piezas tanto para reponer eventuales p\u00e9rdidas como para generar a\u00fan m\u00e1s alternativas de juegos y actividades para los chicos. Nuestros kits de expansi\u00f3n incluso pueden ser personalizados de acuerdo a las distintas necesides que cada grupo escolar pueda presentar.[\/et_pb_text][et_pb_text disabled_on=\u00bbon|on|on\u00bb admin_label=\u00bbcontrolREMOTO\u00bb _builder_version=\u00bb4.0.2&#8243; disabled=\u00bbon\u00bb]<\/p>\n<h3 class=\"titulo-bot2\">controlREMOTO<\/h3>\n<p>[\/et_pb_text][\/et_pb_column][\/et_pb_row][et_pb_row disabled_on=\u00bbon|on|on\u00bb _builder_version=\u00bb4.0.2&#8243; background_color=\u00bb#ffffff\u00bb width=\u00bb90%\u00bb custom_margin=\u00bb0px||||false|false\u00bb custom_padding=\u00bb||0px||false|false\u00bb disabled=\u00bbon\u00bb][et_pb_column type=\u00bb4_4&#8243; module_class=\u00bbcol1-bots\u00bb _builder_version=\u00bb4.0.2&#8243;][et_pb_image src=\u00bbhttp:\/\/misladrillos.com\/ml\/wp-content\/uploads\/2019\/12\/botones-control-remoto.jpg\u00bb disabled_on=\u00bbon|on|on\u00bb _builder_version=\u00bb4.0.2&#8243; disabled=\u00bbon\u00bb][\/et_pb_image][\/et_pb_column][\/et_pb_row][et_pb_row disabled_on=\u00bbon|on|on\u00bb _builder_version=\u00bb4.0.2&#8243; disabled=\u00bbon\u00bb][et_pb_column type=\u00bb4_4&#8243; _builder_version=\u00bb4.0.2&#8243;][\/et_pb_column][\/et_pb_row][\/et_pb_section]<\/p>\n","protected":false},"excerpt":{"rendered":"<p>[et_pb_section fb_built=\u00bb1&#8243; _builder_version=\u00bb4.0.2&#8243; background_color=\u00bb#ffbc51&#8243; custom_padding=\u00bb||0px||false|false\u00bb][et_pb_row disabled_on=\u00bbon|off|off\u00bb module_class=\u00bbintro-inicial\u00bb _builder_version=\u00bb4.0.2&#8243; background_image=\u00bbhttp:\/\/misladrillos.com\/ml\/wp-content\/uploads\/2019\/10\/intro-inicial.jpg\u00bb background_size=\u00bbcontain\u00bb width=\u00bb90%\u00bb][et_pb_column type=\u00bb4_4&#8243; _builder_version=\u00bb4.0.2&#8243;][et_pb_code admin_label=\u00bbINTRO\u00bb _builder_version=\u00bb4.0.2&#8243;] Nivel INICIAL CONOC\u00c9 LOS KITS De esta etapa: [\/et_pb_code][\/et_pb_column][\/et_pb_row][et_pb_row disabled_on=\u00bboff|on|on\u00bb _builder_version=\u00bb4.0.2&#8243; background_image=\u00bbhttp:\/\/misladrillos.com\/ml\/wp-content\/uploads\/2019\/10\/back001.jpg\u00bb width=\u00bb90%\u00bb custom_margin=\u00bb0px||0px||false|false\u00bb custom_padding=\u00bb0px||0px||false|false\u00bb][et_pb_column type=\u00bb4_4&#8243; _builder_version=\u00bb4.0.2&#8243;][et_pb_code admin_label=\u00bbINTRO\u00bb _builder_version=\u00bb4.0.2&#8243;] Nivel INICIAL CONOC\u00c9 LOS KITS De esta etapa: [\/et_pb_code][et_pb_image src=\u00bbhttp:\/\/misladrillos.com\/ml\/wp-content\/uploads\/2019\/10\/kits-img.jpg\u00bb align=\u00bbcenter\u00bb force_fullwidth=\u00bbon\u00bb _builder_version=\u00bb4.0.2&#8243;][\/et_pb_image][\/et_pb_column][\/et_pb_row][\/et_pb_section][et_pb_section fb_built=\u00bb1&#8243; _builder_version=\u00bb4.0.2&#8243; background_color=\u00bb#ffbc51&#8243; custom_margin=\u00bb20px||||false|false\u00bb][et_pb_row column_structure=\u00bb2_5,3_5&#8243; _builder_version=\u00bb4.0.2&#8243; background_color=\u00bb#ffffff\u00bb width=\u00bb90%\u00bb [&hellip;]<\/p>\n","protected":false},"author":2,"featured_media":0,"parent":0,"menu_order":0,"comment_status":"closed","ping_status":"closed","template":"","meta":{"_et_pb_use_builder":"on","_et_pb_old_content":"","_joinchat":[]},"_links":{"self":[{"href":"https:\/\/misladrillos.com\/ml\/wp-json\/wp\/v2\/pages\/1429"}],"collection":[{"href":"https:\/\/misladrillos.com\/ml\/wp-json\/wp\/v2\/pages"}],"about":[{"href":"https:\/\/misladrillos.com\/ml\/wp-json\/wp\/v2\/types\/page"}],"author":[{"embeddable":true,"href":"https:\/\/misladrillos.com\/ml\/wp-json\/wp\/v2\/users\/2"}],"replies":[{"embeddable":true,"href":"https:\/\/misladrillos.com\/ml\/wp-json\/wp\/v2\/comments?post=1429"}],"version-history":[{"count":27,"href":"https:\/\/misladrillos.com\/ml\/wp-json\/wp\/v2\/pages\/1429\/revisions"}],"predecessor-version":[{"id":1499,"href":"https:\/\/misladrillos.com\/ml\/wp-json\/wp\/v2\/pages\/1429\/revisions\/1499"}],"wp:attachment":[{"href":"https:\/\/misladrillos.com\/ml\/wp-json\/wp\/v2\/media?parent=1429"}],"curies":[{"name":"wp","href":"https:\/\/api.w.org\/{rel}","templated":true}]}}