{"id":1208,"date":"2019-11-25T21:22:32","date_gmt":"2019-11-25T21:22:32","guid":{"rendered":"http:\/\/misladrillos.com\/ml\/?page_id=1208"},"modified":"2019-11-26T13:08:35","modified_gmt":"2019-11-26T13:08:35","slug":"sensor-de-lluvia","status":"publish","type":"page","link":"https:\/\/misladrillos.com\/ml\/sensor-de-lluvia\/","title":{"rendered":"Sensor de lluvia"},"content":{"rendered":"<p>[et_pb_section fb_built=\u00bb1&#8243; _builder_version=\u00bb4.0.2&#8243;][et_pb_row column_structure=\u00bb1_2,1_2&#8243; _builder_version=\u00bb4.0.2&#8243;][et_pb_column type=\u00bb1_2&#8243; _builder_version=\u00bb4.0.2&#8243;][et_pb_image src=\u00bbhttp:\/\/misladrillos.com\/ml\/wp-content\/uploads\/2019\/11\/sensor-lluvia-2019-2.jpg\u00bb _builder_version=\u00bb4.0.2&#8243; custom_margin=\u00bb0px||||false|false\u00bb][\/et_pb_image][\/et_pb_column][et_pb_column type=\u00bb1_2&#8243; _builder_version=\u00bb4.0.2&#8243;][et_pb_text _builder_version=\u00bb4.0.2&#8243; custom_padding=\u00bb10px||||false|false\u00bb]<\/p>\n<p>El <strong>sensor de lluvia<\/strong> puede ser considerado como un m\u00f3dulo debido a que est\u00e1 conformado por dos partes. La primera es la sonda en forma rectangular, la cual se coloca donde pueda recibir lluvia, la otra parte es el m\u00f3dulo que se encarga de recibir los datos del sensor para despu\u00e9s transmitirlos en su salida digital.<br \/>Gracias al potenci\u00f3metro de precisi\u00f3n que el m\u00f3dulo posee se puede regular la se\u00f1al que se env\u00eda en la salida. Es decir, con el potenci\u00f3metro (tornillo sobre la placa) se regula el umbral de humedad con el que uno quiere que se active el sensor y se env\u00ede la se\u00f1al.<br \/>A medida que el sensor va detectando cambios en el nivel de lluvia el valor de la salida anal\u00f3gica ir\u00e1 variando. Estos valores pueden oscilar entre 0 y 1023. Lo cual puede ser de utilidad a la hora de definir un valor preciso en el cual realizar alguna actividad determinada.<\/p>\n<p><iframe loading=\"lazy\" title=\"Sensores - Lluvia\" width=\"1080\" height=\"608\" src=\"https:\/\/www.youtube.com\/embed\/WBLMqQvsBTw?feature=oembed\" frameborder=\"0\" allow=\"accelerometer; autoplay; encrypted-media; gyroscope; picture-in-picture\" allowfullscreen><\/iframe><\/p>\n<p>[\/et_pb_text][\/et_pb_column][\/et_pb_row][\/et_pb_section]<\/p>\n","protected":false},"excerpt":{"rendered":"<p>[et_pb_section fb_built=\u00bb1&#8243; _builder_version=\u00bb4.0.2&#8243;][et_pb_row column_structure=\u00bb1_2,1_2&#8243; _builder_version=\u00bb4.0.2&#8243;][et_pb_column type=\u00bb1_2&#8243; _builder_version=\u00bb4.0.2&#8243;][et_pb_image src=\u00bbhttp:\/\/misladrillos.com\/ml\/wp-content\/uploads\/2019\/11\/sensor-lluvia-2019-2.jpg\u00bb _builder_version=\u00bb4.0.2&#8243; custom_margin=\u00bb0px||||false|false\u00bb][\/et_pb_image][\/et_pb_column][et_pb_column type=\u00bb1_2&#8243; _builder_version=\u00bb4.0.2&#8243;][et_pb_text _builder_version=\u00bb4.0.2&#8243; custom_padding=\u00bb10px||||false|false\u00bb] El sensor de lluvia puede ser considerado como un m\u00f3dulo debido a que est\u00e1 conformado por dos partes. La primera es la sonda en forma rectangular, la cual se coloca donde pueda recibir lluvia, la otra parte es el m\u00f3dulo que [&hellip;]<\/p>\n","protected":false},"author":2,"featured_media":0,"parent":0,"menu_order":0,"comment_status":"closed","ping_status":"closed","template":"","meta":{"_et_pb_use_builder":"on","_et_pb_old_content":"","_joinchat":[]},"_links":{"self":[{"href":"https:\/\/misladrillos.com\/ml\/wp-json\/wp\/v2\/pages\/1208"}],"collection":[{"href":"https:\/\/misladrillos.com\/ml\/wp-json\/wp\/v2\/pages"}],"about":[{"href":"https:\/\/misladrillos.com\/ml\/wp-json\/wp\/v2\/types\/page"}],"author":[{"embeddable":true,"href":"https:\/\/misladrillos.com\/ml\/wp-json\/wp\/v2\/users\/2"}],"replies":[{"embeddable":true,"href":"https:\/\/misladrillos.com\/ml\/wp-json\/wp\/v2\/comments?post=1208"}],"version-history":[{"count":10,"href":"https:\/\/misladrillos.com\/ml\/wp-json\/wp\/v2\/pages\/1208\/revisions"}],"predecessor-version":[{"id":1232,"href":"https:\/\/misladrillos.com\/ml\/wp-json\/wp\/v2\/pages\/1208\/revisions\/1232"}],"wp:attachment":[{"href":"https:\/\/misladrillos.com\/ml\/wp-json\/wp\/v2\/media?parent=1208"}],"curies":[{"name":"wp","href":"https:\/\/api.w.org\/{rel}","templated":true}]}}